{"id":5591,"date":"2024-08-13T17:55:44","date_gmt":"2024-08-13T15:55:44","guid":{"rendered":"https:\/\/www.lechemindetraverse.com\/?post_type=product&#038;p=5591"},"modified":"2024-10-02T21:58:58","modified_gmt":"2024-10-02T19:58:58","slug":"livre-harry-potter-and-the-philosophers-stone-softcover-bloomsbury-6","status":"publish","type":"product","link":"https:\/\/www.lechemindetraverse.com\/en\/product\/librairie-fleury-et-bott\/romans-harry-potter\/livre-harry-potter-and-the-philosophers-stone-softcover-bloomsbury-6\/","title":{"rendered":"Livre Harry Potter and the Philosopher&rsquo;s Stone Softcover &#8211; Bloomsbury 6"},"content":{"rendered":"<p>Version anglaise du livre Harry Potter \u00e0 l&rsquo;Ecole des Sorciers. Le premier tome de la saga, dans une \u00e9dition ancienne en version souple ! Il est ici dans sa 11\u00e8me impression, vers 2008, car tous les livres \u00e9taient alors sortis.<\/p><p>Livre d&rsquo;occasion, publi\u00e9 par Bloomsbury en Angleterre. Compl\u00e9tez votre collection Harry Potter et votre biblioth\u00e8que magique avec les \u00e9ditions originales en anglais.<\/p><p>Fait amusant : sur la couverture Harry a d\u00e9j\u00e0 une \u00e9charpe Gryffondor devant le Poudlard Express, alors qu&rsquo;il ne sait pas encore dans quelle maison il sera \u00e0 ce moment l\u00e0 !<\/p><h4 class=\"wp-block-heading\">Caract\u00e9ristiques :<\/h4><ul class=\"wp-block-list\"><li>Edition de 2001, assez large pour une version poche.<\/li>\n\n<li>11\u00e8me impression<\/li>\n\n<li>223 pages<\/li>\n\n<li>Ann\u00e9e de publication : 2008 environ<\/li>\n\n<li>Couverture souple (paperback \/ softcover)<\/li>\n\n<li>Etat : marques de stylo sur les couvertures et \u00e0 l&rsquo;int\u00e9rieur (mais pas trop sur le texte), quelques pages corn\u00e9es, tranches jaunies (voir photos compl\u00e9mentaires).<\/li>\n\n<li>Le livre que vous voyez en photos est bien le livre que vous recevrez. j&rsquo;essaye de d\u00e9crire son \u00e9tat du mieux que je peux, mais l&rsquo;erreur est humaine, j&rsquo;ai pu oublier un d\u00e9tail. Ne manquez pas de me pr\u00e9venir le cas \u00e9ch\u00e9ant ! Les autres accessoires pr\u00e9sent\u00e9s sont vendus s\u00e9par\u00e9ment.<\/li><\/ul>","protected":false},"excerpt":{"rendered":"<p>Livre Harry Potter \u00e0 l&rsquo;Ecole des Sorciers en version anglaise collector !<\/p>\n<p>Mauvais \u00e9tat mais encore lisible, voir d\u00e9tails ci-dessous.<\/p>\n<p>ISBN 0-7475-5819-1<\/p>","protected":false},"featured_media":5592,"comment_status":"open","ping_status":"closed","template":"","meta":{"_seopress_robots_primary_cat":"none","_seopress_titles_title":"%%post_title%% %%sep%% %%sitetitle%%","_seopress_titles_desc":"Livre Harry Potter \u00e0 l'Ecole des Sorciers en version anglaise collector ! Livre d'occasion, voir description compl\u00e8te pour \u00e9tat. Ancienne \u00e9dition Bloomsbury !","_seopress_robots_index":""},"product_brand":[179],"product_cat":[173],"product_tag":[],"class_list":{"0":"post-5591","1":"product","2":"type-product","3":"status-publish","4":"has-post-thumbnail","6":"product_brand-bloomsbury","7":"product_cat-romans-harry-potter","9":"first","10":"instock","11":"shipping-taxable","12":"purchasable","13":"product-type-simple"},"_links":{"self":[{"href":"https:\/\/www.lechemindetraverse.com\/en\/wp-json\/wp\/v2\/product\/5591","targetHints":{"allow":["GET"]}}],"collection":[{"href":"https:\/\/www.lechemindetraverse.com\/en\/wp-json\/wp\/v2\/product"}],"about":[{"href":"https:\/\/www.lechemindetraverse.com\/en\/wp-json\/wp\/v2\/types\/product"}],"replies":[{"embeddable":true,"href":"https:\/\/www.lechemindetraverse.com\/en\/wp-json\/wp\/v2\/comments?post=5591"}],"wp:featuredmedia":[{"embeddable":true,"href":"https:\/\/www.lechemindetraverse.com\/en\/wp-json\/wp\/v2\/media\/5592"}],"wp:attachment":[{"href":"https:\/\/www.lechemindetraverse.com\/en\/wp-json\/wp\/v2\/media?parent=5591"}],"wp:term":[{"taxonomy":"product_brand","embeddable":true,"href":"https:\/\/www.lechemindetraverse.com\/en\/wp-json\/wp\/v2\/product_brand?post=5591"},{"taxonomy":"product_cat","embeddable":true,"href":"https:\/\/www.lechemindetraverse.com\/en\/wp-json\/wp\/v2\/product_cat?post=5591"},{"taxonomy":"product_tag","embeddable":true,"href":"https:\/\/www.lechemindetraverse.com\/en\/wp-json\/wp\/v2\/product_tag?post=5591"}],"curies":[{"name":"wp","href":"https:\/\/api.w.org\/{rel}","templated":true}]}}