{"id":5723,"date":"2024-08-14T11:26:14","date_gmt":"2024-08-14T09:26:14","guid":{"rendered":"https:\/\/www.lechemindetraverse.com\/?post_type=product&#038;p=5723"},"modified":"2025-01-27T23:10:31","modified_gmt":"2025-01-27T22:10:31","slug":"livre-harry-potter-and-the-chamber-of-secrets-paperback-bloomsbury-8","status":"publish","type":"product","link":"https:\/\/www.lechemindetraverse.com\/en\/product\/librairie-fleury-et-bott\/romans-harry-potter\/livre-harry-potter-and-the-chamber-of-secrets-paperback-bloomsbury-8\/","title":{"rendered":"Livre Harry Potter and the Chamber of Secrets Paperback &#8211; Bloomsbury 8"},"content":{"rendered":"<p>Version anglaise du livre Harry Potter et la Chambre des Secrets. Le second tome de la saga, dans une \u00e9dition ancienne en version souple ! Il est ici dans sa 18\u00e8me impression.<\/p><p>Livre d&rsquo;occasion, publi\u00e9 par Bloomsbury en Angleterre. Compl\u00e9tez votre collection Harry Potter et votre biblioth\u00e8que magique avec les \u00e9ditions originales en anglais.<\/p><p>Fait amusant : la chouette Hedwige n\u2019est pas de la bonne esp\u00e8ce sur la couverture ! Hedwige est un harfang des neiges, or on dirait plut\u00f4t une chouette effraie sur l&rsquo;illustration.<\/p><h4 class=\"wp-block-heading\">Caract\u00e9ristiques :<\/h4><ul class=\"wp-block-list\"><li>Edition de 1998 (premi\u00e8re \u00e9dition).<\/li>\n\n<li>18\u00e8me impression<\/li>\n\n<li>251 pages<\/li>\n\n<li>Ann\u00e9e de publication : 1999 ou 2000<\/li>\n\n<li>Couverture souple (paperback \/ softcover)<\/li>\n\n<li>Etat : couverture fatigu\u00e9e, corn\u00e9e, taches d&rsquo;encre sur la tranche (voir photos compl\u00e9mentaires).<\/li>\n\n<li>Le livre que vous voyez en photos est bien le livre que vous recevrez. j&rsquo;essaye de d\u00e9crire son \u00e9tat du mieux que je peux, mais l&rsquo;erreur est humaine, j&rsquo;ai pu oublier un d\u00e9tail. Ne manquez pas de me pr\u00e9venir le cas \u00e9ch\u00e9ant ! Les autres accessoires pr\u00e9sent\u00e9s sont vendus s\u00e9par\u00e9ment.<\/li><\/ul>","protected":false},"excerpt":{"rendered":"<p>Livre Harry Potter et la Chambre des Secrets en version anglaise collector !<\/p>\n<p>Etat d&rsquo;usage, voir d\u00e9tails ci-dessous.<\/p>\n<p>ISBN 0-7475-3848-4<\/p>","protected":false},"featured_media":5724,"comment_status":"open","ping_status":"closed","template":"","meta":{"_seopress_robots_primary_cat":"none","_seopress_titles_title":"%%post_title%% %%sep%% %%sitetitle%%","_seopress_titles_desc":"Livre Harry Potter et la Chambre des Secrets en version anglaise collector ! Livre d'occasion, voir description compl\u00e8te pour \u00e9tat. Ancienne \u00e9dition Bloomsbury !","_seopress_robots_index":""},"product_brand":[179],"product_cat":[173],"product_tag":[],"class_list":{"0":"post-5723","1":"product","2":"type-product","3":"status-publish","4":"has-post-thumbnail","6":"product_brand-bloomsbury","7":"product_cat-romans-harry-potter","9":"first","10":"instock","11":"shipping-taxable","12":"purchasable","13":"product-type-simple"},"_links":{"self":[{"href":"https:\/\/www.lechemindetraverse.com\/en\/wp-json\/wp\/v2\/product\/5723","targetHints":{"allow":["GET"]}}],"collection":[{"href":"https:\/\/www.lechemindetraverse.com\/en\/wp-json\/wp\/v2\/product"}],"about":[{"href":"https:\/\/www.lechemindetraverse.com\/en\/wp-json\/wp\/v2\/types\/product"}],"replies":[{"embeddable":true,"href":"https:\/\/www.lechemindetraverse.com\/en\/wp-json\/wp\/v2\/comments?post=5723"}],"wp:featuredmedia":[{"embeddable":true,"href":"https:\/\/www.lechemindetraverse.com\/en\/wp-json\/wp\/v2\/media\/5724"}],"wp:attachment":[{"href":"https:\/\/www.lechemindetraverse.com\/en\/wp-json\/wp\/v2\/media?parent=5723"}],"wp:term":[{"taxonomy":"product_brand","embeddable":true,"href":"https:\/\/www.lechemindetraverse.com\/en\/wp-json\/wp\/v2\/product_brand?post=5723"},{"taxonomy":"product_cat","embeddable":true,"href":"https:\/\/www.lechemindetraverse.com\/en\/wp-json\/wp\/v2\/product_cat?post=5723"},{"taxonomy":"product_tag","embeddable":true,"href":"https:\/\/www.lechemindetraverse.com\/en\/wp-json\/wp\/v2\/product_tag?post=5723"}],"curies":[{"name":"wp","href":"https:\/\/api.w.org\/{rel}","templated":true}]}}