{"id":5911,"date":"2024-08-14T15:07:01","date_gmt":"2024-08-14T13:07:01","guid":{"rendered":"https:\/\/www.lechemindetraverse.com\/?post_type=product&#038;p=5911"},"modified":"2025-01-27T23:10:28","modified_gmt":"2025-01-27T22:10:28","slug":"livre-harry-potter-and-the-goblet-of-fire-softcover-bloomsbury-3","status":"publish","type":"product","link":"https:\/\/www.lechemindetraverse.com\/en\/product\/librairie-fleury-et-bott\/romans-harry-potter\/livre-harry-potter-and-the-goblet-of-fire-softcover-bloomsbury-3\/","title":{"rendered":"Livre Harry Potter and the Goblet of Fire Softcover &#8211; Bloomsbury 3"},"content":{"rendered":"<p>Version anglaise du livre Harry Potter et la Coupe de Feu. Le quatri\u00e8me tome de la saga, dans sa seconde \u00e9dition et sa premi\u00e8re impression.<\/p><p>Livre d&rsquo;occasion, publi\u00e9 par Bloomsbury en Angleterre. Compl\u00e9tez votre collection Harry Potter et votre biblioth\u00e8que magique avec les \u00e9ditions originales en anglais.<\/p><p>La finale de la Coupe du Monde de Quidditch, le Tournoi des Trois Sorciers, le retour de vous-savez-qui&#8230; Une histoire pleine de magie et d&rsquo;aventures !<\/p><p>Fait amusant : dans cette nouvelle \u00e9dition, suivant les impressions, le papier n&rsquo;est pas le m\u00eame. En effet les premi\u00e8res impressions au papier parchemin sont tr\u00e8s \u00e9paisses, alors que les impressions plus tardives au papier \u00ab\u00a0poche\u00a0\u00bb sont bien plus fines ! Alors qu&rsquo;il y a bien le m\u00eame nombre de pages (voir photos compl\u00e9mentaires).<\/p><h4 class=\"wp-block-heading\">Caract\u00e9ristiques :<\/h4><ul class=\"wp-block-list\"><li>2\u00e8me \u00e9dition<\/li>\n\n<li>1\u00e8re impression<\/li>\n\n<li>636 pages<\/li>\n\n<li>Ann\u00e9e de publication : 2005<\/li>\n\n<li>Couverture souple (paperback \/ softcover)<\/li>\n\n<li>Etat : dos pli\u00e9 mais bon \u00e9tat g\u00e9n\u00e9ral (voir photos compl\u00e9mentaires).<\/li>\n\n<li>Le livre que vous voyez en photos est bien le livre que vous recevrez. j&rsquo;essaye de d\u00e9crire son \u00e9tat du mieux que je peux, mais l&rsquo;erreur est humaine, j&rsquo;ai pu oublier un d\u00e9tail. Ne manquez pas de me pr\u00e9venir le cas \u00e9ch\u00e9ant ! Les autres accessoires pr\u00e9sent\u00e9s sont vendus s\u00e9par\u00e9ment.<\/li><\/ul>","protected":false},"excerpt":{"rendered":"<p>Livre Harry Potter et la Coupe de Feu en version anglaise collector !<\/p>\n<p>Livre d&rsquo;occasion, version poche, voir d\u00e9tails ci-dessous et photos pour conna\u00eetre l&rsquo;\u00e9tat.<\/p>\n<p>ISBN 0-7475-8238-6<\/p>","protected":false},"featured_media":5912,"comment_status":"open","ping_status":"closed","template":"","meta":{"_seopress_robots_primary_cat":"none","_seopress_titles_title":"%%post_title%% %%sep%% %%sitetitle%%","_seopress_titles_desc":"Livre Harry Potter et la Coupe de Feu en version anglaise collector ! Livre d'occasion, voir description compl\u00e8te pour \u00e9tat. Deuxi\u00e8me \u00e9dition poche par Bloomsbury.","_seopress_robots_index":""},"product_brand":[179],"product_cat":[173],"product_tag":[],"class_list":{"0":"post-5911","1":"product","2":"type-product","3":"status-publish","4":"has-post-thumbnail","6":"product_brand-bloomsbury","7":"product_cat-romans-harry-potter","9":"first","10":"instock","11":"shipping-taxable","12":"purchasable","13":"product-type-simple"},"_links":{"self":[{"href":"https:\/\/www.lechemindetraverse.com\/en\/wp-json\/wp\/v2\/product\/5911","targetHints":{"allow":["GET"]}}],"collection":[{"href":"https:\/\/www.lechemindetraverse.com\/en\/wp-json\/wp\/v2\/product"}],"about":[{"href":"https:\/\/www.lechemindetraverse.com\/en\/wp-json\/wp\/v2\/types\/product"}],"replies":[{"embeddable":true,"href":"https:\/\/www.lechemindetraverse.com\/en\/wp-json\/wp\/v2\/comments?post=5911"}],"wp:featuredmedia":[{"embeddable":true,"href":"https:\/\/www.lechemindetraverse.com\/en\/wp-json\/wp\/v2\/media\/5912"}],"wp:attachment":[{"href":"https:\/\/www.lechemindetraverse.com\/en\/wp-json\/wp\/v2\/media?parent=5911"}],"wp:term":[{"taxonomy":"product_brand","embeddable":true,"href":"https:\/\/www.lechemindetraverse.com\/en\/wp-json\/wp\/v2\/product_brand?post=5911"},{"taxonomy":"product_cat","embeddable":true,"href":"https:\/\/www.lechemindetraverse.com\/en\/wp-json\/wp\/v2\/product_cat?post=5911"},{"taxonomy":"product_tag","embeddable":true,"href":"https:\/\/www.lechemindetraverse.com\/en\/wp-json\/wp\/v2\/product_tag?post=5911"}],"curies":[{"name":"wp","href":"https:\/\/api.w.org\/{rel}","templated":true}]}}