{"id":5975,"date":"2024-08-14T16:20:33","date_gmt":"2024-08-14T14:20:33","guid":{"rendered":"https:\/\/www.lechemindetraverse.com\/?post_type=product&#038;p=5975"},"modified":"2025-01-27T23:10:27","modified_gmt":"2025-01-27T22:10:27","slug":"livre-harry-potter-and-the-order-of-the-phoenix-paperback-bloomsbury-adult","status":"publish","type":"product","link":"https:\/\/www.lechemindetraverse.com\/en\/product\/librairie-fleury-et-bott\/romans-harry-potter\/livre-harry-potter-and-the-order-of-the-phoenix-paperback-bloomsbury-adult\/","title":{"rendered":"Livre Harry Potter and the Order of the Phoenix Paperback &#8211; Bloomsbury Adult"},"content":{"rendered":"<p>Version anglaise et \u00ab\u00a0adulte\u00a0\u00bb du livre Harry Potter et l&rsquo;Ordre du Ph\u00e9nix. Le cinqui\u00e8me tome de la saga, dans sa premi\u00e8re \u00e9dition et sa deuxi\u00e8me impression.<\/p><p>Livre d&rsquo;occasion, publi\u00e9 par Bloomsbury en Angleterre. Premi\u00e8re \u00e9dition adulte, collector ! Compl\u00e9tez votre collection Harry Potter et votre biblioth\u00e8que magique avec les \u00e9ditions originales en anglais.<\/p><p>La version \u00ab\u00a0pour adultes\u00a0\u00bb a seulement une couverture diff\u00e9rente, le reste du texte est le m\u00eame.  Cette version permettait aux adultes de \u00ab\u00a0ne pas avoir honte\u00a0\u00bb de lire un livre pour enfant en public.<\/p><h4 class=\"wp-block-heading\">Caract\u00e9ristiques :<\/h4><ul class=\"wp-block-list\"><li>1\u00e8re \u00e9dition adulte<\/li>\n\n<li>2\u00e8me impression<\/li>\n\n<li>&#8211; pages<\/li>\n\n<li>Ann\u00e9e de publication : 2003<\/li>\n\n<li>Couverture rigide (hardback \/ hardcover)<\/li>\n\n<li>Jaquette : oui.<\/li>\n\n<li>Etat : titre effac\u00e9, dos pli\u00e9, sinon bon \u00e9tat global (voir photos compl\u00e9mentaires).<\/li>\n\n<li>Le livre que vous voyez en photos est bien le livre que vous recevrez. j&rsquo;essaye de d\u00e9crire son \u00e9tat du mieux que je peux, mais l&rsquo;erreur est humaine, j&rsquo;ai pu oublier un d\u00e9tail. Ne manquez pas de me pr\u00e9venir le cas \u00e9ch\u00e9ant ! Les autres accessoires pr\u00e9sent\u00e9s sont vendus s\u00e9par\u00e9ment.<\/li><\/ul>","protected":false},"excerpt":{"rendered":"<p>Livre Harry Potter et l&rsquo;Ordre du Ph\u00e9nix en version originale collector !<\/p>\n<p>Version \u00ab\u00a0pour adultes\u00a0\u00bb en anglais.<\/p>\n<p>Livre d&rsquo;occasion, voir d\u00e9tails ci-dessous et photos pour conna\u00eetre l&rsquo;\u00e9tat.<\/p>\n<p>ISBN 0-7475-7073-6<\/p>","protected":false},"featured_media":5976,"comment_status":"open","ping_status":"closed","template":"","meta":{"_seopress_robots_primary_cat":"none","_seopress_titles_title":"%%post_title%% %%sep%% %%sitetitle%%","_seopress_titles_desc":"Livre Harry Potter et l'Ordre du Ph\u00e9nix en version anglaise collector ! Livre d'occasion, voir description compl\u00e8te pour \u00e9tat. Version pour adultes.","_seopress_robots_index":""},"product_brand":[179],"product_cat":[173],"product_tag":[],"class_list":{"0":"post-5975","1":"product","2":"type-product","3":"status-publish","4":"has-post-thumbnail","6":"product_brand-bloomsbury","7":"product_cat-romans-harry-potter","9":"first","10":"instock","11":"shipping-taxable","12":"purchasable","13":"product-type-simple"},"_links":{"self":[{"href":"https:\/\/www.lechemindetraverse.com\/en\/wp-json\/wp\/v2\/product\/5975","targetHints":{"allow":["GET"]}}],"collection":[{"href":"https:\/\/www.lechemindetraverse.com\/en\/wp-json\/wp\/v2\/product"}],"about":[{"href":"https:\/\/www.lechemindetraverse.com\/en\/wp-json\/wp\/v2\/types\/product"}],"replies":[{"embeddable":true,"href":"https:\/\/www.lechemindetraverse.com\/en\/wp-json\/wp\/v2\/comments?post=5975"}],"wp:featuredmedia":[{"embeddable":true,"href":"https:\/\/www.lechemindetraverse.com\/en\/wp-json\/wp\/v2\/media\/5976"}],"wp:attachment":[{"href":"https:\/\/www.lechemindetraverse.com\/en\/wp-json\/wp\/v2\/media?parent=5975"}],"wp:term":[{"taxonomy":"product_brand","embeddable":true,"href":"https:\/\/www.lechemindetraverse.com\/en\/wp-json\/wp\/v2\/product_brand?post=5975"},{"taxonomy":"product_cat","embeddable":true,"href":"https:\/\/www.lechemindetraverse.com\/en\/wp-json\/wp\/v2\/product_cat?post=5975"},{"taxonomy":"product_tag","embeddable":true,"href":"https:\/\/www.lechemindetraverse.com\/en\/wp-json\/wp\/v2\/product_tag?post=5975"}],"curies":[{"name":"wp","href":"https:\/\/api.w.org\/{rel}","templated":true}]}}