{"id":6164,"date":"2024-10-02T22:41:16","date_gmt":"2024-10-02T20:41:16","guid":{"rendered":"https:\/\/www.lechemindetraverse.com\/?post_type=product&#038;p=6164"},"modified":"2025-01-27T23:10:26","modified_gmt":"2025-01-27T22:10:26","slug":"livre-harry-potter-and-the-deathly-hallows-bloomsbury-1st-edition-2","status":"publish","type":"product","link":"https:\/\/www.lechemindetraverse.com\/en\/product\/librairie-fleury-et-bott\/romans-harry-potter\/livre-harry-potter-and-the-deathly-hallows-bloomsbury-1st-edition-2\/","title":{"rendered":"Livre Harry Potter and the Deathly Hallows &#8211; Bloomsbury 1st Edition 2"},"content":{"rendered":"<p>Version anglaise du livre Harry Potter et les Reliques de la Mort. Le dernier tome de la saga, dans sa premi\u00e8re \u00e9dition, il est m\u00eame ici dans sa premi\u00e8re impression ! C\u2019est donc une vraie premi\u00e8re \u00e9dition de la version rigide du septi\u00e8me opus des histoires de Harry Potter.<\/p><p>Livre d&rsquo;occasion, publi\u00e9 par Bloomsbury en Angleterre. Premi\u00e8re \u00e9dition, collector ! Compl\u00e9tez votre collection Harry Potter et votre biblioth\u00e8que magique avec les \u00e9ditions originales en anglais.<\/p><h3 class=\"wp-block-heading\">Anecdotes sur le 7\u00e8me tome anglais<\/h3><p>Les belles illustrations de cette couverture ont \u00e9t\u00e9 r\u00e9alis\u00e9es par Jason Cockcroft. On peut y voir le trio Harry Ron Hermione dans la chambre forte de Bellatrix, le patronus de cerf, Nagini dans sa bulle et une vue de Poudlard de nuit.<\/p><h4 class=\"wp-block-heading\">Caract\u00e9ristiques :<\/h4><ul class=\"wp-block-list\"><li>1\u00e8re \u00e9dition<\/li>\n\n<li>1\u00e8re impression<\/li>\n\n<li>607 pages<\/li>\n\n<li>Ann\u00e9e de publication : 2007<\/li>\n\n<li>Couverture rigide (hardback \/ hardcover)<\/li>\n\n<li>Jaquette : non.<\/li>\n\n<li>Etat : jauni, sinon tr\u00e8s bien (voir photos compl\u00e9mentaires).<\/li>\n\n<li>Le livre que vous voyez en photos est bien le livre que vous recevrez. j&rsquo;essaye de d\u00e9crire son \u00e9tat du mieux que je peux, mais l&rsquo;erreur est humaine, j&rsquo;ai pu oublier un d\u00e9tail. Ne manquez pas de me pr\u00e9venir le cas \u00e9ch\u00e9ant ! Les autres accessoires pr\u00e9sent\u00e9s sont vendus s\u00e9par\u00e9ment.<\/li><\/ul>","protected":false},"excerpt":{"rendered":"<p>Livre Harry Potter et les Reliques de la Mort en version anglaise collector !<\/p>\n<p>Vraie premi\u00e8re \u00e9dition car 1\u00e8re impression \u00e9galement.<\/p>\n<p>Livre d&rsquo;occasion, voir d\u00e9tails ci-dessous et photos pour conna\u00eetre l&rsquo;\u00e9tat.<\/p>\n<p>ISBN 978-0-7475-9105-4<\/p>","protected":false},"featured_media":6165,"comment_status":"open","ping_status":"closed","template":"","meta":{"_seopress_robots_primary_cat":"none","_seopress_titles_title":"%%post_title%% %%sep%% %%sitetitle%%","_seopress_titles_desc":"Livre Harry Potter et les Reliques de la Mort en version anglaise collector ! Livre d'occasion, voir description compl\u00e8te pour \u00e9tat. Premi\u00e8re \u00e9dition Bloomsbury !","_seopress_robots_index":""},"product_brand":[179],"product_cat":[173],"product_tag":[],"class_list":{"0":"post-6164","1":"product","2":"type-product","3":"status-publish","4":"has-post-thumbnail","6":"product_brand-bloomsbury","7":"product_cat-romans-harry-potter","9":"first","10":"instock","11":"shipping-taxable","12":"purchasable","13":"product-type-simple"},"_links":{"self":[{"href":"https:\/\/www.lechemindetraverse.com\/en\/wp-json\/wp\/v2\/product\/6164","targetHints":{"allow":["GET"]}}],"collection":[{"href":"https:\/\/www.lechemindetraverse.com\/en\/wp-json\/wp\/v2\/product"}],"about":[{"href":"https:\/\/www.lechemindetraverse.com\/en\/wp-json\/wp\/v2\/types\/product"}],"replies":[{"embeddable":true,"href":"https:\/\/www.lechemindetraverse.com\/en\/wp-json\/wp\/v2\/comments?post=6164"}],"wp:featuredmedia":[{"embeddable":true,"href":"https:\/\/www.lechemindetraverse.com\/en\/wp-json\/wp\/v2\/media\/6165"}],"wp:attachment":[{"href":"https:\/\/www.lechemindetraverse.com\/en\/wp-json\/wp\/v2\/media?parent=6164"}],"wp:term":[{"taxonomy":"product_brand","embeddable":true,"href":"https:\/\/www.lechemindetraverse.com\/en\/wp-json\/wp\/v2\/product_brand?post=6164"},{"taxonomy":"product_cat","embeddable":true,"href":"https:\/\/www.lechemindetraverse.com\/en\/wp-json\/wp\/v2\/product_cat?post=6164"},{"taxonomy":"product_tag","embeddable":true,"href":"https:\/\/www.lechemindetraverse.com\/en\/wp-json\/wp\/v2\/product_tag?post=6164"}],"curies":[{"name":"wp","href":"https:\/\/api.w.org\/{rel}","templated":true}]}}