{"id":6308,"date":"2024-10-03T15:06:16","date_gmt":"2024-10-03T13:06:16","guid":{"rendered":"https:\/\/www.lechemindetraverse.com\/?post_type=product&#038;p=6308"},"modified":"2025-01-27T23:10:24","modified_gmt":"2025-01-27T22:10:24","slug":"livre-harry-potter-and-the-cursed-child-hardback-3","status":"publish","type":"product","link":"https:\/\/www.lechemindetraverse.com\/en\/product\/librairie-fleury-et-bott\/romans-harry-potter\/livre-harry-potter-and-the-cursed-child-hardback-3\/","title":{"rendered":"Livre Harry Potter and the Cursed Child &#8211; hardback 3"},"content":{"rendered":"<p>Version anglaise et pour adultes du livre Harry Potter et l&rsquo;Enfant Maudit, la suite des aventures magiques de Harry Potter en pi\u00e8ce de th\u00e9\u00e2tre, dans sa premi\u00e8re \u00e9dition, \u00e0 couverture rigide.<\/p><p>Livre d&rsquo;occasion, publi\u00e9 par Little, Brown &amp; Company en Angleterre. Compl\u00e9tez votre collection Harry Potter et votre biblioth\u00e8que magique avec les \u00e9ditions originales en anglais.<\/p><h4 class=\"wp-block-heading\">Caract\u00e9ristiques :<\/h4><ul class=\"wp-block-list\"><li>1\u00e8re \u00e9dition<\/li>\n\n<li>16\u00e8me impression<\/li>\n\n<li>343 pages<\/li>\n\n<li>Ann\u00e9e de publication : 2017 environ<\/li>\n\n<li>Couverture rigide (hardback \/ hardcover)<\/li>\n\n<li>Jaquette : oui.<\/li>\n\n<li>Etat : haut un peu froiss\u00e9, tranche un peu jaunie (voir photos compl\u00e9mentaires).<\/li>\n\n<li>Le livre que vous voyez en photos est bien le livre que vous recevrez. j&rsquo;essaye de d\u00e9crire son \u00e9tat du mieux que je peux, mais l&rsquo;erreur est humaine, j&rsquo;ai pu oublier un d\u00e9tail. Ne manquez pas de me pr\u00e9venir le cas \u00e9ch\u00e9ant ! Les autres accessoires pr\u00e9sent\u00e9s sont vendus s\u00e9par\u00e9ment.<\/li><\/ul>","protected":false},"excerpt":{"rendered":"<p>Livre Harry Potter et l&rsquo;Enfant Maudit en version anglaise !<\/p>\n<p>Livre d&rsquo;occasion, voir d\u00e9tails ci-dessous et photos pour conna\u00eetre l&rsquo;\u00e9tat.<\/p>\n<p>ISBN 978-0-7515-6535-5<\/p>","protected":false},"featured_media":6309,"comment_status":"open","ping_status":"closed","template":"","meta":{"_seopress_robots_primary_cat":"none","_seopress_titles_title":"%%post_title%% %%sep%% %%sitetitle%%","_seopress_titles_desc":"Livre Harry Potter et l'Enfant Maudit en version anglaise ! Livre d'occasion, voir description compl\u00e8te pour \u00e9tat. Premi\u00e8re \u00e9dition Little Brown & Co !","_seopress_robots_index":""},"product_brand":[183],"product_cat":[173],"product_tag":[],"class_list":{"0":"post-6308","1":"product","2":"type-product","3":"status-publish","4":"has-post-thumbnail","6":"product_brand-little-brown-and-company","7":"product_cat-romans-harry-potter","9":"first","10":"instock","11":"shipping-taxable","12":"purchasable","13":"product-type-simple"},"_links":{"self":[{"href":"https:\/\/www.lechemindetraverse.com\/en\/wp-json\/wp\/v2\/product\/6308","targetHints":{"allow":["GET"]}}],"collection":[{"href":"https:\/\/www.lechemindetraverse.com\/en\/wp-json\/wp\/v2\/product"}],"about":[{"href":"https:\/\/www.lechemindetraverse.com\/en\/wp-json\/wp\/v2\/types\/product"}],"replies":[{"embeddable":true,"href":"https:\/\/www.lechemindetraverse.com\/en\/wp-json\/wp\/v2\/comments?post=6308"}],"wp:featuredmedia":[{"embeddable":true,"href":"https:\/\/www.lechemindetraverse.com\/en\/wp-json\/wp\/v2\/media\/6309"}],"wp:attachment":[{"href":"https:\/\/www.lechemindetraverse.com\/en\/wp-json\/wp\/v2\/media?parent=6308"}],"wp:term":[{"taxonomy":"product_brand","embeddable":true,"href":"https:\/\/www.lechemindetraverse.com\/en\/wp-json\/wp\/v2\/product_brand?post=6308"},{"taxonomy":"product_cat","embeddable":true,"href":"https:\/\/www.lechemindetraverse.com\/en\/wp-json\/wp\/v2\/product_cat?post=6308"},{"taxonomy":"product_tag","embeddable":true,"href":"https:\/\/www.lechemindetraverse.com\/en\/wp-json\/wp\/v2\/product_tag?post=6308"}],"curies":[{"name":"wp","href":"https:\/\/api.w.org\/{rel}","templated":true}]}}