{"id":6518,"date":"2024-10-22T12:29:47","date_gmt":"2024-10-22T10:29:47","guid":{"rendered":"https:\/\/www.lechemindetraverse.com\/?post_type=product&#038;p=6518"},"modified":"2026-04-17T14:36:11","modified_gmt":"2026-04-17T12:36:11","slug":"pot-de-rangement-gland-d-automne-avec-couvercle-something-different","status":"publish","type":"product","link":"https:\/\/www.lechemindetraverse.com\/en\/product\/boiling-cauldron\/cuisine-magique\/pot-de-rangement-gland-d-automne-avec-couvercle-something-different\/","title":{"rendered":"Pot de Rangement Gland d&rsquo;Automne avec Couvercle &#8211; Something Different"},"content":{"rendered":"<p>Un d\u00e9licieux ajout \u00e0 la d\u00e9coration de la cuisine pour ranger des friandises saisonni\u00e8res ou de petits objets essentiels. Ce pot de rangement confortable en forme de gland de ch\u00eane s&rsquo;inspire de la beaut\u00e9 de l&rsquo;automne et ajoute une touche de chaleur \u00e0 un comptoir. Ce pot de stockage avec couvercle est sans danger pour les aliments et peut \u00eatre utilis\u00e9 comme pot \u00e0 collation ou pot \u00e0 bibelots.<\/p><ul class=\"wp-block-list\"><li>C\u00e9ramique<\/li>\n\n<li>Dimensions : 16 x 13 x 13cm environ<\/li>\n\n<li>Ne passe pas au micro-ondes ni au lave-vaisselle.<\/li>\n\n<li>Les autres produits pr\u00e9sent\u00e9s en photo compl\u00e9mentaires sont vendus s\u00e9par\u00e9ment.<\/li><\/ul><p>Un beau cadeau pour les amateurs de nature, d&rsquo;automne et de balades en for\u00eat. Con\u00e7u par Something Different dans le cadre de la collection de cadeaux saisonniers et de d\u00e9coration d&rsquo;int\u00e9rieur \u00ab Autumn Leaves, Pumpkin Please \u00bb.<\/p><figure class=\"wp-block-embed is-type-video is-provider-youtube wp-block-embed-youtube wp-embed-aspect-16-9 wp-has-aspect-ratio\"><div class=\"wp-block-embed__wrapper\">\n<div class=\"video-container\"><iframe title=\"Autumn Leaves And Pumpkins, Please | Something Different Wholesale\" width=\"1170\" height=\"658\" src=\"https:\/\/www.youtube.com\/embed\/OzWdYOPMOSM?feature=oembed\" frameborder=\"0\" allow=\"accelerometer; autoplay; clipboard-write; encrypted-media; gyroscope; picture-in-picture; web-share\" referrerpolicy=\"strict-origin-when-cross-origin\" allowfullscreen><\/iframe><\/div>\n<\/div><\/figure>","protected":false},"excerpt":{"rendered":"<p>Pot de rangement en forme de gland de ch\u00eane avec couvercle, pour la cuisine, la d\u00e9co&#8230;<\/p>\n<p>Un petit tour en for\u00eat, depuis le confort de votre int\u00e9rieur !<\/p>","protected":false},"featured_media":6519,"comment_status":"open","ping_status":"closed","template":"","meta":{"_seopress_robots_primary_cat":"none","_seopress_titles_title":"%%post_title%% %%sep%% %%sitetitle%%","_seopress_titles_desc":"Pot de rangement en forme de gland de ch\u00eane, en c\u00e9ramique avec couvercle. Un petit tour en for\u00eat, depuis le confort de votre int\u00e9rieur !","_seopress_robots_index":""},"product_brand":[126],"product_cat":[104],"product_tag":[],"class_list":{"0":"post-6518","1":"product","2":"type-product","3":"status-publish","4":"has-post-thumbnail","6":"product_brand-something-different","7":"product_cat-cuisine-magique","9":"first","10":"outofstock","11":"shipping-taxable","12":"purchasable","13":"product-type-simple"},"_links":{"self":[{"href":"https:\/\/www.lechemindetraverse.com\/en\/wp-json\/wp\/v2\/product\/6518","targetHints":{"allow":["GET"]}}],"collection":[{"href":"https:\/\/www.lechemindetraverse.com\/en\/wp-json\/wp\/v2\/product"}],"about":[{"href":"https:\/\/www.lechemindetraverse.com\/en\/wp-json\/wp\/v2\/types\/product"}],"replies":[{"embeddable":true,"href":"https:\/\/www.lechemindetraverse.com\/en\/wp-json\/wp\/v2\/comments?post=6518"}],"wp:featuredmedia":[{"embeddable":true,"href":"https:\/\/www.lechemindetraverse.com\/en\/wp-json\/wp\/v2\/media\/6519"}],"wp:attachment":[{"href":"https:\/\/www.lechemindetraverse.com\/en\/wp-json\/wp\/v2\/media?parent=6518"}],"wp:term":[{"taxonomy":"product_brand","embeddable":true,"href":"https:\/\/www.lechemindetraverse.com\/en\/wp-json\/wp\/v2\/product_brand?post=6518"},{"taxonomy":"product_cat","embeddable":true,"href":"https:\/\/www.lechemindetraverse.com\/en\/wp-json\/wp\/v2\/product_cat?post=6518"},{"taxonomy":"product_tag","embeddable":true,"href":"https:\/\/www.lechemindetraverse.com\/en\/wp-json\/wp\/v2\/product_tag?post=6518"}],"curies":[{"name":"wp","href":"https:\/\/api.w.org\/{rel}","templated":true}]}}