{"id":6700,"date":"2024-11-25T22:58:37","date_gmt":"2024-11-25T21:58:37","guid":{"rendered":"https:\/\/www.lechemindetraverse.com\/?post_type=product&#038;p=6700"},"modified":"2026-03-22T22:00:57","modified_gmt":"2026-03-22T21:00:57","slug":"coffret-de-12-bouteilles-dencre-prose-coloree-authentic-models","status":"publish","type":"product","link":"https:\/\/www.lechemindetraverse.com\/en\/product\/papeterie\/encres-de-calligraphie\/coffret-de-12-bouteilles-dencre-prose-coloree-authentic-models\/","title":{"rendered":"Coffret de 12 Bouteilles d&rsquo;encre &#8211; Prose Color\u00e9e &#8211; Authentic Models"},"content":{"rendered":"<p>Laissez libre cours \u00e0 votre imagination gr\u00e2ce \u00e0 cette collection de douze bouteilles d&rsquo;encre. Cette \u00ab\u00a0prose color\u00e9e\u00a0\u00bb se compose de couleurs vives et d&rsquo;autres plus subtiles. Le coffret comprend les couleurs suivantes :<\/p><ul class=\"wp-block-list\"><li>Gris \u00ab\u00a0olive\u00a0\u00bb<\/li>\n\n<li>Bleu \u00ab\u00a0Pious\u00a0\u00bb<\/li>\n\n<li>Orange \u00ab\u00a0Signal\u00a0\u00bb<\/li>\n\n<li>Vert \u00ab\u00a0Lemon\u00a0\u00bb<\/li>\n\n<li>Marron \u00ab\u00a0Burnt\u00a0\u00bb<\/li>\n\n<li>Noir \u00ab\u00a0Pitch\u00a0\u00bb<\/li>\n\n<li>Indigo \u00ab\u00a0Starlit\u00a0\u00bb<\/li>\n\n<li>Vert \u00ab\u00a0Rain\u00a0\u00bb<\/li>\n\n<li>Bleu \u00ab\u00a0Sea\u00a0\u00bb<\/li>\n\n<li>Orange \u00ab\u00a0Sunset\u00a0\u00bb<\/li>\n\n<li>Jaune \u00ab\u00a0Author&rsquo;s\u00a0\u00bb<\/li>\n\n<li>Rose \u00ab\u00a0Frantic\u00a0\u00bb<\/li><\/ul><p>Les bouteilles ont un volume de 21cl.<\/p><h3 class=\"wp-block-heading\">A propos de la gamme \u00ab\u00a0Ecrire\u00a0\u00bb d&rsquo;Authentic Models :<\/h3><p>L\u2019\u00e9criture, v\u00e9ritable art ancestral, est une cl\u00e9 pour raconter nos histoires et tisser des liens intemporels. Chez Authentic Models, elle prend une dimension magique : un outil pour pr\u00e9server le pass\u00e9, capturer le pr\u00e9sent et imaginer l\u2019avenir. Notre collection d\u2019\u00e9criture, digne des plus grands sorciers, vous invite \u00e0 r\u00e9diger le premier chapitre d\u2019un journal enchant\u00e9, un roman captivant ou une lettre ensorcelante pour un \u00eatre cher. Laissez votre plume devenir la baguette qui donne vie \u00e0 vos pens\u00e9es.<\/p>","protected":false},"excerpt":{"rendered":"<p>Collection de 12 flacons d&rsquo;encre de calligraphie pour plume ou porte-plume.<\/p>\n<p>Plongez-vous dans le monde merveilleux de l&rsquo;\u00e9criture \u00e0 l&rsquo;ancienne.<\/p>","protected":false},"featured_media":6701,"comment_status":"closed","ping_status":"closed","template":"","meta":{"_seopress_robots_primary_cat":"none","_seopress_titles_title":"%%post_title%% %%sep%% %%sitetitle%%","_seopress_titles_desc":"Collection de 12 flacons d'encre de calligraphie pour plume ou porte-plume. Plongez-vous dans le monde merveilleux de l'\u00e9criture \u00e0 l'ancienne.","_seopress_robots_index":""},"product_brand":[185],"product_cat":[177],"product_tag":[],"class_list":{"0":"post-6700","1":"product","2":"type-product","3":"status-publish","4":"has-post-thumbnail","6":"product_brand-authentic-models","7":"product_cat-encres-de-calligraphie","9":"first","10":"instock","11":"shipping-taxable","12":"purchasable","13":"product-type-simple"},"_links":{"self":[{"href":"https:\/\/www.lechemindetraverse.com\/en\/wp-json\/wp\/v2\/product\/6700","targetHints":{"allow":["GET"]}}],"collection":[{"href":"https:\/\/www.lechemindetraverse.com\/en\/wp-json\/wp\/v2\/product"}],"about":[{"href":"https:\/\/www.lechemindetraverse.com\/en\/wp-json\/wp\/v2\/types\/product"}],"replies":[{"embeddable":true,"href":"https:\/\/www.lechemindetraverse.com\/en\/wp-json\/wp\/v2\/comments?post=6700"}],"wp:featuredmedia":[{"embeddable":true,"href":"https:\/\/www.lechemindetraverse.com\/en\/wp-json\/wp\/v2\/media\/6701"}],"wp:attachment":[{"href":"https:\/\/www.lechemindetraverse.com\/en\/wp-json\/wp\/v2\/media?parent=6700"}],"wp:term":[{"taxonomy":"product_brand","embeddable":true,"href":"https:\/\/www.lechemindetraverse.com\/en\/wp-json\/wp\/v2\/product_brand?post=6700"},{"taxonomy":"product_cat","embeddable":true,"href":"https:\/\/www.lechemindetraverse.com\/en\/wp-json\/wp\/v2\/product_cat?post=6700"},{"taxonomy":"product_tag","embeddable":true,"href":"https:\/\/www.lechemindetraverse.com\/en\/wp-json\/wp\/v2\/product_tag?post=6700"}],"curies":[{"name":"wp","href":"https:\/\/api.w.org\/{rel}","templated":true}]}}