{"id":6750,"date":"2024-11-27T19:07:49","date_gmt":"2024-11-27T18:07:49","guid":{"rendered":"https:\/\/www.lechemindetraverse.com\/?post_type=product&#038;p=6750"},"modified":"2025-02-27T09:54:45","modified_gmt":"2025-02-27T08:54:45","slug":"sifflet-de-bosco-ou-de-professeur-de-vol-authentic-models","status":"publish","type":"product","link":"https:\/\/www.lechemindetraverse.com\/en\/product\/pirouette-et-badin-farces-attrapes\/figurines-repliques\/sifflet-de-bosco-ou-de-professeur-de-vol-authentic-models\/","title":{"rendered":"Sifflet de Bosco ou de Professeur de Vol &#8211; Authentic Models"},"content":{"rendered":"<p>Ce sifflet \u00e0 l&rsquo;ancienne est un grand classique de la navigation, depuis plusieurs si\u00e8cles. C&rsquo;est aussi ce genre de sifflet qu&rsquo;utilise Madame Bibine, la professeure de vol \u00e0 Poudlard.<\/p><p>Caract\u00e9ristiques<\/p><ul class=\"wp-block-list\"><li>R\u00e9alis\u00e9 en m\u00e9tal : laiton et cuivre.<\/li>\n\n<li>Chaine en m\u00e9tal incluse, pour porter le sifflet autour du cou.<\/li>\n\n<li>Livr\u00e9 en bo\u00eete cadeau.<\/li><\/ul><h3 class=\"wp-block-heading\">A propos du sifflet de Bosco<\/h3><p>Le sifflet de ma\u00eetre d&rsquo;\u00e9quipage classique, ou \u00ab\u00a0sifflet de Bosco\u00a0\u00bb, fait le bonheur des matelots. Pour hisser les voiles, aller dans la m\u00e2ture ou d\u00e9fendre le navire au combat, \u00ab\u00a0Tout le monde sur le pont\u00a0\u00bb \u00e9tait l&rsquo;un des ordres donn\u00e9s par les ma\u00eetres d&rsquo;\u00e9quipage \u00e0 l&rsquo;aide de ce sifflet ou \u00ab\u00a0appel\u00a0\u00bb. Sa forme n&rsquo;a pas chang\u00e9 en cinq si\u00e8cles.<\/p>","protected":false},"excerpt":{"rendered":"<p>R\u00e9plique authentique de sifflet de Capitaine appel\u00e9 sifflet de Bosco (Bosun whistle) Parfait pour \u00e9quiper un professeur de vol ou de Quidditch, ou un cosplay de Madame Bibine !<\/p>","protected":false},"featured_media":6753,"comment_status":"closed","ping_status":"closed","template":"","meta":{"_seopress_robots_primary_cat":"none","_seopress_titles_title":"%%post_title%% %%sep%% %%sitetitle%%","_seopress_titles_desc":"R\u00e9plique authentique de sifflet de Capitaine appel\u00e9 sifflet de Bosco (Bosun whistle). Parfait pour \u00e9quiper un professeur de vol ou de Quidditch, ou un cosplay de Madame Bibine !","_seopress_robots_index":""},"product_brand":[185],"product_cat":[101],"product_tag":[87],"class_list":{"0":"post-6750","1":"product","2":"type-product","3":"status-publish","4":"has-post-thumbnail","6":"product_brand-authentic-models","7":"product_cat-figurines-repliques","8":"product_tag-quidditch","10":"first","11":"outofstock","12":"shipping-taxable","13":"purchasable","14":"product-type-simple"},"_links":{"self":[{"href":"https:\/\/www.lechemindetraverse.com\/en\/wp-json\/wp\/v2\/product\/6750","targetHints":{"allow":["GET"]}}],"collection":[{"href":"https:\/\/www.lechemindetraverse.com\/en\/wp-json\/wp\/v2\/product"}],"about":[{"href":"https:\/\/www.lechemindetraverse.com\/en\/wp-json\/wp\/v2\/types\/product"}],"replies":[{"embeddable":true,"href":"https:\/\/www.lechemindetraverse.com\/en\/wp-json\/wp\/v2\/comments?post=6750"}],"wp:featuredmedia":[{"embeddable":true,"href":"https:\/\/www.lechemindetraverse.com\/en\/wp-json\/wp\/v2\/media\/6753"}],"wp:attachment":[{"href":"https:\/\/www.lechemindetraverse.com\/en\/wp-json\/wp\/v2\/media?parent=6750"}],"wp:term":[{"taxonomy":"product_brand","embeddable":true,"href":"https:\/\/www.lechemindetraverse.com\/en\/wp-json\/wp\/v2\/product_brand?post=6750"},{"taxonomy":"product_cat","embeddable":true,"href":"https:\/\/www.lechemindetraverse.com\/en\/wp-json\/wp\/v2\/product_cat?post=6750"},{"taxonomy":"product_tag","embeddable":true,"href":"https:\/\/www.lechemindetraverse.com\/en\/wp-json\/wp\/v2\/product_tag?post=6750"}],"curies":[{"name":"wp","href":"https:\/\/api.w.org\/{rel}","templated":true}]}}