{"id":6788,"date":"2024-11-27T20:47:17","date_gmt":"2024-11-27T19:47:17","guid":{"rendered":"https:\/\/www.lechemindetraverse.com\/?post_type=product&#038;p=6788"},"modified":"2025-01-10T16:13:50","modified_gmt":"2025-01-10T15:13:50","slug":"chicago-globe-1887-authentic-models","status":"publish","type":"product","link":"https:\/\/www.lechemindetraverse.com\/en\/product\/wiseacres\/chicago-globe-1887-authentic-models\/","title":{"rendered":"Globe Chicago 1887 &#8211; Authentic Models"},"content":{"rendered":"<p>R\u00e9plique de globe terrestre \u00e0 l&rsquo;ancienne, sur pied en m\u00e9tal. Le directeur de Poudlard en a forc\u00e9ment un dans son bureau !<\/p><p>Les globes Authentic Models sont r\u00e9alis\u00e9s par des artisans minutieux. Les mappemondes sont imprim\u00e9es sur un papier sp\u00e9cial, d\u00e9coup\u00e9 en bandes qui sont ensuite coll\u00e9es sur une boule en carton. C&rsquo;est une technique similaire \u00e0 ce qu&rsquo;il se faisait il y a des si\u00e8cles !<\/p><p>Le globe terrestre \u00ab\u00a0Chicago 1887\u00a0\u00bb se distingue par son pied travaill\u00e9, en fer forg\u00e9 au d\u00e9cor antique.<\/p><h3 class=\"wp-block-heading\">Caract\u00e9ristiques<\/h3><ul class=\"wp-block-list\"><li>Hauteur : 60 cm environ (avec pied)<\/li>\n\n<li>Diam\u00e8tre globe : 33,5 cm environ<\/li>\n\n<li>Mat\u00e9riaux : globe en carton et papier, pi\u00e8tement en fer forg\u00e9<\/li><\/ul>","protected":false},"excerpt":{"rendered":"<p>R\u00e9plique de globe terrestre \u00e0 l&rsquo;ancienne (carton et papier), sur pied en m\u00e9tal forg\u00e9<\/p>\n<p>60 cm de haut &#8211; 33,5 cm de diam\u00e8tre<\/p>","protected":false},"featured_media":6789,"comment_status":"closed","ping_status":"closed","template":"","meta":{"_seopress_robots_primary_cat":"none","_seopress_titles_title":"%%post_title%% %%sep%% %%sitetitle%%","_seopress_titles_desc":"R\u00e9plique de globe terrestre \u00e0 l'ancienne, sur pied en m\u00e9tal.","_seopress_robots_index":""},"product_brand":[185],"product_cat":[129],"product_tag":[],"class_list":{"0":"post-6788","1":"product","2":"type-product","3":"status-publish","4":"has-post-thumbnail","6":"product_brand-authentic-models","7":"product_cat-wiseacres","9":"first","10":"outofstock","11":"shipping-taxable","12":"purchasable","13":"product-type-simple"},"_links":{"self":[{"href":"https:\/\/www.lechemindetraverse.com\/en\/wp-json\/wp\/v2\/product\/6788","targetHints":{"allow":["GET"]}}],"collection":[{"href":"https:\/\/www.lechemindetraverse.com\/en\/wp-json\/wp\/v2\/product"}],"about":[{"href":"https:\/\/www.lechemindetraverse.com\/en\/wp-json\/wp\/v2\/types\/product"}],"replies":[{"embeddable":true,"href":"https:\/\/www.lechemindetraverse.com\/en\/wp-json\/wp\/v2\/comments?post=6788"}],"wp:featuredmedia":[{"embeddable":true,"href":"https:\/\/www.lechemindetraverse.com\/en\/wp-json\/wp\/v2\/media\/6789"}],"wp:attachment":[{"href":"https:\/\/www.lechemindetraverse.com\/en\/wp-json\/wp\/v2\/media?parent=6788"}],"wp:term":[{"taxonomy":"product_brand","embeddable":true,"href":"https:\/\/www.lechemindetraverse.com\/en\/wp-json\/wp\/v2\/product_brand?post=6788"},{"taxonomy":"product_cat","embeddable":true,"href":"https:\/\/www.lechemindetraverse.com\/en\/wp-json\/wp\/v2\/product_cat?post=6788"},{"taxonomy":"product_tag","embeddable":true,"href":"https:\/\/www.lechemindetraverse.com\/en\/wp-json\/wp\/v2\/product_tag?post=6788"}],"curies":[{"name":"wp","href":"https:\/\/api.w.org\/{rel}","templated":true}]}}