{"id":7078,"date":"2025-01-08T10:50:27","date_gmt":"2025-01-08T09:50:27","guid":{"rendered":"https:\/\/www.lechemindetraverse.com\/?post_type=product&#038;p=7078"},"modified":"2025-01-08T11:13:58","modified_gmt":"2025-01-08T10:13:58","slug":"photophore-serpent-something-different","status":"publish","type":"product","link":"https:\/\/www.lechemindetraverse.com\/en\/product\/apothecary\/bougies-decoratives\/photophore-serpent-something-different\/","title":{"rendered":"Photophore Serpent &#8211; Something Different"},"content":{"rendered":"<p>Parfait pour ajouter une intrigue et une ambiance effrayante \u00e0 votre d\u00e9coration int\u00e9rieure. Fabriqu\u00e9 en r\u00e9sine, cet \u00e9l\u00e9gant photophore noir pr\u00e9sente un motif de serpent enroul\u00e9 et peut accueillir une bougie chauffe-plat simple standard pour projeter des ombres captivantes et cr\u00e9er une ambiance fascinante. Id\u00e9al pour une ambiance Mangemort, Serpentard, ou tout simplement pour mettre en valeur les espaces int\u00e9rieurs modernes et \u00e9clectiques.<\/p><p>N&rsquo;oubliez pas de ne jamais laisser une bougie allum\u00e9e sans surveillance. Ne br\u00fblez pas plus de 30 minutes \u00e0 la fois et ne laissez jamais la bougie br\u00fbler jusqu&rsquo;\u00e0 la base.<\/p><p>Caract\u00e9ristiques :<\/p><ul class=\"wp-block-list\"><li>Poids total : 126 g<\/li>\n\n<li>Livr\u00e9 sans bougie<\/li>\n\n<li>Dimensions : H : 5,2 cm X L : 7,7cm X D : 7,8 cm<\/li><\/ul>","protected":false},"excerpt":{"rendered":"<p>Peut accueillir une bougie chauffe-plat standard<\/p>\n<p>Id\u00e9al pour une ambiance Mangemort, Malfoy ou Serpentard&#8230;<\/p>","protected":false},"featured_media":7079,"comment_status":"open","ping_status":"closed","template":"","meta":{"_seopress_robots_primary_cat":"none","_seopress_titles_title":"%%post_title%% %%sep%% %%sitetitle%%","_seopress_titles_desc":"Ce photophore serpent peut accueillir une bougie chauffe-plat standard. Id\u00e9al pour une ambiance Mangemort, Malfoy ou Serpentard...","_seopress_robots_index":""},"product_brand":[126],"product_cat":[168],"product_tag":[120,53],"class_list":{"0":"post-7078","1":"product","2":"type-product","3":"status-publish","4":"has-post-thumbnail","6":"product_brand-something-different","7":"product_cat-bougies-decoratives","8":"product_tag-mangemorts","9":"product_tag-serpentard","11":"first","12":"instock","13":"shipping-taxable","14":"purchasable","15":"product-type-simple"},"_links":{"self":[{"href":"https:\/\/www.lechemindetraverse.com\/en\/wp-json\/wp\/v2\/product\/7078","targetHints":{"allow":["GET"]}}],"collection":[{"href":"https:\/\/www.lechemindetraverse.com\/en\/wp-json\/wp\/v2\/product"}],"about":[{"href":"https:\/\/www.lechemindetraverse.com\/en\/wp-json\/wp\/v2\/types\/product"}],"replies":[{"embeddable":true,"href":"https:\/\/www.lechemindetraverse.com\/en\/wp-json\/wp\/v2\/comments?post=7078"}],"wp:featuredmedia":[{"embeddable":true,"href":"https:\/\/www.lechemindetraverse.com\/en\/wp-json\/wp\/v2\/media\/7079"}],"wp:attachment":[{"href":"https:\/\/www.lechemindetraverse.com\/en\/wp-json\/wp\/v2\/media?parent=7078"}],"wp:term":[{"taxonomy":"product_brand","embeddable":true,"href":"https:\/\/www.lechemindetraverse.com\/en\/wp-json\/wp\/v2\/product_brand?post=7078"},{"taxonomy":"product_cat","embeddable":true,"href":"https:\/\/www.lechemindetraverse.com\/en\/wp-json\/wp\/v2\/product_cat?post=7078"},{"taxonomy":"product_tag","embeddable":true,"href":"https:\/\/www.lechemindetraverse.com\/en\/wp-json\/wp\/v2\/product_tag?post=7078"}],"curies":[{"name":"wp","href":"https:\/\/api.w.org\/{rel}","templated":true}]}}