{"id":7096,"date":"2025-01-08T11:24:15","date_gmt":"2025-01-08T10:24:15","guid":{"rendered":"https:\/\/www.lechemindetraverse.com\/?post_type=product&#038;p=7096"},"modified":"2026-03-13T21:34:11","modified_gmt":"2026-03-13T20:34:11","slug":"tasse-de-divination-black-ouija-something-different","status":"publish","type":"product","link":"https:\/\/www.lechemindetraverse.com\/en\/product\/boiling-cauldron\/tasses-mugs\/tasse-de-divination-black-ouija-something-different\/","title":{"rendered":"Tasse de Divination \u00ab\u00a0Black Ouija\u00a0\u00bb &#8211; Something Different"},"content":{"rendered":"<p>Une tasse \u00e0 th\u00e9 \u00e9tonnante et unique \u00e0 utiliser pour lire l&rsquo;avenir, et parler aux esprits&#8230; Comprend une vari\u00e9t\u00e9 de symboles que l&rsquo;on retrouve sur une planche de Ouija.<\/p><p>La soucoupe est d\u00e9cor\u00e9e de de lunes, de pentagrammes et de gouttes de ouija&#8230; Vraiment une pi\u00e8ce \u00e0 ch\u00e9rir. Un d\u00e9pliant es inclus pour vous aider \u00e0 lire dans les feuilles de th\u00e9, et pour en savoir plus sur la divination par le th\u00e9.<\/p><ul class=\"wp-block-list\"><li>Passe au micro-ondes et au lave-vaisselle<\/li>\n\n<li>Capacit\u00e9 : 500 ml environ<\/li>\n\n<li>H : 8 cm x L : 18 cm x P : 18 cm<\/li><\/ul>","protected":false},"excerpt":{"rendered":"<p>Lisez la bonne aventure dans les feuilles de th\u00e9 et interpr\u00e9tez les signes imm\u00e9diatement gr\u00e2ce \u00e0 cette belle tasse de divination et sa soucoupe assortie !<\/p>","protected":false},"featured_media":7097,"comment_status":"open","ping_status":"closed","template":"","meta":{"_seopress_robots_primary_cat":"none","_seopress_titles_title":"%%post_title%% %%sep%% %%sitetitle%%","_seopress_titles_desc":"Lisez la bonne aventure dans les feuilles de th\u00e9 et interpr\u00e9tez les signes imm\u00e9diatement gr\u00e2ce \u00e0 cette belle tasse de divination et sa soucoupe assortie !","_seopress_robots_index":""},"product_brand":[126],"product_cat":[130],"product_tag":[127],"class_list":{"0":"post-7096","1":"product","2":"type-product","3":"status-publish","4":"has-post-thumbnail","6":"product_brand-something-different","7":"product_cat-tasses-mugs","8":"product_tag-sibylle-trelawney","10":"first","11":"instock","12":"shipping-taxable","13":"purchasable","14":"product-type-simple"},"_links":{"self":[{"href":"https:\/\/www.lechemindetraverse.com\/en\/wp-json\/wp\/v2\/product\/7096","targetHints":{"allow":["GET"]}}],"collection":[{"href":"https:\/\/www.lechemindetraverse.com\/en\/wp-json\/wp\/v2\/product"}],"about":[{"href":"https:\/\/www.lechemindetraverse.com\/en\/wp-json\/wp\/v2\/types\/product"}],"replies":[{"embeddable":true,"href":"https:\/\/www.lechemindetraverse.com\/en\/wp-json\/wp\/v2\/comments?post=7096"}],"wp:featuredmedia":[{"embeddable":true,"href":"https:\/\/www.lechemindetraverse.com\/en\/wp-json\/wp\/v2\/media\/7097"}],"wp:attachment":[{"href":"https:\/\/www.lechemindetraverse.com\/en\/wp-json\/wp\/v2\/media?parent=7096"}],"wp:term":[{"taxonomy":"product_brand","embeddable":true,"href":"https:\/\/www.lechemindetraverse.com\/en\/wp-json\/wp\/v2\/product_brand?post=7096"},{"taxonomy":"product_cat","embeddable":true,"href":"https:\/\/www.lechemindetraverse.com\/en\/wp-json\/wp\/v2\/product_cat?post=7096"},{"taxonomy":"product_tag","embeddable":true,"href":"https:\/\/www.lechemindetraverse.com\/en\/wp-json\/wp\/v2\/product_tag?post=7096"}],"curies":[{"name":"wp","href":"https:\/\/api.w.org\/{rel}","templated":true}]}}