{"id":7235,"date":"2025-01-15T18:57:18","date_gmt":"2025-01-15T17:57:18","guid":{"rendered":"https:\/\/www.lechemindetraverse.com\/?post_type=product&#038;p=7235"},"modified":"2025-05-27T22:21:51","modified_gmt":"2025-05-27T20:21:51","slug":"impression-pierre-philosophale-the-wizarding-trunk","status":"publish","type":"product","link":"https:\/\/www.lechemindetraverse.com\/en\/product\/librairie-fleury-et-bott\/art-et-affiches\/impression-pierre-philosophale-the-wizarding-trunk\/","title":{"rendered":"Impression &#8211; Pierre Philosophale &#8211; The Wizarding Trunk"},"content":{"rendered":"<p>Cette belle affichette est un tirage d&rsquo;un magnifique dessin repr\u00e9sentant la pierre philosophale. Parfait pour compl\u00e9ter votre d\u00e9coration Harry Potter 1 !<\/p><p>Cr\u00e9ation : The Wizarding Trunk. Format 18 x 12,6 cm.<\/p><p><em>Les autres accessoires pr\u00e9sent\u00e9s en photo ne sont pas inclus.<\/em><\/p>","protected":false},"excerpt":{"rendered":"<p>A afficher au mur ou \u00e0 collectionner !<\/p>\n<p>Dimensions : 18 x 12,6 cm.<\/p>","protected":false},"featured_media":7236,"comment_status":"open","ping_status":"closed","template":"","meta":{"_seopress_robots_primary_cat":"none","_seopress_titles_title":"%%post_title%% %%sep%% %%sitetitle%%","_seopress_titles_desc":"A afficher au mur ou \u00e0 collectionner ! Dimensions : 18 x 12,6 cm.","_seopress_robots_index":""},"product_brand":[139],"product_cat":[175],"product_tag":[],"class_list":{"0":"post-7235","1":"product","2":"type-product","3":"status-publish","4":"has-post-thumbnail","6":"product_brand-the-wizarding-trunk","7":"product_cat-art-et-affiches","9":"first","10":"instock","11":"shipping-taxable","12":"purchasable","13":"product-type-simple"},"_links":{"self":[{"href":"https:\/\/www.lechemindetraverse.com\/en\/wp-json\/wp\/v2\/product\/7235","targetHints":{"allow":["GET"]}}],"collection":[{"href":"https:\/\/www.lechemindetraverse.com\/en\/wp-json\/wp\/v2\/product"}],"about":[{"href":"https:\/\/www.lechemindetraverse.com\/en\/wp-json\/wp\/v2\/types\/product"}],"replies":[{"embeddable":true,"href":"https:\/\/www.lechemindetraverse.com\/en\/wp-json\/wp\/v2\/comments?post=7235"}],"wp:featuredmedia":[{"embeddable":true,"href":"https:\/\/www.lechemindetraverse.com\/en\/wp-json\/wp\/v2\/media\/7236"}],"wp:attachment":[{"href":"https:\/\/www.lechemindetraverse.com\/en\/wp-json\/wp\/v2\/media?parent=7235"}],"wp:term":[{"taxonomy":"product_brand","embeddable":true,"href":"https:\/\/www.lechemindetraverse.com\/en\/wp-json\/wp\/v2\/product_brand?post=7235"},{"taxonomy":"product_cat","embeddable":true,"href":"https:\/\/www.lechemindetraverse.com\/en\/wp-json\/wp\/v2\/product_cat?post=7235"},{"taxonomy":"product_tag","embeddable":true,"href":"https:\/\/www.lechemindetraverse.com\/en\/wp-json\/wp\/v2\/product_tag?post=7235"}],"curies":[{"name":"wp","href":"https:\/\/api.w.org\/{rel}","templated":true}]}}