{"id":7260,"date":"2025-01-15T20:24:50","date_gmt":"2025-01-15T19:24:50","guid":{"rendered":"https:\/\/www.lechemindetraverse.com\/?post_type=product&#038;p=7260"},"modified":"2026-02-08T20:00:22","modified_gmt":"2026-02-08T19:00:22","slug":"boule-a-the-the-copper-kettle-the-wizarding-trunk","status":"publish","type":"product","link":"https:\/\/www.lechemindetraverse.com\/en\/product\/boiling-cauldron\/teapots-of-all-kinds\/boule-a-the-the-copper-kettle-the-wizarding-trunk\/","title":{"rendered":"Boule \u00e0 Th\u00e9 &#8211; The Copper Kettle &#8211; The Wizarding Trunk"},"content":{"rendered":"<p>Cette petite boule \u00e0 th\u00e9 en forme de th\u00e9i\u00e8re est d\u00e9cor\u00e9e d&rsquo;une t\u00eate de sanglier dor\u00e9e. Parfait pour recr\u00e9er l&rsquo;ambiance magique d&rsquo;un pub de Pr\u00e9-au-Lard !<\/p><p>La T\u00eate de Sanglier (angl. Hog&rsquo;s Head) est le nom d&rsquo;une auberge situ\u00e9e dans le village de Pr\u00e9-au-Lard. The Wizarding Trunk s&rsquo;en est inspir\u00e9 pour cet objet, et a appel\u00e9 son pub \u00ab\u00a0The Copper Kettle\u00a0\u00bb (la bouilloire en cuivre, un nom tr\u00e8s commun pour les auberges anglaises).<\/p>","protected":false},"excerpt":{"rendered":"<p>Boule \u00e0 th\u00e9 en forme de th\u00e9i\u00e8re<\/p>\n<p>D\u00e9cor\u00e9e d&rsquo;une t\u00eate de sanglier dor\u00e9e, pour les fans de Pr\u00e9-au-Lard !<\/p>","protected":false},"featured_media":7674,"comment_status":"open","ping_status":"closed","template":"","meta":{"_seopress_robots_primary_cat":"none","_seopress_titles_title":"%%post_title%% %%sep%% %%sitetitle%%","_seopress_titles_desc":"Boule \u00e0 th\u00e9 en forme de th\u00e9i\u00e8re, d\u00e9cor\u00e9e d'une t\u00eate de sanglier dor\u00e9e, pour les fans de Pr\u00e9-au-Lard !","_seopress_robots_index":""},"product_brand":[139],"product_cat":[201],"product_tag":[146],"class_list":{"0":"post-7260","1":"product","2":"type-product","3":"status-publish","4":"has-post-thumbnail","6":"product_brand-the-wizarding-trunk","7":"product_cat-theieres-en-tous-genres","8":"product_tag-pre-au-lard","10":"first","11":"outofstock","12":"shipping-taxable","13":"purchasable","14":"product-type-simple"},"_links":{"self":[{"href":"https:\/\/www.lechemindetraverse.com\/en\/wp-json\/wp\/v2\/product\/7260","targetHints":{"allow":["GET"]}}],"collection":[{"href":"https:\/\/www.lechemindetraverse.com\/en\/wp-json\/wp\/v2\/product"}],"about":[{"href":"https:\/\/www.lechemindetraverse.com\/en\/wp-json\/wp\/v2\/types\/product"}],"replies":[{"embeddable":true,"href":"https:\/\/www.lechemindetraverse.com\/en\/wp-json\/wp\/v2\/comments?post=7260"}],"wp:featuredmedia":[{"embeddable":true,"href":"https:\/\/www.lechemindetraverse.com\/en\/wp-json\/wp\/v2\/media\/7674"}],"wp:attachment":[{"href":"https:\/\/www.lechemindetraverse.com\/en\/wp-json\/wp\/v2\/media?parent=7260"}],"wp:term":[{"taxonomy":"product_brand","embeddable":true,"href":"https:\/\/www.lechemindetraverse.com\/en\/wp-json\/wp\/v2\/product_brand?post=7260"},{"taxonomy":"product_cat","embeddable":true,"href":"https:\/\/www.lechemindetraverse.com\/en\/wp-json\/wp\/v2\/product_cat?post=7260"},{"taxonomy":"product_tag","embeddable":true,"href":"https:\/\/www.lechemindetraverse.com\/en\/wp-json\/wp\/v2\/product_tag?post=7260"}],"curies":[{"name":"wp","href":"https:\/\/api.w.org\/{rel}","templated":true}]}}