{"id":7297,"date":"2025-01-29T11:29:52","date_gmt":"2025-01-29T10:29:52","guid":{"rendered":"https:\/\/www.lechemindetraverse.com\/?post_type=product&#038;p=7297"},"modified":"2025-01-29T12:06:42","modified_gmt":"2025-01-29T11:06:42","slug":"carte-cadeau-le-chemin-de-traverse","status":"publish","type":"product","link":"https:\/\/www.lechemindetraverse.com\/en\/product\/wps_wgm_giftcard\/carte-cadeau-le-chemin-de-traverse\/","title":{"rendered":"Carte Cadeau &#8211; Le Chemin de Traverse"},"content":{"rendered":"<p>Vous cherchez le cadeau id\u00e9al pour un sorcier ou une sorci\u00e8re en herbe ? Ne cherchez plus ! La carte cadeau du Chemin de Traverse ouvre les portes d\u2019un univers enchant\u00e9 rempli de merveilles inspir\u00e9es d\u2019Harry Potter.<\/p><p>\u2728 <strong>Montant au choix<\/strong> : indiquez la somme que vous souhaitez offrir, sans limite minimum ni maximum.<br>\ud83d\udd2e <strong>Aucune date d\u2019expiration<\/strong> : notre magie n\u2019a pas de fin, utilisez la carte quand bon vous semble.<br>\ud83e\ude84 <strong>Utilisable en plusieurs fois<\/strong> : pas besoin de tout d\u00e9penser en une seule commande, la carte s\u2019adapte aux envies de son propri\u00e9taire.<\/p><p>Avec cette carte, vos proches pourront parcourir notre boutique et choisir les tr\u00e9sors qui feront briller leurs yeux. Accessoires, vaisselle, baguettes magiques, objets de collection&#8230; Laissez la magie op\u00e9rer !<\/p><p>Une fois la commande valid\u00e9e, la carte cadeau vous sera envoy\u00e9e par e-mail. Ainsi, vous pourrez soit la transf\u00e9rer, soit l&rsquo;imprimer pour l&rsquo;offrir directement. Carte utilisable en partie ou en totalit\u00e9, sans date limite. Cette carte ne peut pas \u00eatre \u00e9chang\u00e9e contre de l&rsquo;argent. Uniquement valable sur le site <a href=\"http:\/\/www.lechemindetraverse.com\/en\/\">www.lechemindetraverse.com<\/a>.<\/p>","protected":false},"excerpt":{"rendered":"<p>Offrez un cadeau ensorcelant avec la carte cadeau du Chemin de Traverse ! Parfait pour les fans d&rsquo;Harry Potter, elle permet de choisir librement parmi nos tr\u00e9sors magiques. Montant personnalisable, sans date limite, et utilisable en plusieurs fois !<\/p>","protected":false},"featured_media":7300,"comment_status":"closed","ping_status":"closed","template":"","meta":{"_seopress_robots_primary_cat":"none","_seopress_titles_title":"Carte Cadeau Magique \u2013 Offrez un cadeau ensorcelant ! %%sep%% %%sitetitle%%","_seopress_titles_desc":"Offrez la carte cadeau du Chemin de Traverse ! Montant au choix, sans date limite, et utilisable en plusieurs fois. Un cadeau magique pour tous les fans d\u2019Harry Potter !","_seopress_robots_index":""},"product_brand":[],"product_cat":[192],"product_tag":[],"class_list":{"0":"post-7297","1":"product","2":"type-product","3":"status-publish","4":"has-post-thumbnail","6":"product_cat-wps_wgm_giftcard","8":"first","9":"instock","10":"shipping-taxable","11":"purchasable","12":"product-type-wgm_gift_card"},"_links":{"self":[{"href":"https:\/\/www.lechemindetraverse.com\/en\/wp-json\/wp\/v2\/product\/7297","targetHints":{"allow":["GET"]}}],"collection":[{"href":"https:\/\/www.lechemindetraverse.com\/en\/wp-json\/wp\/v2\/product"}],"about":[{"href":"https:\/\/www.lechemindetraverse.com\/en\/wp-json\/wp\/v2\/types\/product"}],"replies":[{"embeddable":true,"href":"https:\/\/www.lechemindetraverse.com\/en\/wp-json\/wp\/v2\/comments?post=7297"}],"wp:featuredmedia":[{"embeddable":true,"href":"https:\/\/www.lechemindetraverse.com\/en\/wp-json\/wp\/v2\/media\/7300"}],"wp:attachment":[{"href":"https:\/\/www.lechemindetraverse.com\/en\/wp-json\/wp\/v2\/media?parent=7297"}],"wp:term":[{"taxonomy":"product_brand","embeddable":true,"href":"https:\/\/www.lechemindetraverse.com\/en\/wp-json\/wp\/v2\/product_brand?post=7297"},{"taxonomy":"product_cat","embeddable":true,"href":"https:\/\/www.lechemindetraverse.com\/en\/wp-json\/wp\/v2\/product_cat?post=7297"},{"taxonomy":"product_tag","embeddable":true,"href":"https:\/\/www.lechemindetraverse.com\/en\/wp-json\/wp\/v2\/product_tag?post=7297"}],"curies":[{"name":"wp","href":"https:\/\/api.w.org\/{rel}","templated":true}]}}