{"id":7351,"date":"2025-02-03T17:11:36","date_gmt":"2025-02-03T16:11:36","guid":{"rendered":"https:\/\/www.lechemindetraverse.com\/?post_type=product&#038;p=7351"},"modified":"2025-05-27T22:21:51","modified_gmt":"2025-05-27T20:21:51","slug":"statuette-de-la-sorciere-bossue-the-wizarding-trunk","status":"publish","type":"product","link":"https:\/\/www.lechemindetraverse.com\/en\/product\/pirouette-et-badin-farces-attrapes\/figurines-repliques\/statuette-de-la-sorciere-bossue-the-wizarding-trunk\/","title":{"rendered":"Statuette de la Sorci\u00e8re Bossue &#8211; The Wizarding Trunk"},"content":{"rendered":"<p>Statuette en r\u00e9sine repr\u00e9sentant une sorci\u00e8re bossue, avec une longue cape et un b\u00e2ton&#8230; Mais d&rsquo;o\u00f9 peut-elle venir ? Et bien c&rsquo;est derri\u00e8re cette statue que se trouve l&rsquo;un des sept passages secrets de Poudlard qui m\u00e8nent en dehors du ch\u00e2teau ! Ce passage m\u00e8ne plus pr\u00e9cis\u00e9ment dans la r\u00e9serve du magasin Honeydukes \u00e0 Pr\u00e9-au-Lard.<\/p><ul class=\"wp-block-list\"><li>Hauteur : 13 cm environ<\/li><\/ul>","protected":false},"excerpt":{"rendered":"<p>R\u00e9plique en r\u00e9sine de la statue de sorci\u00e8re bossue qui garde un passage secret, que Harry Potter d\u00e9couvre dans le troisi\u00e8me tome de la saga.<\/p>\n<p>Parfaite pour votre d\u00e9coration d&rsquo;Halloween, gothique, Harry Potter&#8230;<\/p>","protected":false},"featured_media":7352,"comment_status":"open","ping_status":"closed","template":"","meta":{"_seopress_robots_primary_cat":"none","_seopress_titles_title":"%%post_title%% %%sep%% %%sitetitle%%","_seopress_titles_desc":"Statuette en r\u00e9sine repr\u00e9sentant la sorci\u00e8re bossue qui garde un passage secret, que Harry Potter d\u00e9couvre dans le troisi\u00e8me tome de la saga.","_seopress_robots_index":""},"product_brand":[139],"product_cat":[101],"product_tag":[],"class_list":{"0":"post-7351","1":"product","2":"type-product","3":"status-publish","4":"has-post-thumbnail","6":"product_brand-the-wizarding-trunk","7":"product_cat-figurines-repliques","9":"first","10":"instock","11":"shipping-taxable","12":"purchasable","13":"product-type-simple"},"_links":{"self":[{"href":"https:\/\/www.lechemindetraverse.com\/en\/wp-json\/wp\/v2\/product\/7351","targetHints":{"allow":["GET"]}}],"collection":[{"href":"https:\/\/www.lechemindetraverse.com\/en\/wp-json\/wp\/v2\/product"}],"about":[{"href":"https:\/\/www.lechemindetraverse.com\/en\/wp-json\/wp\/v2\/types\/product"}],"replies":[{"embeddable":true,"href":"https:\/\/www.lechemindetraverse.com\/en\/wp-json\/wp\/v2\/comments?post=7351"}],"wp:featuredmedia":[{"embeddable":true,"href":"https:\/\/www.lechemindetraverse.com\/en\/wp-json\/wp\/v2\/media\/7352"}],"wp:attachment":[{"href":"https:\/\/www.lechemindetraverse.com\/en\/wp-json\/wp\/v2\/media?parent=7351"}],"wp:term":[{"taxonomy":"product_brand","embeddable":true,"href":"https:\/\/www.lechemindetraverse.com\/en\/wp-json\/wp\/v2\/product_brand?post=7351"},{"taxonomy":"product_cat","embeddable":true,"href":"https:\/\/www.lechemindetraverse.com\/en\/wp-json\/wp\/v2\/product_cat?post=7351"},{"taxonomy":"product_tag","embeddable":true,"href":"https:\/\/www.lechemindetraverse.com\/en\/wp-json\/wp\/v2\/product_tag?post=7351"}],"curies":[{"name":"wp","href":"https:\/\/api.w.org\/{rel}","templated":true}]}}