{"id":7360,"date":"2025-02-03T17:16:06","date_gmt":"2025-02-03T16:16:06","guid":{"rendered":"https:\/\/www.lechemindetraverse.com\/?post_type=product&#038;p=7360"},"modified":"2025-06-27T09:35:30","modified_gmt":"2025-06-27T07:35:30","slug":"statuette-du-memorial-des-potter-the-wizarding-trunk","status":"publish","type":"product","link":"https:\/\/www.lechemindetraverse.com\/en\/product\/pirouette-et-badin-farces-attrapes\/figurines-repliques\/statuette-du-memorial-des-potter-the-wizarding-trunk\/","title":{"rendered":"Statuette du M\u00e9morial des Potter &#8211; The Wizarding Trunk"},"content":{"rendered":"<p>Statuette en r\u00e9sine repr\u00e9sentant un couple de sorciers tenant un b\u00e9b\u00e9 dans leurs bras. Ce n&rsquo;est autre que la famille Potter ! La statue que cette r\u00e9plique repr\u00e9sente se trouve \u00e0 Godric&rsquo;s Hollow, on la d\u00e9couvre dans le tome 7 de Harry Potter.<\/p><ul class=\"wp-block-list\"><li>Hauteur : 15 cm environ<\/li><\/ul>","protected":false},"excerpt":{"rendered":"<p>R\u00e9plique en r\u00e9sine du m\u00e9morial \u00e0 la famille Potter<\/p>\n<p>Produit non officiel, imagin\u00e9 par The Wizarding Trunk<\/p>","protected":false},"featured_media":8159,"comment_status":"open","ping_status":"closed","template":"","meta":{"_seopress_robots_primary_cat":"none","_seopress_titles_title":"%%post_title%% %%sep%% %%sitetitle%%","_seopress_titles_desc":"Statuette en r\u00e9sine repr\u00e9sentant le m\u00e9morial \u00e0 la famille Potter. On y voit James, Harry et Lily Potter, enlac\u00e9s.","_seopress_robots_index":""},"product_brand":[139],"product_cat":[101],"product_tag":[],"class_list":{"0":"post-7360","1":"product","2":"type-product","3":"status-publish","4":"has-post-thumbnail","6":"product_brand-the-wizarding-trunk","7":"product_cat-figurines-repliques","9":"first","10":"instock","11":"shipping-taxable","12":"purchasable","13":"product-type-simple"},"_links":{"self":[{"href":"https:\/\/www.lechemindetraverse.com\/en\/wp-json\/wp\/v2\/product\/7360","targetHints":{"allow":["GET"]}}],"collection":[{"href":"https:\/\/www.lechemindetraverse.com\/en\/wp-json\/wp\/v2\/product"}],"about":[{"href":"https:\/\/www.lechemindetraverse.com\/en\/wp-json\/wp\/v2\/types\/product"}],"replies":[{"embeddable":true,"href":"https:\/\/www.lechemindetraverse.com\/en\/wp-json\/wp\/v2\/comments?post=7360"}],"wp:featuredmedia":[{"embeddable":true,"href":"https:\/\/www.lechemindetraverse.com\/en\/wp-json\/wp\/v2\/media\/8159"}],"wp:attachment":[{"href":"https:\/\/www.lechemindetraverse.com\/en\/wp-json\/wp\/v2\/media?parent=7360"}],"wp:term":[{"taxonomy":"product_brand","embeddable":true,"href":"https:\/\/www.lechemindetraverse.com\/en\/wp-json\/wp\/v2\/product_brand?post=7360"},{"taxonomy":"product_cat","embeddable":true,"href":"https:\/\/www.lechemindetraverse.com\/en\/wp-json\/wp\/v2\/product_cat?post=7360"},{"taxonomy":"product_tag","embeddable":true,"href":"https:\/\/www.lechemindetraverse.com\/en\/wp-json\/wp\/v2\/product_tag?post=7360"}],"curies":[{"name":"wp","href":"https:\/\/api.w.org\/{rel}","templated":true}]}}