{"id":7697,"date":"2025-05-18T08:51:47","date_gmt":"2025-05-18T06:51:47","guid":{"rendered":"https:\/\/www.lechemindetraverse.com\/?post_type=product&#038;p=7697"},"modified":"2026-03-24T09:25:03","modified_gmt":"2026-03-24T08:25:03","slug":"chaudron-bruleur-dhuile-something-different","status":"publish","type":"product","link":"https:\/\/www.lechemindetraverse.com\/en\/product\/apothecary\/bougies-parfumees\/chaudron-bruleur-dhuile-something-different\/","title":{"rendered":"Chaudron Br\u00fbleur d&rsquo;Huile &#8211; Something Different"},"content":{"rendered":"<p>Ce br\u00fbleur d&rsquo;huile s&rsquo;inspire du design d&rsquo;un chaudron noir avec des d\u00e9tails d&rsquo;\u00e9toiles d\u00e9coup\u00e9es. Une excellente id\u00e9e de cadeau pour tous ceux qui s&rsquo;int\u00e9ressent \u00e0 la sorcellerie. Cet article peut \u00e9galement \u00eatre utilis\u00e9 comme br\u00fbleur de cire fondue, mais il est conseill\u00e9 de tenir compte de la taille et de la profondeur du bol lorsque l&rsquo;on ajoute de la cire afin de s&rsquo;assurer qu&rsquo;elle ne d\u00e9borde pas des bords lorsqu&rsquo;elle est fondue.<\/p><p>Mode d&#8217;emploi :<\/p><ul class=\"wp-block-list\"><li>Veillez \u00e0 ce que le br\u00fbleur soit plac\u00e9 sur une surface plane, non encombr\u00e9e et r\u00e9sistante \u00e0 la chaleur.<\/li>\n\n<li>V\u00e9rifiez que l&rsquo;endroit est ouvert et bien a\u00e9r\u00e9.<\/li>\n\n<li>Remplissez la coupelle avec une quantit\u00e9 appropri\u00e9e de cire, sans la d\u00e9border. Si vous utilisez une huile parfum\u00e9e, utilisez 2 \u00e0 3 gouttes d&rsquo;huile dilu\u00e9es dans de l&rsquo;eau.<\/li>\n\n<li>Placez une bougie \u00e0 r\u00e9chaud non parfum\u00e9e au fond du br\u00fbleur et veillez \u00e0 ce que la m\u00e8che<br>soit debout.<\/li>\n\n<li>Allumez la bougie \u00e0 l&rsquo;aide d&rsquo;un briquet \u00e0 long manche (type allume-feu) ou une grande allumette.<\/li>\n\n<li>V\u00e9rifiez r\u00e9guli\u00e8rement votre br\u00fbleur. Maintenez un niveau appropri\u00e9 d&rsquo;huile ou de cire dans le plat<br>et surveillez l&rsquo;apparition de fum\u00e9e dans le br\u00fbleur. Si votre br\u00fbleur commence \u00e0 fumer, \u00e9teignez<br>la bougie, nettoyez votre br\u00fbleur et recommencez avec une nouvelle bougie \u00e0 r\u00e9chaud.<\/li>\n\n<li>\u00c9teignez la bougie si vous devez quitter la pi\u00e8ce. Utilisez un \u00e9touffe-bougie et ne la soufflez pas.<\/li>\n\n<li>Ne touchez pas l&rsquo;huile, la cire ou le support avant qu&rsquo;il ne soit compl\u00e8tement refroidi.<\/li>\n\n<li>Laissez le br\u00fbleur refroidir compl\u00e8tement avant de le nettoyer.<\/li>\n\n<li>Pour enlever la cire, attendez qu&rsquo;elle durcisse et retirez-la avec pr\u00e9caution.<\/li>\n\n<li>Nettoyer les r\u00e9sidus avec de l&rsquo;eau chaude savonneuse et s\u00e9cher.<\/li><\/ul><p>Pr\u00e9cautions d&#8217;emploi :<\/p><ul class=\"wp-block-list\"><li>Ne mettez jamais plus de cire ou d&rsquo;huile dans votre br\u00fbleur lorsque la bougie est encore allum\u00e9e.<\/li>\n\n<li>\u00e9teignez d&rsquo;abord la bougie pour assurer votre s\u00e9curit\u00e9.<\/li>\n\n<li>ne surchargez pas votre br\u00fbleur. Il risquerait d&rsquo;\u00e9clabousser et de s&rsquo;accrocher.<\/li>\n\n<li>ne placez pas le br\u00fbleur dans un endroit o\u00f9 il peut \u00eatre facilement renvers\u00e9.<\/li>\n\n<li>tenez-le \u00e9loign\u00e9 des objets inflammables.<\/li>\n\n<li>ne laissez jamais une bougie allum\u00e9e sans surveillance<\/li>\n\n<li>tenez votre br\u00fbleur \u00e0 l&rsquo;\u00e9cart des enfants et des animaux domestiques.<\/li>\n\n<li>gardez votre br\u00fbleur propre. D\u00e9barrassez-vous de la cire ou de l&rsquo;huile inutilis\u00e9e lorsque vous avez<br>termin\u00e9 d&rsquo;utiliser votre br\u00fbleur.<\/li>\n\n<li>lisez et suivez toujours les instructions du fabricant des bougies.<\/li>\n\n<li>ne laissez pas la cire ou l&rsquo;huile chaude entrer en contact avec la peau.<\/li><\/ul><p>Caract\u00e9ristiques :<\/p><ul class=\"wp-block-list\"><li>Dimensions : H : 12,5 cm x L : 13,5 cm x P : 12 cm<\/li><\/ul>","protected":false},"excerpt":{"rendered":"<p>Chaudron en c\u00e9ramique pour br\u00fbler vos huiles et cires parfum\u00e9es<\/p>","protected":false},"featured_media":7698,"comment_status":"open","ping_status":"closed","template":"","meta":{"_seopress_robots_primary_cat":"none","_seopress_titles_title":"%%post_title%% %%sep%% %%sitetitle%%","_seopress_titles_desc":"Ce br\u00fbleur d'huile s'inspire du design d'un chaudron noir avec des d\u00e9tails d'\u00e9toiles d\u00e9coup\u00e9es. Une excellente id\u00e9e de cadeau pour tous ceux qui s'int\u00e9ressent \u00e0 la sorcellerie.","_seopress_robots_index":""},"product_brand":[126],"product_cat":[167],"product_tag":[],"class_list":{"0":"post-7697","1":"product","2":"type-product","3":"status-publish","4":"has-post-thumbnail","6":"product_brand-something-different","7":"product_cat-bougies-parfumees","9":"first","10":"instock","11":"shipping-taxable","12":"purchasable","13":"product-type-simple"},"_links":{"self":[{"href":"https:\/\/www.lechemindetraverse.com\/en\/wp-json\/wp\/v2\/product\/7697","targetHints":{"allow":["GET"]}}],"collection":[{"href":"https:\/\/www.lechemindetraverse.com\/en\/wp-json\/wp\/v2\/product"}],"about":[{"href":"https:\/\/www.lechemindetraverse.com\/en\/wp-json\/wp\/v2\/types\/product"}],"replies":[{"embeddable":true,"href":"https:\/\/www.lechemindetraverse.com\/en\/wp-json\/wp\/v2\/comments?post=7697"}],"wp:featuredmedia":[{"embeddable":true,"href":"https:\/\/www.lechemindetraverse.com\/en\/wp-json\/wp\/v2\/media\/7698"}],"wp:attachment":[{"href":"https:\/\/www.lechemindetraverse.com\/en\/wp-json\/wp\/v2\/media?parent=7697"}],"wp:term":[{"taxonomy":"product_brand","embeddable":true,"href":"https:\/\/www.lechemindetraverse.com\/en\/wp-json\/wp\/v2\/product_brand?post=7697"},{"taxonomy":"product_cat","embeddable":true,"href":"https:\/\/www.lechemindetraverse.com\/en\/wp-json\/wp\/v2\/product_cat?post=7697"},{"taxonomy":"product_tag","embeddable":true,"href":"https:\/\/www.lechemindetraverse.com\/en\/wp-json\/wp\/v2\/product_tag?post=7697"}],"curies":[{"name":"wp","href":"https:\/\/api.w.org\/{rel}","templated":true}]}}