{"id":7708,"date":"2025-05-27T22:55:58","date_gmt":"2025-05-27T20:55:58","guid":{"rendered":"https:\/\/www.lechemindetraverse.com\/?post_type=product&#038;p=7708"},"modified":"2025-12-24T09:48:56","modified_gmt":"2025-12-24T08:48:56","slug":"statuette-de-gobelin-banquier-the-wizarding-trunk","status":"publish","type":"product","link":"https:\/\/www.lechemindetraverse.com\/en\/product\/pirouette-et-badin-farces-attrapes\/figurines-repliques\/statuette-de-gobelin-banquier-the-wizarding-trunk\/","title":{"rendered":"Statuette de Gobelin Banquier &#8211; The Wizarding Trunk"},"content":{"rendered":"<p>Statuette en r\u00e9sine dor\u00e9e repr\u00e9sentant un banquier gobelin, debout sur un socle de galion.<\/p><ul class=\"wp-block-list\"><li>Hauteur : x cm environ<\/li>\n\n<li>Les accessoires pr\u00e9sent\u00e9s ne sont pas inclus<\/li><\/ul>","protected":false},"excerpt":{"rendered":"<p>R\u00e9plique en r\u00e9sine de statuette de gobelin banquier de Gringotts<\/p>\n<p>Produit non officiel, imagin\u00e9 par The Wizarding Trunk<\/p>","protected":false},"featured_media":7709,"comment_status":"open","ping_status":"closed","template":"","meta":{"_seopress_robots_primary_cat":"none","_seopress_titles_title":"%%post_title%% %%sep%% %%sitetitle%%","_seopress_titles_desc":"R\u00e9plique en r\u00e9sine de statuette de gobelin banquier de Gringotts","_seopress_robots_index":""},"product_brand":[139],"product_cat":[101],"product_tag":[],"class_list":{"0":"post-7708","1":"product","2":"type-product","3":"status-publish","4":"has-post-thumbnail","6":"product_brand-the-wizarding-trunk","7":"product_cat-figurines-repliques","9":"first","10":"instock","11":"shipping-taxable","12":"purchasable","13":"product-type-simple"},"_links":{"self":[{"href":"https:\/\/www.lechemindetraverse.com\/en\/wp-json\/wp\/v2\/product\/7708","targetHints":{"allow":["GET"]}}],"collection":[{"href":"https:\/\/www.lechemindetraverse.com\/en\/wp-json\/wp\/v2\/product"}],"about":[{"href":"https:\/\/www.lechemindetraverse.com\/en\/wp-json\/wp\/v2\/types\/product"}],"replies":[{"embeddable":true,"href":"https:\/\/www.lechemindetraverse.com\/en\/wp-json\/wp\/v2\/comments?post=7708"}],"wp:featuredmedia":[{"embeddable":true,"href":"https:\/\/www.lechemindetraverse.com\/en\/wp-json\/wp\/v2\/media\/7709"}],"wp:attachment":[{"href":"https:\/\/www.lechemindetraverse.com\/en\/wp-json\/wp\/v2\/media?parent=7708"}],"wp:term":[{"taxonomy":"product_brand","embeddable":true,"href":"https:\/\/www.lechemindetraverse.com\/en\/wp-json\/wp\/v2\/product_brand?post=7708"},{"taxonomy":"product_cat","embeddable":true,"href":"https:\/\/www.lechemindetraverse.com\/en\/wp-json\/wp\/v2\/product_cat?post=7708"},{"taxonomy":"product_tag","embeddable":true,"href":"https:\/\/www.lechemindetraverse.com\/en\/wp-json\/wp\/v2\/product_tag?post=7708"}],"curies":[{"name":"wp","href":"https:\/\/api.w.org\/{rel}","templated":true}]}}