{"id":7796,"date":"2025-05-31T16:04:55","date_gmt":"2025-05-31T14:04:55","guid":{"rendered":"https:\/\/www.lechemindetraverse.com\/?post_type=product&#038;p=7796"},"modified":"2026-03-09T16:35:13","modified_gmt":"2026-03-09T15:35:13","slug":"boite-de-rangement-en-forme-de-livre-bibliotheque-de-plantes-veneneuses-something-different","status":"publish","type":"product","link":"https:\/\/www.lechemindetraverse.com\/en\/product\/apothecary\/apothecary-tool-accessories\/boite-de-rangement-en-forme-de-livre-bibliotheque-de-plantes-veneneuses-something-different\/","title":{"rendered":"Bo\u00eete de Rangement en Forme de Livre &#8211; Biblioth\u00e8que de Plantes V\u00e9n\u00e9neuses &#8211; Something Different"},"content":{"rendered":"<p>Gardez vos tr\u00e9sors cach\u00e9s \u00e0 la vue de tous gr\u00e2ce \u00e0 cette bo\u00eete de rangement en forme de livre. Avec son design \u00ab\u00a0Biblioth\u00e8que de plantes v\u00e9n\u00e9neuses\u00a0\u00bb, elle constitue un ajout \u00e0 la fois \u00e9l\u00e9gant et fonctionnel \u00e0 votre int\u00e9rieur.<\/p><p>Compl\u00e9tez votre cabinet de curiosit\u00e9s avec cette boite \u00e0 tr\u00e9sor, que l&rsquo;on pourrait trouver dans la biblioth\u00e8que des professeurs Chourave et Rogue !<\/p><p>Mati\u00e8re : MDF.<br>Dimensions : H : 21 cm x L : 15,5 cm x P : 5 cm<\/p>","protected":false},"excerpt":{"rendered":"<p>Compl\u00e9tez votre cabinet de curiosit\u00e9s avec cette boite \u00e0 tr\u00e9sors, que l&rsquo;on pourrait trouver dans la biblioth\u00e8que des professeurs Chourave et Rogue !<\/p>","protected":false},"featured_media":7797,"comment_status":"open","ping_status":"closed","template":"","meta":{"_seopress_robots_primary_cat":"none","_seopress_titles_title":"%%post_title%% %%sep%% %%sitetitle%%","_seopress_titles_desc":"Compl\u00e9tez votre cabinet de curiosit\u00e9s avec cette boite \u00e0 tr\u00e9sors, que l'on pourrait trouver dans la biblioth\u00e8que des professeurs Chourave et Rogue !","_seopress_robots_index":""},"product_brand":[126],"product_cat":[169],"product_tag":[],"class_list":{"0":"post-7796","1":"product","2":"type-product","3":"status-publish","4":"has-post-thumbnail","6":"product_brand-something-different","7":"product_cat-accessoires-outils-apothicaire","9":"first","10":"instock","11":"shipping-taxable","12":"purchasable","13":"product-type-simple"},"_links":{"self":[{"href":"https:\/\/www.lechemindetraverse.com\/en\/wp-json\/wp\/v2\/product\/7796","targetHints":{"allow":["GET"]}}],"collection":[{"href":"https:\/\/www.lechemindetraverse.com\/en\/wp-json\/wp\/v2\/product"}],"about":[{"href":"https:\/\/www.lechemindetraverse.com\/en\/wp-json\/wp\/v2\/types\/product"}],"replies":[{"embeddable":true,"href":"https:\/\/www.lechemindetraverse.com\/en\/wp-json\/wp\/v2\/comments?post=7796"}],"wp:featuredmedia":[{"embeddable":true,"href":"https:\/\/www.lechemindetraverse.com\/en\/wp-json\/wp\/v2\/media\/7797"}],"wp:attachment":[{"href":"https:\/\/www.lechemindetraverse.com\/en\/wp-json\/wp\/v2\/media?parent=7796"}],"wp:term":[{"taxonomy":"product_brand","embeddable":true,"href":"https:\/\/www.lechemindetraverse.com\/en\/wp-json\/wp\/v2\/product_brand?post=7796"},{"taxonomy":"product_cat","embeddable":true,"href":"https:\/\/www.lechemindetraverse.com\/en\/wp-json\/wp\/v2\/product_cat?post=7796"},{"taxonomy":"product_tag","embeddable":true,"href":"https:\/\/www.lechemindetraverse.com\/en\/wp-json\/wp\/v2\/product_tag?post=7796"}],"curies":[{"name":"wp","href":"https:\/\/api.w.org\/{rel}","templated":true}]}}