{"id":7847,"date":"2025-05-31T18:16:07","date_gmt":"2025-05-31T16:16:07","guid":{"rendered":"https:\/\/www.lechemindetraverse.com\/?post_type=product&#038;p=7847"},"modified":"2025-08-27T23:00:08","modified_gmt":"2025-08-27T21:00:08","slug":"bougeoir-a-serres-de-corbeau-something-different","status":"publish","type":"product","link":"https:\/\/www.lechemindetraverse.com\/en\/product\/apothecary\/bougies-decoratives\/bougeoir-a-serres-de-corbeau-something-different\/","title":{"rendered":"Bougeoir \u00e0 Serres de Corbeau &#8211; Something Different"},"content":{"rendered":"<p>Apportez un charme gothique dramatique \u00e0 votre int\u00e9rieur avec ce bougeoir en forme de griffe de corbeau. Un objet de d\u00e9coration unique pour Halloween ou pour le quotidien gothique. Mais aussi parfait pour les fans de Serdaigle ! En Anglais, la Maison de Poudlard \u00ab\u00a0Serdaigle\u00a0\u00bb se nomme \u00ab\u00a0Ravenclaw\u00a0\u00bb, qui se traduit litt\u00e9ralement par griffes \/ serres de corbeau&#8230;<\/p><p>Compl\u00e9tez votre cabinet de curiosit\u00e9s avec ce bougeoir, que l&rsquo;on pourrait trouver sur toutes les \u00e9tag\u00e8res \u00e0 Poudlard !<\/p><p>Mati\u00e8re : R\u00e9sine.<br>Dimensions : H : 12 cm x L : 8,5 cm x P : 8,5 cm<\/p>","protected":false},"excerpt":{"rendered":"<p>Compl\u00e9tez votre cabinet de curiosit\u00e9s avec ce bougeoir, que l&rsquo;on pourrait trouver sur toutes les \u00e9tag\u00e8res \u00e0 Poudlard !<\/p>","protected":false},"featured_media":7848,"comment_status":"open","ping_status":"closed","template":"","meta":{"_seopress_robots_primary_cat":"none","_seopress_titles_title":"%%post_title%% %%sep%% %%sitetitle%%","_seopress_titles_desc":"Compl\u00e9tez votre cabinet de curiosit\u00e9s avec ce bougeoir, que l'on pourrait trouver sur toutes les \u00e9tag\u00e8res \u00e0 Poudlard !","_seopress_robots_index":""},"product_brand":[126],"product_cat":[168],"product_tag":[138],"class_list":{"0":"post-7847","1":"product","2":"type-product","3":"status-publish","4":"has-post-thumbnail","6":"product_brand-something-different","7":"product_cat-bougies-decoratives","8":"product_tag-halloween","10":"first","11":"instock","12":"shipping-taxable","13":"purchasable","14":"product-type-simple"},"_links":{"self":[{"href":"https:\/\/www.lechemindetraverse.com\/en\/wp-json\/wp\/v2\/product\/7847","targetHints":{"allow":["GET"]}}],"collection":[{"href":"https:\/\/www.lechemindetraverse.com\/en\/wp-json\/wp\/v2\/product"}],"about":[{"href":"https:\/\/www.lechemindetraverse.com\/en\/wp-json\/wp\/v2\/types\/product"}],"replies":[{"embeddable":true,"href":"https:\/\/www.lechemindetraverse.com\/en\/wp-json\/wp\/v2\/comments?post=7847"}],"wp:featuredmedia":[{"embeddable":true,"href":"https:\/\/www.lechemindetraverse.com\/en\/wp-json\/wp\/v2\/media\/7848"}],"wp:attachment":[{"href":"https:\/\/www.lechemindetraverse.com\/en\/wp-json\/wp\/v2\/media?parent=7847"}],"wp:term":[{"taxonomy":"product_brand","embeddable":true,"href":"https:\/\/www.lechemindetraverse.com\/en\/wp-json\/wp\/v2\/product_brand?post=7847"},{"taxonomy":"product_cat","embeddable":true,"href":"https:\/\/www.lechemindetraverse.com\/en\/wp-json\/wp\/v2\/product_cat?post=7847"},{"taxonomy":"product_tag","embeddable":true,"href":"https:\/\/www.lechemindetraverse.com\/en\/wp-json\/wp\/v2\/product_tag?post=7847"}],"curies":[{"name":"wp","href":"https:\/\/api.w.org\/{rel}","templated":true}]}}