{"id":7853,"date":"2025-05-31T18:21:36","date_gmt":"2025-05-31T16:21:36","guid":{"rendered":"https:\/\/www.lechemindetraverse.com\/?post_type=product&#038;p=7853"},"modified":"2025-06-10T21:46:02","modified_gmt":"2025-06-10T19:46:02","slug":"plaque-a-suspendre-attention-corbeau-something-different","status":"publish","type":"product","link":"https:\/\/www.lechemindetraverse.com\/en\/product\/boiling-cauldron\/decoration-harry-potter\/plaque-a-suspendre-attention-corbeau-something-different\/","title":{"rendered":"Plaque \u00e0 Suspendre &#8211; Attention Corbeau &#8211; Something Different"},"content":{"rendered":"<p>Pr\u00e9venez vos invit\u00e9s avec cette plaque \u00e9maill\u00e9e \u00e0 suspendre en m\u00e9tal d\u00e9clarant \u00ab\u00a0Prot\u00e9g\u00e9 par un corbeau\u00a0\u00bb, avec des images gothiques de corbeaux et de lune. Un compl\u00e9ment id\u00e9al pour les entr\u00e9es gothiques ou un cadeau original pour les amateurs de macabre.<\/p><p>Compl\u00e9tez votre cabinet de curiosit\u00e9s avec cette plaque, que l&rsquo;on pourrait trouver \u00e0 l&rsquo;entr\u00e9e des chambres des Serdaigles !<\/p><p>Mati\u00e8re : M\u00e9tal.<br>Dimensions : H : 30 cm x L : 20 cm<\/p>","protected":false},"excerpt":{"rendered":"<p>Compl\u00e9tez votre cabinet de curiosit\u00e9s avec ce panneau disant :<\/p>\n<p>\u00ab\u00a0Attention, cette propri\u00e9t\u00e9 est prot\u00e9g\u00e9e par un corbeau surentrain\u00e9. Nous ne serons pas tenu responsables de toute blessure ou mort \u00e9ventuelle\u00a0\u00bb.<\/p>","protected":false},"featured_media":7854,"comment_status":"open","ping_status":"closed","template":"","meta":{"_seopress_robots_primary_cat":"none","_seopress_titles_title":"plaque \u00e9maill\u00e9e %%post_title%% %%sep%% %%sitetitle%%","_seopress_titles_desc":"Compl\u00e9tez votre cabinet de curiosit\u00e9s avec cette plaque \u00e9maill\u00e9e \"attention, prot\u00e9g\u00e9 par un corbeau\" !","_seopress_robots_index":""},"product_brand":[126],"product_cat":[105],"product_tag":[],"class_list":{"0":"post-7853","1":"product","2":"type-product","3":"status-publish","4":"has-post-thumbnail","6":"product_brand-something-different","7":"product_cat-decoration-harry-potter","9":"first","10":"instock","11":"shipping-taxable","12":"purchasable","13":"product-type-simple"},"_links":{"self":[{"href":"https:\/\/www.lechemindetraverse.com\/en\/wp-json\/wp\/v2\/product\/7853","targetHints":{"allow":["GET"]}}],"collection":[{"href":"https:\/\/www.lechemindetraverse.com\/en\/wp-json\/wp\/v2\/product"}],"about":[{"href":"https:\/\/www.lechemindetraverse.com\/en\/wp-json\/wp\/v2\/types\/product"}],"replies":[{"embeddable":true,"href":"https:\/\/www.lechemindetraverse.com\/en\/wp-json\/wp\/v2\/comments?post=7853"}],"wp:featuredmedia":[{"embeddable":true,"href":"https:\/\/www.lechemindetraverse.com\/en\/wp-json\/wp\/v2\/media\/7854"}],"wp:attachment":[{"href":"https:\/\/www.lechemindetraverse.com\/en\/wp-json\/wp\/v2\/media?parent=7853"}],"wp:term":[{"taxonomy":"product_brand","embeddable":true,"href":"https:\/\/www.lechemindetraverse.com\/en\/wp-json\/wp\/v2\/product_brand?post=7853"},{"taxonomy":"product_cat","embeddable":true,"href":"https:\/\/www.lechemindetraverse.com\/en\/wp-json\/wp\/v2\/product_cat?post=7853"},{"taxonomy":"product_tag","embeddable":true,"href":"https:\/\/www.lechemindetraverse.com\/en\/wp-json\/wp\/v2\/product_tag?post=7853"}],"curies":[{"name":"wp","href":"https:\/\/api.w.org\/{rel}","templated":true}]}}