{"id":7940,"date":"2025-06-01T14:24:50","date_gmt":"2025-06-01T12:24:50","guid":{"rendered":"https:\/\/www.lechemindetraverse.com\/?post_type=product&#038;p=7940"},"modified":"2025-08-27T23:00:07","modified_gmt":"2025-08-27T21:00:07","slug":"bougeoir-fantome-et-sa-bougie-something-different","status":"publish","type":"product","link":"https:\/\/www.lechemindetraverse.com\/en\/product\/apothecary\/bougies-decoratives\/bougeoir-fantome-et-sa-bougie-something-different\/","title":{"rendered":"Bougeoir Fant\u00f4me et sa Bougie &#8211; Something Different"},"content":{"rendered":"<p>Cr\u00e9ez une atmosph\u00e8re \u00e9trangement \u00e9l\u00e9gante avec ce bougeoir fant\u00f4me en c\u00e9ramique, accompagn\u00e9 d&rsquo;une bougie imprim\u00e9e. Une adorable pi\u00e8ce pour la d\u00e9coration d&rsquo;Halloween ou comme joli cadeau saisonnier.<\/p><ul class=\"wp-block-list\"><li>Dur\u00e9e de combustion d&rsquo;environ 5 heures.<\/li>\n\n<li>Cire de paraffine non parfum\u00e9e.<\/li>\n\n<li>Ne jamais laisser une bougie allum\u00e9e sans surveillance.<\/li>\n\n<li>Les autres articles et accessoires pr\u00e9sent\u00e9s en photos sont vendus s\u00e9par\u00e9ment<\/li><\/ul><p>La m\u00eame bougie est \u00e9galement disponible en lot de trois.<\/p>","protected":false},"excerpt":{"rendered":"<p>Cr\u00e9ez une atmosph\u00e8re \u00e9trangement \u00e9l\u00e9gante avec ce bougeoir fant\u00f4me en c\u00e9ramique, accompagn\u00e9 d&rsquo;une bougie imprim\u00e9e.<\/p>","protected":false},"featured_media":7943,"comment_status":"closed","ping_status":"closed","template":"","meta":{"_seopress_robots_primary_cat":"none","_seopress_titles_title":"%%post_title%% %%sep%% %%sitetitle%%","_seopress_titles_desc":"Cr\u00e9ez une atmosph\u00e8re \u00e9trangement \u00e9l\u00e9gante avec ce bougeoir fant\u00f4me en c\u00e9ramique, accompagn\u00e9 d'une bougie imprim\u00e9e.","_seopress_robots_index":""},"product_brand":[126],"product_cat":[168],"product_tag":[138],"class_list":{"0":"post-7940","1":"product","2":"type-product","3":"status-publish","4":"has-post-thumbnail","6":"product_brand-something-different","7":"product_cat-bougies-decoratives","8":"product_tag-halloween","10":"first","11":"instock","12":"shipping-taxable","13":"purchasable","14":"product-type-simple"},"_links":{"self":[{"href":"https:\/\/www.lechemindetraverse.com\/en\/wp-json\/wp\/v2\/product\/7940","targetHints":{"allow":["GET"]}}],"collection":[{"href":"https:\/\/www.lechemindetraverse.com\/en\/wp-json\/wp\/v2\/product"}],"about":[{"href":"https:\/\/www.lechemindetraverse.com\/en\/wp-json\/wp\/v2\/types\/product"}],"replies":[{"embeddable":true,"href":"https:\/\/www.lechemindetraverse.com\/en\/wp-json\/wp\/v2\/comments?post=7940"}],"wp:featuredmedia":[{"embeddable":true,"href":"https:\/\/www.lechemindetraverse.com\/en\/wp-json\/wp\/v2\/media\/7943"}],"wp:attachment":[{"href":"https:\/\/www.lechemindetraverse.com\/en\/wp-json\/wp\/v2\/media?parent=7940"}],"wp:term":[{"taxonomy":"product_brand","embeddable":true,"href":"https:\/\/www.lechemindetraverse.com\/en\/wp-json\/wp\/v2\/product_brand?post=7940"},{"taxonomy":"product_cat","embeddable":true,"href":"https:\/\/www.lechemindetraverse.com\/en\/wp-json\/wp\/v2\/product_cat?post=7940"},{"taxonomy":"product_tag","embeddable":true,"href":"https:\/\/www.lechemindetraverse.com\/en\/wp-json\/wp\/v2\/product_tag?post=7940"}],"curies":[{"name":"wp","href":"https:\/\/api.w.org\/{rel}","templated":true}]}}