{"id":7996,"date":"2025-06-04T23:20:18","date_gmt":"2025-06-04T21:20:18","guid":{"rendered":"https:\/\/www.lechemindetraverse.com\/?post_type=product&#038;p=7996"},"modified":"2026-03-22T22:03:04","modified_gmt":"2026-03-22T21:03:04","slug":"mini-sac-isotherme-foret-interdite-something-different","status":"publish","type":"product","link":"https:\/\/www.lechemindetraverse.com\/en\/product\/mrs-guipure\/leather-goods-bags\/mini-sac-isotherme-foret-interdite-something-different\/","title":{"rendered":"Mini Cooler Bag \u2013 Forbidden Forest \u2013 Something Different"},"content":{"rendered":"<p>Transportez vos repas avec style gr\u00e2ce \u00e0 ce sac \u00e0 lunch mystique, fabriqu\u00e9 \u00e0 partir de plastique recycl\u00e9 et d\u00e9cor\u00e9 d&rsquo;un imprim\u00e9 de la for\u00eat interdite. Que ce soit pour l&rsquo;\u00e9cole, le travail ou un pique-nique dans le parc, ce petit sac glaci\u00e8re offre un design joli et pratique pour le d\u00e9jeuner ou les collations sur le pouce.<\/p><ul class=\"wp-block-list\"><li>Int\u00e9rieur isol\u00e9.<\/li>\n\n<li>Nettoyage par essuyage.<\/li>\n\n<li>Dimensions : 21,5 cm x 15 cm x 13 cm<\/li><\/ul><h2 class=\"wp-block-heading\">Collection For\u00eat Interdite<\/h2><p>La for\u00eat interdite est sombre, si sombre\u2026 mais elle regorge tout de m\u00eame d\u2019une vie palpitante ! Champignons, foug\u00e8res et papillons de nuit sont r\u00e9v\u00e9l\u00e9s par le clair de lune\u2026 Ne vous aventurez pas en dehors du chemin ! <\/p><p>Un beau cadeau pour les amateurs de botanique et de potions. Et de go\u00fbters !<\/p>","protected":false},"excerpt":{"rendered":"<p>Petit sac isotherme avec d\u00e9cor de for\u00eat interdite. Un beau cadeau pour les amateurs de botanique et de balades en for\u00eat.<\/p>\n<p>21,5 x 15 x 13 cm<\/p>","protected":false},"featured_media":7997,"comment_status":"open","ping_status":"closed","template":"","meta":{"_seopress_robots_primary_cat":"none","_seopress_titles_title":"%%post_title%% %%sep%% %%sitetitle%%","_seopress_titles_desc":"Petit sac isotherme avec d\u00e9cor de for\u00eat interdite. Cette petite glaci\u00e8re ferait un beau cadeau pour les amateurs de botanique et de balades en for\u00eat.\r\n\r\n21,5 x 15 x 13 cm","_seopress_robots_index":""},"product_brand":[126],"product_cat":[112],"product_tag":[163],"class_list":{"0":"post-7996","1":"product","2":"type-product","3":"status-publish","4":"has-post-thumbnail","6":"product_brand-something-different","7":"product_cat-sacs-maroquinerie","8":"product_tag-foret-interdite","10":"first","11":"instock","12":"shipping-taxable","13":"purchasable","14":"product-type-simple"},"_links":{"self":[{"href":"https:\/\/www.lechemindetraverse.com\/en\/wp-json\/wp\/v2\/product\/7996","targetHints":{"allow":["GET"]}}],"collection":[{"href":"https:\/\/www.lechemindetraverse.com\/en\/wp-json\/wp\/v2\/product"}],"about":[{"href":"https:\/\/www.lechemindetraverse.com\/en\/wp-json\/wp\/v2\/types\/product"}],"replies":[{"embeddable":true,"href":"https:\/\/www.lechemindetraverse.com\/en\/wp-json\/wp\/v2\/comments?post=7996"}],"wp:featuredmedia":[{"embeddable":true,"href":"https:\/\/www.lechemindetraverse.com\/en\/wp-json\/wp\/v2\/media\/7997"}],"wp:attachment":[{"href":"https:\/\/www.lechemindetraverse.com\/en\/wp-json\/wp\/v2\/media?parent=7996"}],"wp:term":[{"taxonomy":"product_brand","embeddable":true,"href":"https:\/\/www.lechemindetraverse.com\/en\/wp-json\/wp\/v2\/product_brand?post=7996"},{"taxonomy":"product_cat","embeddable":true,"href":"https:\/\/www.lechemindetraverse.com\/en\/wp-json\/wp\/v2\/product_cat?post=7996"},{"taxonomy":"product_tag","embeddable":true,"href":"https:\/\/www.lechemindetraverse.com\/en\/wp-json\/wp\/v2\/product_tag?post=7996"}],"curies":[{"name":"wp","href":"https:\/\/api.w.org\/{rel}","templated":true}]}}