{"id":8001,"date":"2025-06-04T23:37:09","date_gmt":"2025-06-04T21:37:09","guid":{"rendered":"https:\/\/www.lechemindetraverse.com\/?post_type=product&#038;p=8001"},"modified":"2026-03-22T22:02:05","modified_gmt":"2026-03-22T21:02:05","slug":"mini-insulated-bag-mushrooms-something-different","status":"publish","type":"product","link":"https:\/\/www.lechemindetraverse.com\/en\/product\/mrs-guipure\/leather-goods-bags\/mini-insulated-bag-mushrooms-something-different\/","title":{"rendered":"Mini Cooler Bag \u2013 Mushrooms \u2013 Something Different"},"content":{"rendered":"<p>Egayez vos pauses d\u00e9jeuner avec ce sac \u00e0 lunch fantaisiste, fabriqu\u00e9 \u00e0 partir de plastique recycl\u00e9 et orn\u00e9 d&rsquo;un motif de champignon dans des tons rouges, bruns et beiges. Que ce soit pour l&rsquo;\u00e9cole, le travail ou un pique-nique en for\u00eat, ce petit sac glaci\u00e8re offre un design mignon et pratique pour un d\u00e9jeuner ou un go\u00fbter sur le pouce.<\/p><ul class=\"wp-block-list\"><li>Int\u00e9rieur isol\u00e9.<\/li>\n\n<li>Nettoyage par essuyage.<\/li>\n\n<li>Dimensions : 21,5 cm x 15 cm x 13 cm<\/li><\/ul><p>Un beau cadeau pour les amateurs de champignons et balades en for\u00eats. Et de go\u00fbters !<\/p>","protected":false},"excerpt":{"rendered":"<p>Petit sac isotherme avec d\u00e9cor de champignons. Un beau cadeau pour les amateurs de chasse aux champignons et de balades en for\u00eat.<\/p>\n<p>21,5 x 15 x 13 cm<\/p>","protected":false},"featured_media":8002,"comment_status":"open","ping_status":"closed","template":"","meta":{"_seopress_robots_primary_cat":"none","_seopress_titles_title":"%%post_title%% %%sep%% %%sitetitle%%","_seopress_titles_desc":"Petit sac isotherme avec d\u00e9cor de champignons. Cette petite glaci\u00e8re ferait un beau cadeau pour les amateurs de chasse aux champignons et de balades en for\u00eat.\r\n\r\n21,5 x 15 x 13 cm","_seopress_robots_index":""},"product_brand":[126],"product_cat":[112],"product_tag":[],"class_list":{"0":"post-8001","1":"product","2":"type-product","3":"status-publish","4":"has-post-thumbnail","6":"product_brand-something-different","7":"product_cat-sacs-maroquinerie","9":"first","10":"instock","11":"shipping-taxable","12":"purchasable","13":"product-type-simple"},"_links":{"self":[{"href":"https:\/\/www.lechemindetraverse.com\/en\/wp-json\/wp\/v2\/product\/8001","targetHints":{"allow":["GET"]}}],"collection":[{"href":"https:\/\/www.lechemindetraverse.com\/en\/wp-json\/wp\/v2\/product"}],"about":[{"href":"https:\/\/www.lechemindetraverse.com\/en\/wp-json\/wp\/v2\/types\/product"}],"replies":[{"embeddable":true,"href":"https:\/\/www.lechemindetraverse.com\/en\/wp-json\/wp\/v2\/comments?post=8001"}],"wp:featuredmedia":[{"embeddable":true,"href":"https:\/\/www.lechemindetraverse.com\/en\/wp-json\/wp\/v2\/media\/8002"}],"wp:attachment":[{"href":"https:\/\/www.lechemindetraverse.com\/en\/wp-json\/wp\/v2\/media?parent=8001"}],"wp:term":[{"taxonomy":"product_brand","embeddable":true,"href":"https:\/\/www.lechemindetraverse.com\/en\/wp-json\/wp\/v2\/product_brand?post=8001"},{"taxonomy":"product_cat","embeddable":true,"href":"https:\/\/www.lechemindetraverse.com\/en\/wp-json\/wp\/v2\/product_cat?post=8001"},{"taxonomy":"product_tag","embeddable":true,"href":"https:\/\/www.lechemindetraverse.com\/en\/wp-json\/wp\/v2\/product_tag?post=8001"}],"curies":[{"name":"wp","href":"https:\/\/api.w.org\/{rel}","templated":true}]}}