{"id":8021,"date":"2025-06-10T21:38:01","date_gmt":"2025-06-10T19:38:01","guid":{"rendered":"https:\/\/www.lechemindetraverse.com\/?post_type=product&#038;p=8021"},"modified":"2026-03-10T17:31:32","modified_gmt":"2026-03-10T16:31:32","slug":"mug-citrouille-raye-noir-et-blanc-avec-couvercle-something-different","status":"publish","type":"product","link":"https:\/\/www.lechemindetraverse.com\/en\/product\/boiling-cauldron\/tasses-mugs\/mug-citrouille-raye-noir-et-blanc-avec-couvercle-something-different\/","title":{"rendered":"Black and White Striped Pumpkin Mug with Lid \u2013 Something Different"},"content":{"rendered":"<p>D\u00e9gustez vos boissons chaudes pr\u00e9f\u00e9r\u00e9es dans ce mug citrouille ray\u00e9 noir et blanc. Avec son couvercle et son design audacieux, il s&rsquo;agit d&rsquo;un ajout unique \u00e0 votre collection de mugs effrayants, parfaits pour les soir\u00e9es douillettes \u00e0 regarder un film lugubre, ou les soir\u00e9es avec une touche d&rsquo;insolite. Que ce soit pour vous ou pour offrir, ce mug ne manquera pas d&rsquo;attirer l&rsquo;attention et de susciter la conversation.<\/p><p>Cadeau id\u00e9al pour les amateurs de boissons chaudes, cette tasse est un ajout unique \u00e0 toute collection de tasses. Parfaite pour les fans d&rsquo;anniversaires de mort \u00e0 la Harry Potter, de Beetlejuice ou de Mercredi Addams.<\/p><ul class=\"wp-block-list\"><li>Dimensions : 13 x 16 x 12 cm.<\/li>\n\n<li>Ne convient pas au lave-vaisselle.<\/li>\n\n<li>Lavage \u00e0 la main uniquement.<\/li><\/ul>","protected":false},"excerpt":{"rendered":"<p>Tasse en c\u00e9ramique en forme de citrouille ray\u00e9e noir et blanc avec son couvercle assorti.<\/p>\n<p>Parfaite pour les fans d&rsquo;anniversaires de mort \u00e0 la Harry Potter, de Beetlejuice ou de Mercredi Addams.<\/p>","protected":false},"featured_media":8022,"comment_status":"closed","ping_status":"closed","template":"","meta":{"_seopress_robots_primary_cat":"none","_seopress_titles_title":"%%post_title%% %%sep%% %%sitetitle%%","_seopress_titles_desc":"Tasse en c\u00e9ramique en forme de citrouille ray\u00e9e noir et blanc avec son couvercle assorti.\r\n\r\nParfaite pour les fans d'anniversaires de mort \u00e0 la Harry Potter, de Beetlejuice ou de Mercredi Addams.","_seopress_robots_index":""},"product_brand":[126],"product_cat":[130],"product_tag":[95,138],"class_list":{"0":"post-8021","1":"product","2":"type-product","3":"status-publish","4":"has-post-thumbnail","6":"product_brand-something-different","7":"product_cat-tasses-mugs","8":"product_tag-citrouilles","9":"product_tag-halloween","11":"first","12":"outofstock","13":"shipping-taxable","14":"purchasable","15":"product-type-simple"},"_links":{"self":[{"href":"https:\/\/www.lechemindetraverse.com\/en\/wp-json\/wp\/v2\/product\/8021","targetHints":{"allow":["GET"]}}],"collection":[{"href":"https:\/\/www.lechemindetraverse.com\/en\/wp-json\/wp\/v2\/product"}],"about":[{"href":"https:\/\/www.lechemindetraverse.com\/en\/wp-json\/wp\/v2\/types\/product"}],"replies":[{"embeddable":true,"href":"https:\/\/www.lechemindetraverse.com\/en\/wp-json\/wp\/v2\/comments?post=8021"}],"wp:featuredmedia":[{"embeddable":true,"href":"https:\/\/www.lechemindetraverse.com\/en\/wp-json\/wp\/v2\/media\/8022"}],"wp:attachment":[{"href":"https:\/\/www.lechemindetraverse.com\/en\/wp-json\/wp\/v2\/media?parent=8021"}],"wp:term":[{"taxonomy":"product_brand","embeddable":true,"href":"https:\/\/www.lechemindetraverse.com\/en\/wp-json\/wp\/v2\/product_brand?post=8021"},{"taxonomy":"product_cat","embeddable":true,"href":"https:\/\/www.lechemindetraverse.com\/en\/wp-json\/wp\/v2\/product_cat?post=8021"},{"taxonomy":"product_tag","embeddable":true,"href":"https:\/\/www.lechemindetraverse.com\/en\/wp-json\/wp\/v2\/product_tag?post=8021"}],"curies":[{"name":"wp","href":"https:\/\/api.w.org\/{rel}","templated":true}]}}