{"id":8031,"date":"2025-06-10T21:55:29","date_gmt":"2025-06-10T19:55:29","guid":{"rendered":"https:\/\/www.lechemindetraverse.com\/?post_type=product&#038;p=8031"},"modified":"2025-06-10T22:03:35","modified_gmt":"2025-06-10T20:03:35","slug":"plaque-a-suspendre-en-metal-stationnement-des-balais-something-different","status":"publish","type":"product","link":"https:\/\/www.lechemindetraverse.com\/en\/product\/boiling-cauldron\/decoration-harry-potter\/plaque-a-suspendre-en-metal-stationnement-des-balais-something-different\/","title":{"rendered":"Plaque \u00e0 Suspendre en M\u00e9tal &#8211; Stationnement des Balais &#8211; Something Different"},"content":{"rendered":"<p>Mettez un peu d&rsquo;ordre devant chez vous gr\u00e2ce \u00e0 cette plaque \u00e0 suspendre en m\u00e9tal \u00e9maill\u00e9, pour le stationnement des balais volants !<\/p><p>La pancarte dit :<\/p><ul class=\"wp-block-list\"><li>Broom Parking : Stationnement pour balais volants.<\/li>\n\n<li>Home is where you hang your broom : La maison est l\u00e0 o\u00f9 vous accrochez votre balai.<\/li><\/ul><p>Mati\u00e8re : M\u00e9tal.<br>Dimensions : H : 30 cm x L : 20 cm<\/p><h2 class=\"wp-block-heading\">A propos de la collection \u00ab\u00a0Broomsticks\u00a0\u00bb :<\/h2><figure class=\"wp-block-embed is-type-video is-provider-youtube wp-block-embed-youtube wp-embed-aspect-16-9 wp-has-aspect-ratio\"><div class=\"wp-block-embed__wrapper\">\n<div class=\"video-container\"><iframe title=\"Broomsticks | Something Different Wholesale\" width=\"1170\" height=\"658\" src=\"https:\/\/www.youtube.com\/embed\/VpXgljneZd0?feature=oembed\" frameborder=\"0\" allow=\"accelerometer; autoplay; clipboard-write; encrypted-media; gyroscope; picture-in-picture; web-share\" referrerpolicy=\"strict-origin-when-cross-origin\" allowfullscreen><\/iframe><\/div>\n<\/div><\/figure>","protected":false},"excerpt":{"rendered":"<p>Mettez un peu d&rsquo;ordre devant chez vous gr\u00e2ce \u00e0 cette plaque \u00e0 suspendre en m\u00e9tal \u00e9maill\u00e9, pour le stationnement des balais volants !<\/p>","protected":false},"featured_media":8032,"comment_status":"open","ping_status":"closed","template":"","meta":{"_seopress_robots_primary_cat":"none","_seopress_titles_title":"%%post_title%% %%sep%% %%sitetitle%%","_seopress_titles_desc":"Mettez un peu d'ordre devant chez vous gr\u00e2ce \u00e0 cette plaque \u00e0 suspendre en m\u00e9tal \u00e9maill\u00e9, pour le stationnement des balais volants !","_seopress_robots_index":""},"product_brand":[126],"product_cat":[105],"product_tag":[151],"class_list":{"0":"post-8031","1":"product","2":"type-product","3":"status-publish","4":"has-post-thumbnail","6":"product_brand-something-different","7":"product_cat-decoration-harry-potter","8":"product_tag-broomsticks","10":"first","11":"instock","12":"shipping-taxable","13":"purchasable","14":"product-type-simple"},"_links":{"self":[{"href":"https:\/\/www.lechemindetraverse.com\/en\/wp-json\/wp\/v2\/product\/8031","targetHints":{"allow":["GET"]}}],"collection":[{"href":"https:\/\/www.lechemindetraverse.com\/en\/wp-json\/wp\/v2\/product"}],"about":[{"href":"https:\/\/www.lechemindetraverse.com\/en\/wp-json\/wp\/v2\/types\/product"}],"replies":[{"embeddable":true,"href":"https:\/\/www.lechemindetraverse.com\/en\/wp-json\/wp\/v2\/comments?post=8031"}],"wp:featuredmedia":[{"embeddable":true,"href":"https:\/\/www.lechemindetraverse.com\/en\/wp-json\/wp\/v2\/media\/8032"}],"wp:attachment":[{"href":"https:\/\/www.lechemindetraverse.com\/en\/wp-json\/wp\/v2\/media?parent=8031"}],"wp:term":[{"taxonomy":"product_brand","embeddable":true,"href":"https:\/\/www.lechemindetraverse.com\/en\/wp-json\/wp\/v2\/product_brand?post=8031"},{"taxonomy":"product_cat","embeddable":true,"href":"https:\/\/www.lechemindetraverse.com\/en\/wp-json\/wp\/v2\/product_cat?post=8031"},{"taxonomy":"product_tag","embeddable":true,"href":"https:\/\/www.lechemindetraverse.com\/en\/wp-json\/wp\/v2\/product_tag?post=8031"}],"curies":[{"name":"wp","href":"https:\/\/api.w.org\/{rel}","templated":true}]}}