{"id":8042,"date":"2025-06-10T22:16:50","date_gmt":"2025-06-10T20:16:50","guid":{"rendered":"https:\/\/www.lechemindetraverse.com\/?post_type=product&#038;p=8042"},"modified":"2026-01-25T13:48:45","modified_gmt":"2026-01-25T12:48:45","slug":"set-saliere-et-poivriere-en-forme-de-chaudrons-something-different","status":"publish","type":"product","link":"https:\/\/www.lechemindetraverse.com\/en\/product\/boiling-cauldron\/cuisine-magique\/set-saliere-et-poivriere-en-forme-de-chaudrons-something-different\/","title":{"rendered":"Set Sali\u00e8re et Poivri\u00e8re en Forme de Chaudrons &#8211; Something Different"},"content":{"rendered":"<p>Ajoutez du piquant \u00e0 votre table avec ces mignonnes sali\u00e8res et poivri\u00e8res en c\u00e9ramique en forme de chaudrons. Cet adorable ensemble de mini-chaudrons est le compagnon id\u00e9al de la tasse Witches Brew Cauldron la plus vendue. Ils sont dot\u00e9s d&rsquo;un bouchon en caoutchouc pour contenir le sel et le poivre.<\/p><p>Dimensions : 6 x 7 x 5,5 cm<\/p><p>Sur Le Chemin de Traverse, c&rsquo;est Halloween toute l&rsquo;ann\u00e9e !<\/p>","protected":false},"excerpt":{"rendered":"<p>Set sel et poivre orange en forme de chaudrons<\/p>\n<p>C\u00e9ramique &#8211; 7 x 6 x 5,5 cm<\/p>\n<p>Parfait pour une d\u00e9coration automnale, un th\u00e8me Halloween&#8230;<\/p>","protected":false},"featured_media":8043,"comment_status":"open","ping_status":"closed","template":"","meta":{"_seopress_robots_primary_cat":"none","_seopress_titles_title":"%%post_title%% %%sep%% %%sitetitle%%","_seopress_titles_desc":"Duo sel et poivre orange en forme de chaudrons en c\u00e9ramique - 7 x 6 x 5,5 cm. Parfait pour une d\u00e9coration automnale, un th\u00e8me Halloween...","_seopress_robots_index":""},"product_brand":[126],"product_cat":[104],"product_tag":[128],"class_list":{"0":"post-8042","1":"product","2":"type-product","3":"status-publish","4":"has-post-thumbnail","6":"product_brand-something-different","7":"product_cat-cuisine-magique","8":"product_tag-witches-brew","10":"first","11":"instock","12":"shipping-taxable","13":"purchasable","14":"product-type-simple"},"_links":{"self":[{"href":"https:\/\/www.lechemindetraverse.com\/en\/wp-json\/wp\/v2\/product\/8042","targetHints":{"allow":["GET"]}}],"collection":[{"href":"https:\/\/www.lechemindetraverse.com\/en\/wp-json\/wp\/v2\/product"}],"about":[{"href":"https:\/\/www.lechemindetraverse.com\/en\/wp-json\/wp\/v2\/types\/product"}],"replies":[{"embeddable":true,"href":"https:\/\/www.lechemindetraverse.com\/en\/wp-json\/wp\/v2\/comments?post=8042"}],"wp:featuredmedia":[{"embeddable":true,"href":"https:\/\/www.lechemindetraverse.com\/en\/wp-json\/wp\/v2\/media\/8043"}],"wp:attachment":[{"href":"https:\/\/www.lechemindetraverse.com\/en\/wp-json\/wp\/v2\/media?parent=8042"}],"wp:term":[{"taxonomy":"product_brand","embeddable":true,"href":"https:\/\/www.lechemindetraverse.com\/en\/wp-json\/wp\/v2\/product_brand?post=8042"},{"taxonomy":"product_cat","embeddable":true,"href":"https:\/\/www.lechemindetraverse.com\/en\/wp-json\/wp\/v2\/product_cat?post=8042"},{"taxonomy":"product_tag","embeddable":true,"href":"https:\/\/www.lechemindetraverse.com\/en\/wp-json\/wp\/v2\/product_tag?post=8042"}],"curies":[{"name":"wp","href":"https:\/\/api.w.org\/{rel}","templated":true}]}}