{"id":8178,"date":"2025-07-01T20:35:05","date_gmt":"2025-07-01T18:35:05","guid":{"rendered":"https:\/\/www.lechemindetraverse.com\/?post_type=product&#038;p=8178"},"modified":"2025-11-19T22:51:21","modified_gmt":"2025-11-19T21:51:21","slug":"affiche-de-collection-ordre-du-phenix-harry-potter","status":"publish","type":"product","link":"https:\/\/www.lechemindetraverse.com\/en\/product\/librairie-fleury-et-bott\/art-et-affiches\/affiche-de-collection-ordre-du-phenix-harry-potter\/","title":{"rendered":"Affiche de collection Ordre du Phenix &#8211; Harry Potter"},"content":{"rendered":"<p>Cette incroyable affiche de l&rsquo;Ordre du Ph\u00e9nix est un v\u00e9ritable tirage d&rsquo;art, imprim\u00e9 en France par des cr\u00e9ateurs d&rsquo;art passionn\u00e9s. Passionn\u00e9s de Harry Potter et d&rsquo;autres licences incontournables, mais aussi passionn\u00e9s par le savoir-faire. Leur petite imprimerie de Salon de Provence ne poss\u00e8de que deux presses, mais pas n&rsquo;importe lesquelles. Ce sont de v\u00e9ritables bijoux, datant des ann\u00e9es 1950. Et qui fonctionnent encore parfaitement. Le r\u00e9sultat est impressionnant !<\/p><p>Fumseck, le ph\u00e9nix embl\u00e9matique de l&rsquo;Ordre du Ph\u00e9nix cr\u00e9\u00e9 par Albus Dumbledore, est ici imprim\u00e9 \u00e0 chaud gr\u00e2ce \u00e0 trois plaques de magn\u00e9sium diff\u00e9rentes. Il a fallu un travail titanesque pour dessiner chaque partie puis graver chaque plaque. Les trois plaques permettent chacune d&rsquo;imprimer une couleur sur un papier noir \u00e9pais.<\/p><h3 class=\"wp-block-heading\">Pr\u00e9sentation<\/h3><p>L&rsquo;affiche est livr\u00e9e dans un carton \u00ab\u00a0Arteframe\u00a0\u00bb qui permet de la poser ou de l&rsquo;afficher directement au mur. Le rabat comporte un petit mais important d\u00e9tail : le certificat d&rsquo;authenticit\u00e9, sign\u00e9 par ses cr\u00e9ateurs.<\/p><h3 class=\"wp-block-heading\">Caract\u00e9ristiques :<\/h3><ul class=\"wp-block-list\"><li>Marquage : Marquage \u00e0 chaud par pression (3 tonnes de pression !)<\/li>\n\n<li>Couleur : Or, rouge m\u00e9tal, orange m\u00e9tal<\/li>\n\n<li>Papier : Colorplan Ebonny (Noir) 350Gr\/m2<\/li>\n\n<li>Dimensions : 30 x 40 cm<\/li>\n\n<li>Certificat d&rsquo;authenticit\u00e9 sign\u00e9<\/li>\n\n<li>Imprim\u00e9e en France \u00e0 Salon de Provence !<\/li>\n\n<li>Produit sous licence officielle<\/li>\n\n<li>Les cadres pr\u00e9sent\u00e9s ne sont pas inclus.<\/li><\/ul><h2 class=\"wp-block-heading\">Le coup de coeur du Chemin de Traverse<\/h2><p>Pour notre \u00e9quipe, il n&rsquo;y a rien de plus beau que le travail artisanal qui transpire la passion. Si en plus celui-ci est local, et qu&rsquo;il offre quelque chose de beau et d&rsquo;original, que demander de plus ? Leur travail est un vrai coup de coeur.<\/p><h2 class=\"wp-block-heading\">A propos d&rsquo;Arteonn<\/h2><p>Les \u0153uvres Arteonn sont r\u00e9alis\u00e9es gr\u00e2ce a des machines typographiques des ann\u00e9es 50, en France, ce qui les rend d&rsquo;autant plus magiques.<\/p><p>\ud83d\udc49 Arteonn, c\u2019est une entreprise fran\u00e7aise qui allie savoir-faire traditionnel et univers enchanteur, et franchement, \u00e7a se voit dans chaque d\u00e9tail de cette \u0153uvre !<\/p><h3 class=\"wp-block-heading\">Le mot des cr\u00e9ateurs :<\/h3><blockquote class=\"wp-block-quote is-layout-flow wp-block-quote-is-layout-flow\"><p>Trois passages en machine et des heures d&rsquo;ajustements ont \u00e9t\u00e9 n\u00e9cessaires pour cr\u00e9er notre Fumseck. En effet, il nous a fallu trois plaques de magn\u00e9sium grav\u00e9es, chacune d\u00e9di\u00e9e \u00e0 une couleur diff\u00e9rente, pour obtenir cette \u0153uvre qui est devenue votre pr\u00e9f\u00e9r\u00e9e de toute la collection Harry Potter \u2764\ufe0f.<\/p><\/blockquote><figure class=\"wp-block-gallery has-nested-images columns-default is-cropped wp-block-gallery-1 is-layout-flex wp-block-gallery-is-layout-flex\"><figure class=\"wp-block-image size-large\"><img fetchpriority=\"high\" decoding=\"async\" width=\"1024\" height=\"1024\" data-id=\"8211\" src=\"https:\/\/www.lechemindetraverse.com\/wp-content\/uploads\/2025\/07\/phenix-2-1024x1024.jpg\" alt=\"affiche de collection ordre du phenix harry potter\" class=\"wp-image-8211\" srcset=\"https:\/\/www.lechemindetraverse.com\/wp-content\/uploads\/2025\/07\/phenix-2-1024x1024.jpg 1024w, https:\/\/www.lechemindetraverse.com\/wp-content\/uploads\/2025\/07\/phenix-2-300x300.jpg 300w, https:\/\/www.lechemindetraverse.com\/wp-content\/uploads\/2025\/07\/phenix-2-150x150.jpg 150w, https:\/\/www.lechemindetraverse.com\/wp-content\/uploads\/2025\/07\/phenix-2-768x768.jpg 768w, https:\/\/www.lechemindetraverse.com\/wp-content\/uploads\/2025\/07\/phenix-2-990x990.jpg 990w, https:\/\/www.lechemindetraverse.com\/wp-content\/uploads\/2025\/07\/phenix-2-441x441.jpg 441w, https:\/\/www.lechemindetraverse.com\/wp-content\/uploads\/2025\/07\/phenix-2-100x100.jpg 100w, https:\/\/www.lechemindetraverse.com\/wp-content\/uploads\/2025\/07\/phenix-2-24x24.jpg 24w, https:\/\/www.lechemindetraverse.com\/wp-content\/uploads\/2025\/07\/phenix-2-36x36.jpg 36w, https:\/\/www.lechemindetraverse.com\/wp-content\/uploads\/2025\/07\/phenix-2-48x48.jpg 48w, https:\/\/www.lechemindetraverse.com\/wp-content\/uploads\/2025\/07\/phenix-2-600x600.jpg 600w, https:\/\/www.lechemindetraverse.com\/wp-content\/uploads\/2025\/07\/phenix-2-64x64.jpg 64w, https:\/\/www.lechemindetraverse.com\/wp-content\/uploads\/2025\/07\/phenix-2.jpg 1080w\" sizes=\"(max-width: 1024px) 100vw, 1024px\" \/><figcaption class=\"wp-element-caption\">Plaque 1 : orange m\u00e9tallique<\/figcaption><\/figure>\n\n<figure class=\"wp-block-image size-large\"><img decoding=\"async\" width=\"1024\" height=\"1024\" data-id=\"8210\" src=\"https:\/\/www.lechemindetraverse.com\/wp-content\/uploads\/2025\/07\/phenix-3-1024x1024.jpg\" alt=\"affiche de collection ordre du phenix harry potter\" class=\"wp-image-8210\" srcset=\"https:\/\/www.lechemindetraverse.com\/wp-content\/uploads\/2025\/07\/phenix-3-1024x1024.jpg 1024w, https:\/\/www.lechemindetraverse.com\/wp-content\/uploads\/2025\/07\/phenix-3-300x300.jpg 300w, https:\/\/www.lechemindetraverse.com\/wp-content\/uploads\/2025\/07\/phenix-3-150x150.jpg 150w, https:\/\/www.lechemindetraverse.com\/wp-content\/uploads\/2025\/07\/phenix-3-768x768.jpg 768w, https:\/\/www.lechemindetraverse.com\/wp-content\/uploads\/2025\/07\/phenix-3-990x990.jpg 990w, https:\/\/www.lechemindetraverse.com\/wp-content\/uploads\/2025\/07\/phenix-3-441x441.jpg 441w, https:\/\/www.lechemindetraverse.com\/wp-content\/uploads\/2025\/07\/phenix-3-100x100.jpg 100w, https:\/\/www.lechemindetraverse.com\/wp-content\/uploads\/2025\/07\/phenix-3-24x24.jpg 24w, https:\/\/www.lechemindetraverse.com\/wp-content\/uploads\/2025\/07\/phenix-3-36x36.jpg 36w, https:\/\/www.lechemindetraverse.com\/wp-content\/uploads\/2025\/07\/phenix-3-48x48.jpg 48w, https:\/\/www.lechemindetraverse.com\/wp-content\/uploads\/2025\/07\/phenix-3-600x600.jpg 600w, https:\/\/www.lechemindetraverse.com\/wp-content\/uploads\/2025\/07\/phenix-3-64x64.jpg 64w, https:\/\/www.lechemindetraverse.com\/wp-content\/uploads\/2025\/07\/phenix-3.jpg 1080w\" sizes=\"(max-width: 1024px) 100vw, 1024px\" \/><figcaption class=\"wp-element-caption\">Plaque 2 : rouge m\u00e9tallique<\/figcaption><\/figure>\n\n<figure class=\"wp-block-image size-large\"><img decoding=\"async\" width=\"1024\" height=\"1024\" data-id=\"8212\" src=\"https:\/\/www.lechemindetraverse.com\/wp-content\/uploads\/2025\/07\/phenix-4-1024x1024.jpg\" alt=\"affiche de collection ordre du phenix harry potter\" class=\"wp-image-8212\" srcset=\"https:\/\/www.lechemindetraverse.com\/wp-content\/uploads\/2025\/07\/phenix-4-1024x1024.jpg 1024w, https:\/\/www.lechemindetraverse.com\/wp-content\/uploads\/2025\/07\/phenix-4-300x300.jpg 300w, https:\/\/www.lechemindetraverse.com\/wp-content\/uploads\/2025\/07\/phenix-4-150x150.jpg 150w, https:\/\/www.lechemindetraverse.com\/wp-content\/uploads\/2025\/07\/phenix-4-768x768.jpg 768w, https:\/\/www.lechemindetraverse.com\/wp-content\/uploads\/2025\/07\/phenix-4-990x990.jpg 990w, https:\/\/www.lechemindetraverse.com\/wp-content\/uploads\/2025\/07\/phenix-4-441x441.jpg 441w, https:\/\/www.lechemindetraverse.com\/wp-content\/uploads\/2025\/07\/phenix-4-100x100.jpg 100w, https:\/\/www.lechemindetraverse.com\/wp-content\/uploads\/2025\/07\/phenix-4-24x24.jpg 24w, https:\/\/www.lechemindetraverse.com\/wp-content\/uploads\/2025\/07\/phenix-4-36x36.jpg 36w, https:\/\/www.lechemindetraverse.com\/wp-content\/uploads\/2025\/07\/phenix-4-48x48.jpg 48w, https:\/\/www.lechemindetraverse.com\/wp-content\/uploads\/2025\/07\/phenix-4-600x600.jpg 600w, https:\/\/www.lechemindetraverse.com\/wp-content\/uploads\/2025\/07\/phenix-4-64x64.jpg 64w, https:\/\/www.lechemindetraverse.com\/wp-content\/uploads\/2025\/07\/phenix-4.jpg 1080w\" sizes=\"(max-width: 1024px) 100vw, 1024px\" \/><figcaption class=\"wp-element-caption\">Plaque 3 : dor\u00e9<\/figcaption><\/figure><\/figure>","protected":false},"excerpt":{"rendered":"<p>Affiche qualit\u00e9 tirage d&rsquo;art, imprim\u00e9e en France sur des machines ancestrales<\/p>\n<p>Produit sous licence officielle, \u00e9dition limit\u00e9e.<\/p>\n<p>Dimensions 30 x 40 cm<\/p>\n<p>Cadre non inclus, mais affiche mont\u00e9e sur carton Arteframe<\/p>","protected":false},"featured_media":8206,"comment_status":"closed","ping_status":"closed","template":"","meta":{"_seopress_robots_primary_cat":"none","_seopress_titles_title":"%%post_title%% %%sep%% %%sitetitle%%","_seopress_titles_desc":"Affiche sous licence officielle de Fumseck, symbole de l'Ordre du Ph\u00e9nix ! Affiche 40 x 30cm dor\u00e9e et gaufr\u00e9e, fabriqu\u00e9e en France.","_seopress_robots_index":""},"product_brand":[214],"product_cat":[175],"product_tag":[122],"class_list":{"0":"post-8178","1":"product","2":"type-product","3":"status-publish","4":"has-post-thumbnail","6":"product_brand-arteonn","7":"product_cat-art-et-affiches","8":"product_tag-fumseck","10":"first","11":"instock","12":"shipping-taxable","13":"purchasable","14":"product-type-simple"},"_links":{"self":[{"href":"https:\/\/www.lechemindetraverse.com\/en\/wp-json\/wp\/v2\/product\/8178","targetHints":{"allow":["GET"]}}],"collection":[{"href":"https:\/\/www.lechemindetraverse.com\/en\/wp-json\/wp\/v2\/product"}],"about":[{"href":"https:\/\/www.lechemindetraverse.com\/en\/wp-json\/wp\/v2\/types\/product"}],"replies":[{"embeddable":true,"href":"https:\/\/www.lechemindetraverse.com\/en\/wp-json\/wp\/v2\/comments?post=8178"}],"wp:featuredmedia":[{"embeddable":true,"href":"https:\/\/www.lechemindetraverse.com\/en\/wp-json\/wp\/v2\/media\/8206"}],"wp:attachment":[{"href":"https:\/\/www.lechemindetraverse.com\/en\/wp-json\/wp\/v2\/media?parent=8178"}],"wp:term":[{"taxonomy":"product_brand","embeddable":true,"href":"https:\/\/www.lechemindetraverse.com\/en\/wp-json\/wp\/v2\/product_brand?post=8178"},{"taxonomy":"product_cat","embeddable":true,"href":"https:\/\/www.lechemindetraverse.com\/en\/wp-json\/wp\/v2\/product_cat?post=8178"},{"taxonomy":"product_tag","embeddable":true,"href":"https:\/\/www.lechemindetraverse.com\/en\/wp-json\/wp\/v2\/product_tag?post=8178"}],"curies":[{"name":"wp","href":"https:\/\/api.w.org\/{rel}","templated":true}]}}