{"id":819,"date":"2022-08-18T23:28:44","date_gmt":"2022-08-18T21:28:44","guid":{"rendered":"https:\/\/www.lechemindetraverse.com\/produit\/non%20class\u00e9\/chaussette-de-noel-geante-serdaigle\/"},"modified":"2024-02-23T14:50:34","modified_gmt":"2024-02-23T13:50:34","slug":"chaussette-de-noel-geante-serdaigle","status":"publish","type":"product","link":"https:\/\/www.lechemindetraverse.com\/en\/product\/boiling-cauldron\/decoration-noel\/chaussette-de-noel-geante-serdaigle\/","title":{"rendered":"Chaussette de No\u00ebl g\u00e9ante Serdaigle &#8211; Cin\u00e9replicas"},"content":{"rendered":"<p>Vous cherchez \u00e0 ajouter une touche de Harry Potter \u00e0 vos festivit\u00e9s ? La chaussette de No\u00ebl Serdaigle est non seulement une belle d\u00e9coration pour chez vous, mais peut aussi \u00eatre un excellent cadeau pour tous vos proches fans de la saga.<\/p><p>Traditionnellement, en Angleterre, chaque membre de la famille a sa grande chaussette, dans laquelle le P\u00e8re No\u00ebl glisse les cadeaux le 25 d\u00e9cembre.<\/p><ul class=\"wp-block-list\"><li>Ecusson Gryffondor enti\u00e8rement brod\u00e9<\/li>\n\n<li>Une boucle pour facilement l&rsquo;accrocher partout<\/li>\n\n<li>Dimensions : 45 x 24 cm<\/li>\n\n<li>Composition : 95% coton, 5% polyester<\/li>\n\n<li>Produit sous licence officielle, design fran\u00e7ais.<\/li><\/ul><p>Les autres chaussettes pr\u00e9sent\u00e9es sont vendues s\u00e9par\u00e9ment.<\/p>","protected":false},"excerpt":{"rendered":"<p>Chaussette de No\u00ebl \u00e0 accrocher<\/p>\n<p>Ecusson de Serdaigle brod\u00e9 !<\/p>","protected":false},"featured_media":3593,"comment_status":"open","ping_status":"closed","template":"","meta":{"_seopress_robots_primary_cat":"none","_seopress_titles_title":"%%post_title%% %%sep%% %%sitetitle%%","_seopress_titles_desc":"Chaussette de No\u00ebl \u00e0 accrocher avec \u00e9cusson de Serdaigle brod\u00e9 ! La chaussette g\u00e9ante de No\u00ebl aux couleurs de Serdaigle, par Cin\u00e9replicas.","_seopress_robots_index":""},"product_brand":[85],"product_cat":[142],"product_tag":[51],"class_list":{"0":"post-819","1":"product","2":"type-product","3":"status-publish","4":"has-post-thumbnail","6":"product_brand-cinereplicas","7":"product_cat-decoration-noel","8":"product_tag-serdaigle","10":"first","11":"instock","12":"purchasable","13":"product-type-simple"},"_links":{"self":[{"href":"https:\/\/www.lechemindetraverse.com\/en\/wp-json\/wp\/v2\/product\/819","targetHints":{"allow":["GET"]}}],"collection":[{"href":"https:\/\/www.lechemindetraverse.com\/en\/wp-json\/wp\/v2\/product"}],"about":[{"href":"https:\/\/www.lechemindetraverse.com\/en\/wp-json\/wp\/v2\/types\/product"}],"replies":[{"embeddable":true,"href":"https:\/\/www.lechemindetraverse.com\/en\/wp-json\/wp\/v2\/comments?post=819"}],"wp:featuredmedia":[{"embeddable":true,"href":"https:\/\/www.lechemindetraverse.com\/en\/wp-json\/wp\/v2\/media\/3593"}],"wp:attachment":[{"href":"https:\/\/www.lechemindetraverse.com\/en\/wp-json\/wp\/v2\/media?parent=819"}],"wp:term":[{"taxonomy":"product_brand","embeddable":true,"href":"https:\/\/www.lechemindetraverse.com\/en\/wp-json\/wp\/v2\/product_brand?post=819"},{"taxonomy":"product_cat","embeddable":true,"href":"https:\/\/www.lechemindetraverse.com\/en\/wp-json\/wp\/v2\/product_cat?post=819"},{"taxonomy":"product_tag","embeddable":true,"href":"https:\/\/www.lechemindetraverse.com\/en\/wp-json\/wp\/v2\/product_tag?post=819"}],"curies":[{"name":"wp","href":"https:\/\/api.w.org\/{rel}","templated":true}]}}