{"id":8226,"date":"2025-07-04T00:22:43","date_gmt":"2025-07-03T22:22:43","guid":{"rendered":"https:\/\/www.lechemindetraverse.com\/?post_type=product&#038;p=8226"},"modified":"2025-11-27T11:25:06","modified_gmt":"2025-11-27T10:25:06","slug":"lot-de-4-sous-verre-harry-potter-famille-black-moriarty-art-project","status":"publish","type":"product","link":"https:\/\/www.lechemindetraverse.com\/en\/product\/boiling-cauldron\/verres-de-sorcier\/lot-de-4-sous-verre-harry-potter-famille-black-moriarty-art-project\/","title":{"rendered":"Lot de 4 sous-verre Harry Potter &#8211; Famille Black &#8211; Moriarty Art Project"},"content":{"rendered":"<p>Prot\u00e9gez vos surfaces pr\u00e9cieuses des \u00e9claboussures et de la chaleur avec ces remarquables sous-verres inspir\u00e9s de la tapisserie de la famille des Black. Ils sont un ajout essentiel \u00e0 la maison ou au bureau de tout fan du monde des sorciers.<\/p><p>Compl\u00e9tez votre d\u00e9cor sur le th\u00e8me d&rsquo;Harry Potter et am\u00e9liorez votre exp\u00e9rience en mati\u00e8re de boissons gr\u00e2ce \u00e0 cet ensemble visuellement \u00e9poustouflant et fonctionnel.<\/p><p>Composition&nbsp;:<\/p><ul class=\"wp-block-list\"><li>Sous-verres :&nbsp;Li\u00e8ge<\/li>\n\n<li>Support :\u00a0Plastique<\/li>\n\n<li>Taille : 12 x 10 cm environ<\/li><\/ul>","protected":false},"excerpt":{"rendered":"<p>Lot de 4 sous-verres inspir\u00e9 de la tapisserie de la famille Black dans Harry Potter.<\/p>","protected":false},"featured_media":8227,"comment_status":"closed","ping_status":"closed","template":"","meta":{"_seopress_robots_primary_cat":"none","_seopress_titles_title":"%%post_title%% %%sep%% %%sitetitle%%","_seopress_titles_desc":"Lot de 4 sous-verres inspir\u00e9 de la tapisserie de la famille Black dans Harry Potter.","_seopress_robots_index":""},"product_brand":[84],"product_cat":[199],"product_tag":[71],"class_list":{"0":"post-8226","1":"product","2":"type-product","3":"status-publish","4":"has-post-thumbnail","6":"product_brand-moriarty-art-project","7":"product_cat-verres-de-sorcier","8":"product_tag-sirius-black","10":"first","11":"instock","12":"shipping-taxable","13":"purchasable","14":"product-type-simple"},"_links":{"self":[{"href":"https:\/\/www.lechemindetraverse.com\/en\/wp-json\/wp\/v2\/product\/8226","targetHints":{"allow":["GET"]}}],"collection":[{"href":"https:\/\/www.lechemindetraverse.com\/en\/wp-json\/wp\/v2\/product"}],"about":[{"href":"https:\/\/www.lechemindetraverse.com\/en\/wp-json\/wp\/v2\/types\/product"}],"replies":[{"embeddable":true,"href":"https:\/\/www.lechemindetraverse.com\/en\/wp-json\/wp\/v2\/comments?post=8226"}],"wp:featuredmedia":[{"embeddable":true,"href":"https:\/\/www.lechemindetraverse.com\/en\/wp-json\/wp\/v2\/media\/8227"}],"wp:attachment":[{"href":"https:\/\/www.lechemindetraverse.com\/en\/wp-json\/wp\/v2\/media?parent=8226"}],"wp:term":[{"taxonomy":"product_brand","embeddable":true,"href":"https:\/\/www.lechemindetraverse.com\/en\/wp-json\/wp\/v2\/product_brand?post=8226"},{"taxonomy":"product_cat","embeddable":true,"href":"https:\/\/www.lechemindetraverse.com\/en\/wp-json\/wp\/v2\/product_cat?post=8226"},{"taxonomy":"product_tag","embeddable":true,"href":"https:\/\/www.lechemindetraverse.com\/en\/wp-json\/wp\/v2\/product_tag?post=8226"}],"curies":[{"name":"wp","href":"https:\/\/api.w.org\/{rel}","templated":true}]}}