{"id":8238,"date":"2025-07-04T01:04:45","date_gmt":"2025-07-03T23:04:45","guid":{"rendered":"https:\/\/www.lechemindetraverse.com\/?post_type=product&#038;p=8238"},"modified":"2026-03-31T22:36:13","modified_gmt":"2026-03-31T20:36:13","slug":"lot-de-4-sets-de-table-harry-potter-famille-black-moriarty-art-project","status":"publish","type":"product","link":"https:\/\/www.lechemindetraverse.com\/en\/product\/boiling-cauldron\/cuisine-magique\/lot-de-4-sets-de-table-harry-potter-famille-black-moriarty-art-project\/","title":{"rendered":"Lot de 4 sets de Table Harry Potter &#8211; Famille Black &#8211; Moriarty Art Project"},"content":{"rendered":"<p>Profitez de vos repas en famille avec ces remarquables sets de table inspir\u00e9s de la tapisserie de la famille des Black. Ils sont un ajout essentiel \u00e0 la maison et \u00e0 la table de tout fan du monde des sorciers.<\/p><p>Compl\u00e9tez votre d\u00e9cor sur le th\u00e8me d&rsquo;Harry Potter et am\u00e9liorez votre exp\u00e9rience gustative gr\u00e2ce \u00e0 cet ensemble visuellement \u00e9poustouflant et fonctionnel.<\/p><p>Composition&nbsp;:<\/p><ul class=\"wp-block-list\"><li>Mati\u00e8re Polypropyl\u00e8ne<\/li>\n\n<li>Taille : 45 x 35 cm environ<\/li><\/ul>","protected":false},"excerpt":{"rendered":"<p>Lot de 4 sets de table inspir\u00e9s de\u00a0la c\u00e9l\u00e8bre tapisserie de la famille Black dans Harry Potter.<\/p>","protected":false},"featured_media":8240,"comment_status":"closed","ping_status":"closed","template":"","meta":{"_seopress_robots_primary_cat":"none","_seopress_titles_title":"%%post_title%% %%sep%% %%sitetitle%%","_seopress_titles_desc":"Lot de 4 sets de table inspir\u00e9s de\u00a0la c\u00e9l\u00e8bre tapisserie de la famille Black dans Harry Potter.","_seopress_robots_index":""},"product_brand":[84],"product_cat":[104],"product_tag":[71],"class_list":{"0":"post-8238","1":"product","2":"type-product","3":"status-publish","4":"has-post-thumbnail","6":"product_brand-moriarty-art-project","7":"product_cat-cuisine-magique","8":"product_tag-sirius-black","10":"first","11":"instock","12":"shipping-taxable","13":"purchasable","14":"product-type-simple"},"_links":{"self":[{"href":"https:\/\/www.lechemindetraverse.com\/en\/wp-json\/wp\/v2\/product\/8238","targetHints":{"allow":["GET"]}}],"collection":[{"href":"https:\/\/www.lechemindetraverse.com\/en\/wp-json\/wp\/v2\/product"}],"about":[{"href":"https:\/\/www.lechemindetraverse.com\/en\/wp-json\/wp\/v2\/types\/product"}],"replies":[{"embeddable":true,"href":"https:\/\/www.lechemindetraverse.com\/en\/wp-json\/wp\/v2\/comments?post=8238"}],"wp:featuredmedia":[{"embeddable":true,"href":"https:\/\/www.lechemindetraverse.com\/en\/wp-json\/wp\/v2\/media\/8240"}],"wp:attachment":[{"href":"https:\/\/www.lechemindetraverse.com\/en\/wp-json\/wp\/v2\/media?parent=8238"}],"wp:term":[{"taxonomy":"product_brand","embeddable":true,"href":"https:\/\/www.lechemindetraverse.com\/en\/wp-json\/wp\/v2\/product_brand?post=8238"},{"taxonomy":"product_cat","embeddable":true,"href":"https:\/\/www.lechemindetraverse.com\/en\/wp-json\/wp\/v2\/product_cat?post=8238"},{"taxonomy":"product_tag","embeddable":true,"href":"https:\/\/www.lechemindetraverse.com\/en\/wp-json\/wp\/v2\/product_tag?post=8238"}],"curies":[{"name":"wp","href":"https:\/\/api.w.org\/{rel}","templated":true}]}}