{"id":8301,"date":"2025-07-07T23:12:02","date_gmt":"2025-07-07T21:12:02","guid":{"rendered":"https:\/\/www.lechemindetraverse.com\/?post_type=product&#038;p=8301"},"modified":"2025-12-15T23:42:01","modified_gmt":"2025-12-15T22:42:01","slug":"sac-a-lunch-harry-potter-pour-eleves-de-serdaigle","status":"publish","type":"product","link":"https:\/\/www.lechemindetraverse.com\/en\/product\/mrs-guipure\/leather-goods-bags\/sac-a-lunch-harry-potter-pour-eleves-de-serdaigle\/","title":{"rendered":"Harry Potter lunch bag for Ravenclaw students"},"content":{"rendered":"<p>Ce sac \u00e0 lunch Serdaigle ram\u00e8nera les Potterheads \u00e0 leurs jours magiques \u00e0 Poudlard. Le sac durable est orn\u00e9 d&rsquo;un magnifique velours bleu, orn\u00e9 du titre textur\u00e9 (brod\u00e9 et imprim\u00e9) \u00ab Hogwarts School of Witchcraft &amp; Wizardry \u00bb et du logo de la maison Serdaigle entour\u00e9 d&rsquo;\u00e9toiles. Il offre un espace de rangement spacieux \u00e0 l&rsquo;int\u00e9rieur, renforc\u00e9 par des poign\u00e9es assorties et une double fermeture \u00e9clair dor\u00e9e avec de longs pompons attach\u00e9s.<\/p>\n<p>Designed to carry your lunch, it can also be used as a vanity bag or large toiletries bag.<\/p>\n<p>Dimensions: 19 cm high, 26.5 cm long, and 18 cm wide.<\/p>","protected":false},"excerpt":{"rendered":"<p>Un sac \u00e0 d\u00e9jeuner Serdaigle pour anciens \u00e9l\u00e8ves de Poudlard<\/p>\n<p>Dimensions: 19 cm high, 26.5 cm long, and 18 cm wide.<\/p>","protected":false},"featured_media":8351,"comment_status":"closed","ping_status":"closed","template":"","meta":{"_seopress_robots_primary_cat":"none","_seopress_titles_title":"%%post_title%% %%sep%% %%sitetitle%%","_seopress_titles_desc":"Un sac \u00e0 d\u00e9jeuner Serdaigle de Poudlard. Dimensions : 19 cm de haut, 26,5 cm de long et 18 cm de large.","_seopress_robots_index":""},"product_brand":[203],"product_cat":[112],"product_tag":[51],"class_list":{"0":"post-8301","1":"product","2":"type-product","3":"status-publish","4":"has-post-thumbnail","6":"product_brand-widdop-and-co","7":"product_cat-sacs-maroquinerie","8":"product_tag-serdaigle","10":"first","11":"instock","12":"shipping-taxable","13":"purchasable","14":"product-type-simple"},"_links":{"self":[{"href":"https:\/\/www.lechemindetraverse.com\/en\/wp-json\/wp\/v2\/product\/8301","targetHints":{"allow":["GET"]}}],"collection":[{"href":"https:\/\/www.lechemindetraverse.com\/en\/wp-json\/wp\/v2\/product"}],"about":[{"href":"https:\/\/www.lechemindetraverse.com\/en\/wp-json\/wp\/v2\/types\/product"}],"replies":[{"embeddable":true,"href":"https:\/\/www.lechemindetraverse.com\/en\/wp-json\/wp\/v2\/comments?post=8301"}],"wp:featuredmedia":[{"embeddable":true,"href":"https:\/\/www.lechemindetraverse.com\/en\/wp-json\/wp\/v2\/media\/8351"}],"wp:attachment":[{"href":"https:\/\/www.lechemindetraverse.com\/en\/wp-json\/wp\/v2\/media?parent=8301"}],"wp:term":[{"taxonomy":"product_brand","embeddable":true,"href":"https:\/\/www.lechemindetraverse.com\/en\/wp-json\/wp\/v2\/product_brand?post=8301"},{"taxonomy":"product_cat","embeddable":true,"href":"https:\/\/www.lechemindetraverse.com\/en\/wp-json\/wp\/v2\/product_cat?post=8301"},{"taxonomy":"product_tag","embeddable":true,"href":"https:\/\/www.lechemindetraverse.com\/en\/wp-json\/wp\/v2\/product_tag?post=8301"}],"curies":[{"name":"wp","href":"https:\/\/api.w.org\/{rel}","templated":true}]}}