{"id":855,"date":"2022-08-18T23:28:50","date_gmt":"2022-08-18T21:28:50","guid":{"rendered":"https:\/\/www.lechemindetraverse.com\/produit\/non%20class\u00e9\/harry-potter-set-10-bougies-anniversaire-logo-harry-potter\/"},"modified":"2026-03-29T20:47:59","modified_gmt":"2026-03-29T18:47:59","slug":"set-10-bougies-anniversaire-harry-potter","status":"publish","type":"product","link":"https:\/\/www.lechemindetraverse.com\/en\/product\/boiling-cauldron\/cuisine-magique\/set-10-bougies-anniversaire-harry-potter\/","title":{"rendered":"Set de 10 bougies d&rsquo;Anniversaire Poudlard &#8211; Cin\u00e9replicas"},"content":{"rendered":"<p>C\u00e9l\u00e9brer un bel anniversaire Harry Potter pour petits et grands ! Ce set inclut 5 diff\u00e9rents designs : 2 bougies Gryffondor, 2 bougies Poufsouffle, 2 bougies Serdaigle, 2 bougies Serpentard, 2 bougies Harry Potter.<\/p><p>Drapeaux et cups vendus s\u00e9par\u00e9ment.<\/p><ul class=\"wp-block-list\"><li>100% cire<\/li><li><span style=\"color: initial\">Hauteur 7 cm<\/span><\/li><li>Diam\u00e8tre de logo 2 cm<\/li><li>Produit sous licence officielle Harry Potter<\/li><\/ul>","protected":false},"excerpt":{"rendered":"<p>10 bougies au total : 2 bougies par maison et 2 Harry Potter A partir de 3 ans<\/p>","protected":false},"featured_media":1866,"comment_status":"open","ping_status":"closed","template":"","meta":{"_seopress_robots_primary_cat":"none","_seopress_titles_title":"%%post_title%% %%sep%% %%sitetitle%%","_seopress_titles_desc":"10 bougies parfaites pour toutes vos c\u00e9l\u00e9brations au th\u00e8me Harry Potter ! Ce set inclut 5 diff\u00e9rents designs. 2 bougies par maison et 2 Harry Potter.","_seopress_robots_index":""},"product_brand":[85],"product_cat":[104],"product_tag":[66],"class_list":{"0":"post-855","1":"product","2":"type-product","3":"status-publish","4":"has-post-thumbnail","6":"product_brand-cinereplicas","7":"product_cat-cuisine-magique","8":"product_tag-poudlard","10":"first","11":"instock","12":"sale","13":"purchasable","14":"product-type-simple"},"_links":{"self":[{"href":"https:\/\/www.lechemindetraverse.com\/en\/wp-json\/wp\/v2\/product\/855","targetHints":{"allow":["GET"]}}],"collection":[{"href":"https:\/\/www.lechemindetraverse.com\/en\/wp-json\/wp\/v2\/product"}],"about":[{"href":"https:\/\/www.lechemindetraverse.com\/en\/wp-json\/wp\/v2\/types\/product"}],"replies":[{"embeddable":true,"href":"https:\/\/www.lechemindetraverse.com\/en\/wp-json\/wp\/v2\/comments?post=855"}],"wp:featuredmedia":[{"embeddable":true,"href":"https:\/\/www.lechemindetraverse.com\/en\/wp-json\/wp\/v2\/media\/1866"}],"wp:attachment":[{"href":"https:\/\/www.lechemindetraverse.com\/en\/wp-json\/wp\/v2\/media?parent=855"}],"wp:term":[{"taxonomy":"product_brand","embeddable":true,"href":"https:\/\/www.lechemindetraverse.com\/en\/wp-json\/wp\/v2\/product_brand?post=855"},{"taxonomy":"product_cat","embeddable":true,"href":"https:\/\/www.lechemindetraverse.com\/en\/wp-json\/wp\/v2\/product_cat?post=855"},{"taxonomy":"product_tag","embeddable":true,"href":"https:\/\/www.lechemindetraverse.com\/en\/wp-json\/wp\/v2\/product_tag?post=855"}],"curies":[{"name":"wp","href":"https:\/\/api.w.org\/{rel}","templated":true}]}}