{"id":8687,"date":"2025-07-20T18:31:04","date_gmt":"2025-07-20T16:31:04","guid":{"rendered":"https:\/\/www.lechemindetraverse.com\/?post_type=product&#038;p=8687"},"modified":"2025-07-20T18:42:06","modified_gmt":"2025-07-20T16:42:06","slug":"badge-poufsouffle-minalima","status":"publish","type":"product","link":"https:\/\/www.lechemindetraverse.com\/en\/product\/mrs-guipure\/pins-badges-harry-potter\/badge-poufsouffle-minalima\/","title":{"rendered":"Badge Poufsouffle &#8211; Minalima"},"content":{"rendered":"<p>C\u00e9l\u00e9brez votre fiert\u00e9 pour la maison Poufsouffle avec ces badges m\u00e9talliques repr\u00e9sentant l&rsquo;\u00e9cusson de la maison Poufsouffle.<\/p><p>Vous avez le choix entre deux mod\u00e8les :<\/p><h2 class=\"wp-block-heading\">Petit &#8211; Mod\u00e8le \u00e9cusson 1930<\/h2><p>Badge m\u00e9tallique repr\u00e9sentant le motif de la maison Poufsouffle des ann\u00e9es 1930. Dot\u00e9 d&rsquo;une \u00e9pingle \u00e0 nourrice permettant de l&rsquo;attacher aux v\u00eatements et aux sacs, ce badge est inspir\u00e9 de l&rsquo;accessoire graphique authentique con\u00e7u par MinaLima pour le film \u00ab\u00a0Les b\u00eates fantastiques : Les secrets de Dumbledore\u00a0\u00bb.<\/p><h3 class=\"wp-block-heading\">Caract\u00e9ristiques<\/h3><ul class=\"wp-block-list\"><li>Badge m\u00e9tallique<\/li>\n\n<li>Fermeture \u00e0 \u00e9pingle<\/li>\n\n<li>Dimensions : 25 mm de diam\u00e8tre<\/li>\n\n<li>Existe pour les autres Maisons de Poudlard<\/li><\/ul><h2 class=\"wp-block-heading\">Grand &#8211; Mod\u00e8le \u00e9cusson classique<\/h2><p>Dot\u00e9 d&rsquo;une \u00e9pingle \u00e0 nourrice permettant de l&rsquo;attacher aux v\u00eatements et aux sacs, ce badge s&rsquo;inspire de l&rsquo;accessoire graphique authentique con\u00e7u par MinaLima pour la s\u00e9rie de films \u00ab\u00a0Harry Potter\u00a0\u00bb.<\/p><h3 class=\"wp-block-heading\">Caract\u00e9ristiques<\/h3><ul class=\"wp-block-list\"><li>Badge m\u00e9tallique<\/li>\n\n<li>Fermeture \u00e0 \u00e9pingle<\/li>\n\n<li>Dimensions : 38 mm de diam\u00e8tre<\/li>\n\n<li>Existe pour les autres Maisons de Poudlard<\/li><\/ul>","protected":false},"excerpt":{"rendered":"<p>Badge m\u00e9tallique avec \u00e9pingle de l&rsquo;\u00e9cusson de Poufsouffle Au choix :<\/p>\n<ul>\n<li>Petit badge (25mm) : \u00e9cusson des films les Animaux Fantastiques<\/li>\n<li>Grand badge (38mm) : \u00e9cusson des films Harry Potter<\/li>\n<\/ul>","protected":false},"featured_media":8690,"comment_status":"closed","ping_status":"closed","template":"","meta":{"_seopress_robots_primary_cat":"none","_seopress_titles_title":"%%post_title%% %%sep%% %%sitetitle%%","_seopress_titles_desc":"Badge m\u00e9tallique avec \u00e9pingle de l'\u00e9cusson de Poufsouffle. Au choix : petit badge (25mm) : \u00e9cusson des films les Animaux Fantastiques ou grand badge (38mm) : \u00e9cusson des films Harry Potter.","_seopress_robots_index":""},"product_brand":[124],"product_cat":[99],"product_tag":[52],"class_list":{"0":"post-8687","1":"product","2":"type-product","3":"status-publish","4":"has-post-thumbnail","6":"product_brand-minalima","7":"product_cat-pins-badges-harry-potter","8":"product_tag-poufsouffle","10":"first","11":"instock","12":"shipping-taxable","13":"purchasable","14":"product-type-variable"},"_links":{"self":[{"href":"https:\/\/www.lechemindetraverse.com\/en\/wp-json\/wp\/v2\/product\/8687","targetHints":{"allow":["GET"]}}],"collection":[{"href":"https:\/\/www.lechemindetraverse.com\/en\/wp-json\/wp\/v2\/product"}],"about":[{"href":"https:\/\/www.lechemindetraverse.com\/en\/wp-json\/wp\/v2\/types\/product"}],"replies":[{"embeddable":true,"href":"https:\/\/www.lechemindetraverse.com\/en\/wp-json\/wp\/v2\/comments?post=8687"}],"wp:featuredmedia":[{"embeddable":true,"href":"https:\/\/www.lechemindetraverse.com\/en\/wp-json\/wp\/v2\/media\/8690"}],"wp:attachment":[{"href":"https:\/\/www.lechemindetraverse.com\/en\/wp-json\/wp\/v2\/media?parent=8687"}],"wp:term":[{"taxonomy":"product_brand","embeddable":true,"href":"https:\/\/www.lechemindetraverse.com\/en\/wp-json\/wp\/v2\/product_brand?post=8687"},{"taxonomy":"product_cat","embeddable":true,"href":"https:\/\/www.lechemindetraverse.com\/en\/wp-json\/wp\/v2\/product_cat?post=8687"},{"taxonomy":"product_tag","embeddable":true,"href":"https:\/\/www.lechemindetraverse.com\/en\/wp-json\/wp\/v2\/product_tag?post=8687"}],"curies":[{"name":"wp","href":"https:\/\/api.w.org\/{rel}","templated":true}]}}