{"id":8723,"date":"2025-07-20T19:44:12","date_gmt":"2025-07-20T17:44:12","guid":{"rendered":"https:\/\/www.lechemindetraverse.com\/?post_type=product&#038;p=8723"},"modified":"2025-10-20T19:58:48","modified_gmt":"2025-10-20T17:58:48","slug":"badge-a-epingle-tapisserie-famille-black-minalima","status":"publish","type":"product","link":"https:\/\/www.lechemindetraverse.com\/en\/product\/mrs-guipure\/pins-badges-harry-potter\/badge-a-epingle-tapisserie-famille-black-minalima\/","title":{"rendered":"Badge \u00e0 Epingle &#8211; Tapisserie Famille Black &#8211; Minalima"},"content":{"rendered":"<p>Affichez votre all\u00e9geance \u00e0 la noble maison des Black avec ces badges \u00e0 \u00e9pingle repr\u00e9sentant diff\u00e9rents membres de la tapisserie de la famille Black. Dot\u00e9 d&rsquo;une \u00e9pingle \u00e0 nourrice permettant de l&rsquo;attacher aux v\u00eatements et aux sacs, ce badge s&rsquo;inspire de l&rsquo;accessoire graphique authentique con\u00e7u par MinaLima pour le film \u00ab\u00a0Harry Potter et l&rsquo;Ordre du Ph\u00e9nix\u00a0\u00bb.<\/p><h3 class=\"wp-block-heading\">Caract\u00e9ristiques<\/h3><ul class=\"wp-block-list\"><li>Badge m\u00e9tallique<\/li>\n\n<li>Fermeture \u00e0 \u00e9pingle<\/li>\n\n<li>Dimensions : 38 mm de diam\u00e8tre<\/li>\n\n<li>Trois designs au choix : Sirius Black, Bellatrix Lestrange, Drago Malfoy<\/li><\/ul>","protected":false},"excerpt":{"rendered":"<p>Badge \u00e0 \u00e9pingle m\u00e9tallis\u00e9, illustrations tir\u00e9es de la tapisserie de la Famille des Black<\/p>\n<p>Trois designs au choix : Sirius Black, Bellatrix Lestrange, Drago Malfoy<\/p>","protected":false},"featured_media":8726,"comment_status":"closed","ping_status":"closed","template":"","meta":{"_seopress_robots_primary_cat":"","_seopress_titles_title":"%%post_title%% %%sep%% %%sitetitle%%","_seopress_titles_desc":"Badge \u00e0 \u00e9pingle m\u00e9tallis\u00e9, illustrations tir\u00e9es de la tapisserie de la Famille des Black. Trois designs au choix : Sirius Black, Bellatrix Lestrange, Drago Malfoy.","_seopress_robots_index":""},"product_brand":[124],"product_cat":[99],"product_tag":[],"class_list":{"0":"post-8723","1":"product","2":"type-product","3":"status-publish","4":"has-post-thumbnail","6":"product_brand-minalima","7":"product_cat-pins-badges-harry-potter","9":"first","10":"instock","11":"shipping-taxable","12":"purchasable","13":"product-type-variable"},"_links":{"self":[{"href":"https:\/\/www.lechemindetraverse.com\/en\/wp-json\/wp\/v2\/product\/8723","targetHints":{"allow":["GET"]}}],"collection":[{"href":"https:\/\/www.lechemindetraverse.com\/en\/wp-json\/wp\/v2\/product"}],"about":[{"href":"https:\/\/www.lechemindetraverse.com\/en\/wp-json\/wp\/v2\/types\/product"}],"replies":[{"embeddable":true,"href":"https:\/\/www.lechemindetraverse.com\/en\/wp-json\/wp\/v2\/comments?post=8723"}],"wp:featuredmedia":[{"embeddable":true,"href":"https:\/\/www.lechemindetraverse.com\/en\/wp-json\/wp\/v2\/media\/8726"}],"wp:attachment":[{"href":"https:\/\/www.lechemindetraverse.com\/en\/wp-json\/wp\/v2\/media?parent=8723"}],"wp:term":[{"taxonomy":"product_brand","embeddable":true,"href":"https:\/\/www.lechemindetraverse.com\/en\/wp-json\/wp\/v2\/product_brand?post=8723"},{"taxonomy":"product_cat","embeddable":true,"href":"https:\/\/www.lechemindetraverse.com\/en\/wp-json\/wp\/v2\/product_cat?post=8723"},{"taxonomy":"product_tag","embeddable":true,"href":"https:\/\/www.lechemindetraverse.com\/en\/wp-json\/wp\/v2\/product_tag?post=8723"}],"curies":[{"name":"wp","href":"https:\/\/api.w.org\/{rel}","templated":true}]}}