{"id":8742,"date":"2025-07-20T20:09:47","date_gmt":"2025-07-20T18:09:47","guid":{"rendered":"https:\/\/www.lechemindetraverse.com\/?post_type=product&#038;p=8742"},"modified":"2025-07-20T20:09:49","modified_gmt":"2025-07-20T18:09:49","slug":"badge-carte-du-maraudeur-minalima","status":"publish","type":"product","link":"https:\/\/www.lechemindetraverse.com\/en\/product\/mrs-guipure\/pins-badges-harry-potter\/badge-carte-du-maraudeur-minalima\/","title":{"rendered":"Badge Carte du Maraudeur &#8211; Minalima"},"content":{"rendered":"<p>Jurez solennellement que vous ne pr\u00e9parez rien de bon avec ce badge \u00e0 \u00e9pingle repr\u00e9sentant la carte du Maraudeur. Dot\u00e9 d&rsquo;une \u00e9pingle \u00e0 nourrice permettant de l&rsquo;attacher aux v\u00eatements et aux sacs, ce badge s&rsquo;inspire de l&rsquo;accessoire graphique authentique con\u00e7u par MinaLima pour le film \u00ab\u00a0Harry Potter et le Prisonnier d&rsquo;Azkaban\u00a0\u00bb.<\/p><h3 class=\"wp-block-heading\">Caract\u00e9ristiques<\/h3><ul class=\"wp-block-list\"><li>Dimensions : 38 mm de diam\u00e8tre<\/li>\n\n<li>Badge m\u00e9tallique<\/li>\n\n<li>Fermeture \u00e0 \u00e9pingle<\/li><\/ul>","protected":false},"excerpt":{"rendered":"<p>Badge \u00e0 \u00e9pingle m\u00e9tallis\u00e9, illustration tir\u00e9e de la Carte du Maraudeur<\/p>","protected":false},"featured_media":8748,"comment_status":"closed","ping_status":"closed","template":"","meta":{"_seopress_robots_primary_cat":"","_seopress_titles_title":"%%post_title%% %%sep%% %%sitetitle%%","_seopress_titles_desc":"Badge \u00e0 \u00e9pingle m\u00e9tallis\u00e9, illustration tir\u00e9e de la Carte du Maraudeur","_seopress_robots_index":""},"product_brand":[124],"product_cat":[99],"product_tag":[70],"class_list":{"0":"post-8742","1":"product","2":"type-product","3":"status-publish","4":"has-post-thumbnail","6":"product_brand-minalima","7":"product_cat-pins-badges-harry-potter","8":"product_tag-maraudeurs","10":"first","11":"instock","12":"shipping-taxable","13":"purchasable","14":"product-type-simple"},"_links":{"self":[{"href":"https:\/\/www.lechemindetraverse.com\/en\/wp-json\/wp\/v2\/product\/8742","targetHints":{"allow":["GET"]}}],"collection":[{"href":"https:\/\/www.lechemindetraverse.com\/en\/wp-json\/wp\/v2\/product"}],"about":[{"href":"https:\/\/www.lechemindetraverse.com\/en\/wp-json\/wp\/v2\/types\/product"}],"replies":[{"embeddable":true,"href":"https:\/\/www.lechemindetraverse.com\/en\/wp-json\/wp\/v2\/comments?post=8742"}],"wp:featuredmedia":[{"embeddable":true,"href":"https:\/\/www.lechemindetraverse.com\/en\/wp-json\/wp\/v2\/media\/8748"}],"wp:attachment":[{"href":"https:\/\/www.lechemindetraverse.com\/en\/wp-json\/wp\/v2\/media?parent=8742"}],"wp:term":[{"taxonomy":"product_brand","embeddable":true,"href":"https:\/\/www.lechemindetraverse.com\/en\/wp-json\/wp\/v2\/product_brand?post=8742"},{"taxonomy":"product_cat","embeddable":true,"href":"https:\/\/www.lechemindetraverse.com\/en\/wp-json\/wp\/v2\/product_cat?post=8742"},{"taxonomy":"product_tag","embeddable":true,"href":"https:\/\/www.lechemindetraverse.com\/en\/wp-json\/wp\/v2\/product_tag?post=8742"}],"curies":[{"name":"wp","href":"https:\/\/api.w.org\/{rel}","templated":true}]}}