{"id":8778,"date":"2025-07-21T11:02:04","date_gmt":"2025-07-21T09:02:04","guid":{"rendered":"https:\/\/www.lechemindetraverse.com\/?post_type=product&#038;p=8778"},"modified":"2025-07-21T11:03:04","modified_gmt":"2025-07-21T09:03:04","slug":"journal-ligne-cahier-dexercices-serdaigle-minalima","status":"publish","type":"product","link":"https:\/\/www.lechemindetraverse.com\/en\/product\/papeterie\/carnets-et-journaux\/journal-ligne-cahier-dexercices-serdaigle-minalima\/","title":{"rendered":"Journal Lign\u00e9 &#8211; Cahier d&rsquo;Exercices Serdaigle &#8211; Minalima"},"content":{"rendered":"<p>Carnet de collection \u00e0 couverture rigide reprenant le design du cahier d&rsquo;exercices des Serdaigle dans les films Les Animaux Fantastiques.<\/p><ul class=\"wp-block-list\"><li>Taille du journal &#8211; 25,5 x 17,5 x 1,4 cm<\/li>\n\n<li>128 pages lign\u00e9es<\/li>\n\n<li>D\u00e9clin\u00e9 pour chaque Maison de Poudlard<\/li><\/ul><p>Ce beau journal de collection, dont le design s&rsquo;inspire de vrais cahiers des ann\u00e9es 1930, comprend des pages lign\u00e9es, \u00e0 vous de le remplir de notes de cours d&rsquo;histoire, vos secrets et sortil\u00e8ges en d\u00e9veloppement&#8230;<\/p>","protected":false},"excerpt":{"rendered":"<p>Reproduction d&rsquo;un cahier d&rsquo;exercices d&rsquo;\u00e9l\u00e8ve de Serdaigle dans les films Les Animaux Fantastiques.<\/p>\n<p>Journal \u00e0 couverture cartonn\u00e9e, pages lign\u00e9es.<\/p>\n<p>128 pages<\/p>","protected":false},"featured_media":8779,"comment_status":"open","ping_status":"closed","template":"","meta":{"_seopress_robots_primary_cat":"none","_seopress_titles_title":"%%post_title%% %%sep%% %%sitetitle%%","_seopress_titles_desc":"Reproduction d'un cahier d'exercices d'\u00e9l\u00e8ve de Serdaigle dans les films Les Animaux Fantastiques. Journal \u00e0 couverture cartonn\u00e9e, pages lign\u00e9es. 128 pages.","_seopress_robots_index":""},"product_brand":[124],"product_cat":[176],"product_tag":[51],"class_list":{"0":"post-8778","1":"product","2":"type-product","3":"status-publish","4":"has-post-thumbnail","6":"product_brand-minalima","7":"product_cat-carnets-et-journaux","8":"product_tag-serdaigle","10":"first","11":"instock","12":"shipping-taxable","13":"purchasable","14":"product-type-simple"},"_links":{"self":[{"href":"https:\/\/www.lechemindetraverse.com\/en\/wp-json\/wp\/v2\/product\/8778","targetHints":{"allow":["GET"]}}],"collection":[{"href":"https:\/\/www.lechemindetraverse.com\/en\/wp-json\/wp\/v2\/product"}],"about":[{"href":"https:\/\/www.lechemindetraverse.com\/en\/wp-json\/wp\/v2\/types\/product"}],"replies":[{"embeddable":true,"href":"https:\/\/www.lechemindetraverse.com\/en\/wp-json\/wp\/v2\/comments?post=8778"}],"wp:featuredmedia":[{"embeddable":true,"href":"https:\/\/www.lechemindetraverse.com\/en\/wp-json\/wp\/v2\/media\/8779"}],"wp:attachment":[{"href":"https:\/\/www.lechemindetraverse.com\/en\/wp-json\/wp\/v2\/media?parent=8778"}],"wp:term":[{"taxonomy":"product_brand","embeddable":true,"href":"https:\/\/www.lechemindetraverse.com\/en\/wp-json\/wp\/v2\/product_brand?post=8778"},{"taxonomy":"product_cat","embeddable":true,"href":"https:\/\/www.lechemindetraverse.com\/en\/wp-json\/wp\/v2\/product_cat?post=8778"},{"taxonomy":"product_tag","embeddable":true,"href":"https:\/\/www.lechemindetraverse.com\/en\/wp-json\/wp\/v2\/product_tag?post=8778"}],"curies":[{"name":"wp","href":"https:\/\/api.w.org\/{rel}","templated":true}]}}