{"id":8821,"date":"2025-07-24T19:03:39","date_gmt":"2025-07-24T17:03:39","guid":{"rendered":"https:\/\/www.lechemindetraverse.com\/?post_type=product&#038;p=8821"},"modified":"2025-07-24T19:03:39","modified_gmt":"2025-07-24T17:03:39","slug":"boite-ronde-harry-potter-en-ceramique-chocogrenouille-half-moon-bay","status":"publish","type":"product","link":"https:\/\/www.lechemindetraverse.com\/en\/product\/boiling-cauldron\/decoration-harry-potter\/boite-ronde-harry-potter-en-ceramique-chocogrenouille-half-moon-bay\/","title":{"rendered":"Boite Ronde Harry Potter en C\u00e9ramique \u2013 Chocogrenouille \u2013 Half Moon Bay"},"content":{"rendered":"<p>Cette jolie petite bo\u00eete ronde en c\u00e9ramique vous permet de garder pr\u00e9cieusement un bijou, un tr\u00e9sor, un souvenir\u2026 Vous pourrez \u00e9galement l\u2019utiliser \u00e0 table comme pot \u00e0 sauce, mais attention elle ne se lave qu\u2019\u00e0 la main.<\/p>\n<p>Ce mod\u00e8le est d\u00e9clin\u00e9 en plusieurs variantes. Celle-ci s&rsquo;inspire d&rsquo;une bo\u00eete de chocogrenouille, la c\u00e9l\u00e8bre friandise chocolat\u00e9e, la pr\u00e9f\u00e9r\u00e9e de Harry Potter :<\/p>\n<p>Sa petite taille permet de se placer dans n\u2019importe quelle collection. Parfaite \u00e9galement en petit cadeau !<\/p>\n<ul class=\"wp-block-list\">\n<li>Mati\u00e8re : c\u00e9ramique (dolomite).<\/li>\n<li>Capacit\u00e9 : 35 ml.<\/li>\n<li>Dimensions externes : 6 x 4 cm.<\/li>\n<li>Diam\u00e8tre interne : 5 cm.<\/li>\n<li>Lavage \u00e0 la main uniquement, avec un chiffon doux.<\/li>\n<li>Produit Harry Potter sous licence officielle de Half Moon Bay.<\/li>\n<\/ul>","protected":false},"excerpt":{"rendered":"<p>Petite boite \u00e0 bijou, \u00e0 souvenir\u2026<\/p>\n<p>5 cm de diam\u00e8tre interne.<\/p>\n<p>Dimensions : 6 x 6 x 4 cm.<\/p>","protected":false},"featured_media":8853,"comment_status":"closed","ping_status":"closed","template":"","meta":{"_seopress_robots_primary_cat":"","_seopress_titles_title":"","_seopress_titles_desc":"","_seopress_robots_index":""},"product_brand":[153],"product_cat":[105],"product_tag":[57],"class_list":{"0":"post-8821","1":"product","2":"type-product","3":"status-publish","4":"has-post-thumbnail","6":"product_brand-half-moon-bay","7":"product_cat-decoration-harry-potter","8":"product_tag-chocogrenouille","10":"first","11":"instock","12":"shipping-taxable","13":"purchasable","14":"product-type-simple"},"_links":{"self":[{"href":"https:\/\/www.lechemindetraverse.com\/en\/wp-json\/wp\/v2\/product\/8821","targetHints":{"allow":["GET"]}}],"collection":[{"href":"https:\/\/www.lechemindetraverse.com\/en\/wp-json\/wp\/v2\/product"}],"about":[{"href":"https:\/\/www.lechemindetraverse.com\/en\/wp-json\/wp\/v2\/types\/product"}],"replies":[{"embeddable":true,"href":"https:\/\/www.lechemindetraverse.com\/en\/wp-json\/wp\/v2\/comments?post=8821"}],"wp:featuredmedia":[{"embeddable":true,"href":"https:\/\/www.lechemindetraverse.com\/en\/wp-json\/wp\/v2\/media\/8853"}],"wp:attachment":[{"href":"https:\/\/www.lechemindetraverse.com\/en\/wp-json\/wp\/v2\/media?parent=8821"}],"wp:term":[{"taxonomy":"product_brand","embeddable":true,"href":"https:\/\/www.lechemindetraverse.com\/en\/wp-json\/wp\/v2\/product_brand?post=8821"},{"taxonomy":"product_cat","embeddable":true,"href":"https:\/\/www.lechemindetraverse.com\/en\/wp-json\/wp\/v2\/product_cat?post=8821"},{"taxonomy":"product_tag","embeddable":true,"href":"https:\/\/www.lechemindetraverse.com\/en\/wp-json\/wp\/v2\/product_tag?post=8821"}],"curies":[{"name":"wp","href":"https:\/\/api.w.org\/{rel}","templated":true}]}}