{"id":889,"date":"2022-08-18T23:28:53","date_gmt":"2022-08-18T21:28:53","guid":{"rendered":"https:\/\/www.lechemindetraverse.com\/produit\/non%20class\u00e9\/stylo-baguette-hermione-granger-harry-potter\/"},"modified":"2026-03-31T22:31:41","modified_gmt":"2026-03-31T20:31:41","slug":"stylo-baguette-hermione-granger-harry-potter","status":"publish","type":"product","link":"https:\/\/www.lechemindetraverse.com\/en\/product\/papeterie\/crayons-et-stylos\/stylo-baguette-hermione-granger-harry-potter\/","title":{"rendered":"Stylo Baguette Hermione Granger &#8211; Cin\u00e9replicas"},"content":{"rendered":"<p>Ce stylo baguette magique est non seulement une reproduction authentique de la baguette d&rsquo;Hermione dans les films Harry Potter, mais aussi un stylo ! Id\u00e9al pour les cosplays comme la vie d&rsquo;\u00e9tudiant \u00e0 Poudlard.<\/p><p>Enchantez vos \u00e9crits avec la baguette d&rsquo;Hermione Granger !<\/p><p>Reproduction authentique de la baguette magique d&rsquo;Hermione dans les films Harry Potter. Une fois le capuchon retir\u00e9, la baguette se transforme en stylo !<\/p><h3 class=\"wp-block-heading\">Caract\u00e9ristiques<\/h3><ul class=\"wp-block-list\"><li>Officially licensed Harry Potter product.<\/li>\n\n<li>Longueur : 37,5 cm.<\/li>\n\n<li>Composition : Baguette : ABS, Manche : PVC<\/li><\/ul>","protected":false},"excerpt":{"rendered":"<p>Enchantez vos \u00e9crits avec la baguette d&rsquo;Hermione Granger ! Encre bleue. Longueur\u00a0 : 37,5 cm Mati\u00e8re : Baguette: ABS \/ Poign\u00e9e: PVC<\/p>","protected":false},"featured_media":4745,"comment_status":"open","ping_status":"closed","template":"","meta":{"_seopress_robots_primary_cat":"190","_seopress_titles_title":"%%post_title%% %%sep%% %%sitetitle%%","_seopress_titles_desc":"Enchantez vos \u00e9crits avec la baguette d'Hermione Granger qui est aussi un stylo ! R\u00e9plique officielle par Cin\u00e9replicas. Le Chemin de Traverse est revendeur agr\u00e9\u00e9 de la marque Cin\u00e9replicas.","_seopress_robots_index":""},"product_brand":[85],"product_cat":[190,102],"product_tag":[63],"class_list":{"0":"post-889","1":"product","2":"type-product","3":"status-publish","4":"has-post-thumbnail","6":"product_brand-cinereplicas","7":"product_cat-crayons-et-stylos","8":"product_cat-baguettes-personnages-harry-potter","9":"product_tag-hermione-granger","11":"first","12":"instock","13":"purchasable","14":"product-type-simple"},"_links":{"self":[{"href":"https:\/\/www.lechemindetraverse.com\/en\/wp-json\/wp\/v2\/product\/889","targetHints":{"allow":["GET"]}}],"collection":[{"href":"https:\/\/www.lechemindetraverse.com\/en\/wp-json\/wp\/v2\/product"}],"about":[{"href":"https:\/\/www.lechemindetraverse.com\/en\/wp-json\/wp\/v2\/types\/product"}],"replies":[{"embeddable":true,"href":"https:\/\/www.lechemindetraverse.com\/en\/wp-json\/wp\/v2\/comments?post=889"}],"wp:featuredmedia":[{"embeddable":true,"href":"https:\/\/www.lechemindetraverse.com\/en\/wp-json\/wp\/v2\/media\/4745"}],"wp:attachment":[{"href":"https:\/\/www.lechemindetraverse.com\/en\/wp-json\/wp\/v2\/media?parent=889"}],"wp:term":[{"taxonomy":"product_brand","embeddable":true,"href":"https:\/\/www.lechemindetraverse.com\/en\/wp-json\/wp\/v2\/product_brand?post=889"},{"taxonomy":"product_cat","embeddable":true,"href":"https:\/\/www.lechemindetraverse.com\/en\/wp-json\/wp\/v2\/product_cat?post=889"},{"taxonomy":"product_tag","embeddable":true,"href":"https:\/\/www.lechemindetraverse.com\/en\/wp-json\/wp\/v2\/product_tag?post=889"}],"curies":[{"name":"wp","href":"https:\/\/api.w.org\/{rel}","templated":true}]}}