{"id":8892,"date":"2025-07-24T20:00:50","date_gmt":"2025-07-24T18:00:50","guid":{"rendered":"https:\/\/www.lechemindetraverse.com\/?post_type=product&#038;p=8892"},"modified":"2025-07-24T20:04:06","modified_gmt":"2025-07-24T18:04:06","slug":"pins-venin-de-basilic-mist-magic","status":"publish","type":"product","link":"https:\/\/www.lechemindetraverse.com\/en\/product\/mrs-guipure\/pins-badges-harry-potter\/pins-venin-de-basilic-mist-magic\/","title":{"rendered":"Pins Venin de Basilic &#8211; Mist &amp; Magic"},"content":{"rendered":"<p>Joli pins en m\u00e9tal \u00e9maill\u00e9 repr\u00e9sentant un flacon de venin de Basilic, avec une dent de serpent attach\u00e9e au goulot&#8230;<\/p><p>Ce pin\u2019s en \u00e9mail dur et m\u00e9tal est d\u2019une taille approximative de 40mm et vient avec une double attache papillon dans le dos.<\/p><p>Design Mist &amp; Magic, Angleterre.<\/p>","protected":false},"excerpt":{"rendered":"<p>Pin en m\u00e9tal \u00e9maill\u00e9 repr\u00e9sentant un flacon de venin de basilic, avec un croc attach\u00e9 au goulot&#8230;<\/p>","protected":false},"featured_media":8894,"comment_status":"open","ping_status":"closed","template":"","meta":{"_seopress_robots_primary_cat":"none","_seopress_titles_title":"%%post_title%% %%sep%% %%sitetitle%%","_seopress_titles_desc":"Pin en m\u00e9tal \u00e9maill\u00e9 repr\u00e9sentant un flacon de venin de basilic, avec un croc de serpent attach\u00e9 au goulot...","_seopress_robots_index":""},"product_brand":[171],"product_cat":[99],"product_tag":[59],"class_list":{"0":"post-8892","1":"product","2":"type-product","3":"status-publish","4":"has-post-thumbnail","6":"product_brand-mist-and-magic","7":"product_cat-pins-badges-harry-potter","8":"product_tag-potions","10":"first","11":"instock","12":"shipping-taxable","13":"purchasable","14":"product-type-simple"},"_links":{"self":[{"href":"https:\/\/www.lechemindetraverse.com\/en\/wp-json\/wp\/v2\/product\/8892","targetHints":{"allow":["GET"]}}],"collection":[{"href":"https:\/\/www.lechemindetraverse.com\/en\/wp-json\/wp\/v2\/product"}],"about":[{"href":"https:\/\/www.lechemindetraverse.com\/en\/wp-json\/wp\/v2\/types\/product"}],"replies":[{"embeddable":true,"href":"https:\/\/www.lechemindetraverse.com\/en\/wp-json\/wp\/v2\/comments?post=8892"}],"wp:featuredmedia":[{"embeddable":true,"href":"https:\/\/www.lechemindetraverse.com\/en\/wp-json\/wp\/v2\/media\/8894"}],"wp:attachment":[{"href":"https:\/\/www.lechemindetraverse.com\/en\/wp-json\/wp\/v2\/media?parent=8892"}],"wp:term":[{"taxonomy":"product_brand","embeddable":true,"href":"https:\/\/www.lechemindetraverse.com\/en\/wp-json\/wp\/v2\/product_brand?post=8892"},{"taxonomy":"product_cat","embeddable":true,"href":"https:\/\/www.lechemindetraverse.com\/en\/wp-json\/wp\/v2\/product_cat?post=8892"},{"taxonomy":"product_tag","embeddable":true,"href":"https:\/\/www.lechemindetraverse.com\/en\/wp-json\/wp\/v2\/product_tag?post=8892"}],"curies":[{"name":"wp","href":"https:\/\/api.w.org\/{rel}","templated":true}]}}