{"id":9047,"date":"2025-08-27T23:48:39","date_gmt":"2025-08-27T21:48:39","guid":{"rendered":"https:\/\/www.lechemindetraverse.com\/?post_type=product&#038;p=9047"},"modified":"2025-10-18T23:26:56","modified_gmt":"2025-10-18T21:26:56","slug":"echarpe-deleve-de-poudlard-alivans","status":"publish","type":"product","link":"https:\/\/www.lechemindetraverse.com\/en\/product\/mrs-guipure\/echarpes\/echarpe-deleve-de-poudlard-alivans\/","title":{"rendered":"Echarpe d\u2019El\u00e8ve de Poudlard \u2013 Alivans"},"content":{"rendered":"<p>Comme tous les produits Alivans, leurs \u00e9charpes sont de la plus haute qualit\u00e9 et sont fabriqu\u00e9es dans un tissu acrylique tr\u00e8s serr\u00e9\u2026 ce qui rend cette \u00e9charpe parfaite, que vous la portiez pour rester au chaud ou comme accessoire vraiment amusant. Vous serez tr\u00e8s impressionn\u00e9 par la qualit\u00e9 de cette \u00e9charpe ultra douce\u2026 alors n&rsquo;oubliez pas de faire savoir \u00e0 tout le monde dans quelle maison vous \u00eates !<\/p><p>La taille est de 152 cm en longueur et 25 cm en largeur. Taille unique, conviendra aussi bien aux enfants qu&rsquo;aux adultes. Unisexe.<\/p><p>Lavable en machine \u00e0 l&rsquo;eau ti\u00e8de ou froide &#8211; cycle d\u00e9licat. S\u00e9chage en machine possible \u00e0 temp\u00e9rature moyenne.<\/p><p>*Ce produit n&rsquo;est pas sous licence Warner Bros.\/Harry Potter.<\/p>","protected":false},"excerpt":{"rendered":"<p>Echarpe aux couleurs des Maisons de Poudlard.<\/p>\n<p>Taille adulte, mod\u00e8le unisexe.<\/p>\n<p>Choisissez votre Maison :<\/p>","protected":false},"featured_media":9050,"comment_status":"closed","ping_status":"closed","template":"","meta":{"_seopress_robots_primary_cat":"none","_seopress_titles_title":"%%post_title%% %%sep%% %%sitetitle%%","_seopress_titles_desc":"Echarpe aux couleurs des Maisons de Poudlard. Taille adulte, mod\u00e8le unisexe. Choisissez votre Maison.","_seopress_robots_index":""},"product_brand":[207],"product_cat":[98],"product_tag":[54,52,51,53],"class_list":{"0":"post-9047","1":"product","2":"type-product","3":"status-publish","4":"has-post-thumbnail","6":"product_brand-alivans","7":"product_cat-echarpes","8":"product_tag-gryffondor","9":"product_tag-poufsouffle","10":"product_tag-serdaigle","11":"product_tag-serpentard","13":"first","14":"instock","15":"shipping-taxable","16":"purchasable","17":"product-type-variable"},"_links":{"self":[{"href":"https:\/\/www.lechemindetraverse.com\/en\/wp-json\/wp\/v2\/product\/9047","targetHints":{"allow":["GET"]}}],"collection":[{"href":"https:\/\/www.lechemindetraverse.com\/en\/wp-json\/wp\/v2\/product"}],"about":[{"href":"https:\/\/www.lechemindetraverse.com\/en\/wp-json\/wp\/v2\/types\/product"}],"replies":[{"embeddable":true,"href":"https:\/\/www.lechemindetraverse.com\/en\/wp-json\/wp\/v2\/comments?post=9047"}],"wp:featuredmedia":[{"embeddable":true,"href":"https:\/\/www.lechemindetraverse.com\/en\/wp-json\/wp\/v2\/media\/9050"}],"wp:attachment":[{"href":"https:\/\/www.lechemindetraverse.com\/en\/wp-json\/wp\/v2\/media?parent=9047"}],"wp:term":[{"taxonomy":"product_brand","embeddable":true,"href":"https:\/\/www.lechemindetraverse.com\/en\/wp-json\/wp\/v2\/product_brand?post=9047"},{"taxonomy":"product_cat","embeddable":true,"href":"https:\/\/www.lechemindetraverse.com\/en\/wp-json\/wp\/v2\/product_cat?post=9047"},{"taxonomy":"product_tag","embeddable":true,"href":"https:\/\/www.lechemindetraverse.com\/en\/wp-json\/wp\/v2\/product_tag?post=9047"}],"curies":[{"name":"wp","href":"https:\/\/api.w.org\/{rel}","templated":true}]}}