{"id":9092,"date":"2025-08-29T13:17:49","date_gmt":"2025-08-29T11:17:49","guid":{"rendered":"https:\/\/www.lechemindetraverse.com\/?post_type=product&#038;p=9092"},"modified":"2025-08-29T13:17:51","modified_gmt":"2025-08-29T11:17:51","slug":"baguette-magique-en-bois-de-sequoia-alivans","status":"publish","type":"product","link":"https:\/\/www.lechemindetraverse.com\/en\/product\/baguettes-magiques-ollivander\/baguettes-magiques-originales\/baguette-magique-en-bois-de-sequoia-alivans\/","title":{"rendered":"Baguette Magique en Bois de S\u00e9quoia &#8211; Alivans"},"content":{"rendered":"<p>Le s\u00e9quoia est connu pour \u00eatre extr\u00eamement utile pour les sorts de protection ainsi que pour aider \u00e0 se concentrer et \u00e0 se discipliner. L&rsquo;utilisateur de cette baguette trouvera une s\u00e9r\u00e9nit\u00e9 totale dans les situations les plus chaotiques.<\/p><p>Remarque : il s&rsquo;agit d&rsquo;une version l\u00e9g\u00e8rement r\u00e9duite de leur baguette en s\u00e9quoia originale. Le tournage est affin\u00e9 pour atteindre des dimensions beaucoup plus fines. Elle reste toutefois de taille tout \u00e0 fait standard, et conviendra aussi bien aux jeunes qu&rsquo;aux moins jeunes sorcier.e.s.<\/p><p>Qu&rsquo;est-ce qui est inclus avec votre baguette ? \u00a0Votre baguette d&rsquo;Alivan est livr\u00e9e avec un \u00e9tui en velours doubl\u00e9 de satin (brod\u00e9 de l&rsquo;\u00e9cusson dor\u00e9 d&rsquo;Alivan).<\/p><p>Bois : S\u00e9quoia<br>Longueur : 35,5 cm environ<\/p>","protected":false},"excerpt":{"rendered":"<p>Baguette magique en bois de s\u00e9quoia, fabriqu\u00e9e aux Etats-Unis.<\/p>\n<p>35,5 cm environ.<\/p>\n<p>Livr\u00e9e en pochette velours brod\u00e9e.<\/p>","protected":false},"featured_media":9095,"comment_status":"closed","ping_status":"closed","template":"","meta":{"_seopress_robots_primary_cat":"","_seopress_titles_title":"%%post_title%% %%sep%% %%sitetitle%%","_seopress_titles_desc":"Baguette magique en bois de s\u00e9quoia, fabriqu\u00e9e aux Etats-Unis. 35,5 cm environ. Livr\u00e9e en pochette velours brod\u00e9e.","_seopress_robots_index":""},"product_brand":[207],"product_cat":[103],"product_tag":[],"class_list":{"0":"post-9092","1":"product","2":"type-product","3":"status-publish","4":"has-post-thumbnail","6":"product_brand-alivans","7":"product_cat-baguettes-magiques-originales","9":"first","10":"instock","11":"shipping-taxable","12":"purchasable","13":"product-type-simple"},"_links":{"self":[{"href":"https:\/\/www.lechemindetraverse.com\/en\/wp-json\/wp\/v2\/product\/9092","targetHints":{"allow":["GET"]}}],"collection":[{"href":"https:\/\/www.lechemindetraverse.com\/en\/wp-json\/wp\/v2\/product"}],"about":[{"href":"https:\/\/www.lechemindetraverse.com\/en\/wp-json\/wp\/v2\/types\/product"}],"replies":[{"embeddable":true,"href":"https:\/\/www.lechemindetraverse.com\/en\/wp-json\/wp\/v2\/comments?post=9092"}],"wp:featuredmedia":[{"embeddable":true,"href":"https:\/\/www.lechemindetraverse.com\/en\/wp-json\/wp\/v2\/media\/9095"}],"wp:attachment":[{"href":"https:\/\/www.lechemindetraverse.com\/en\/wp-json\/wp\/v2\/media?parent=9092"}],"wp:term":[{"taxonomy":"product_brand","embeddable":true,"href":"https:\/\/www.lechemindetraverse.com\/en\/wp-json\/wp\/v2\/product_brand?post=9092"},{"taxonomy":"product_cat","embeddable":true,"href":"https:\/\/www.lechemindetraverse.com\/en\/wp-json\/wp\/v2\/product_cat?post=9092"},{"taxonomy":"product_tag","embeddable":true,"href":"https:\/\/www.lechemindetraverse.com\/en\/wp-json\/wp\/v2\/product_tag?post=9092"}],"curies":[{"name":"wp","href":"https:\/\/api.w.org\/{rel}","templated":true}]}}