{"id":9143,"date":"2025-09-03T10:48:40","date_gmt":"2025-09-03T08:48:40","guid":{"rendered":"https:\/\/www.lechemindetraverse.com\/?post_type=product&#038;p=9143"},"modified":"2026-02-20T12:31:24","modified_gmt":"2026-02-20T11:31:24","slug":"livre-harry-potter-et-la-coupe-de-feu-edition-de-2001-gallimard","status":"publish","type":"product","link":"https:\/\/www.lechemindetraverse.com\/en\/product\/librairie-fleury-et-bott\/romans-harry-potter\/livre-harry-potter-et-la-coupe-de-feu-edition-de-2001-gallimard\/","title":{"rendered":"Livre Harry Potter et la Coupe de Feu &#8211; Edition de 2001 &#8211; Gallimard"},"content":{"rendered":"<p>Premi\u00e8re version fran\u00e7aise du livre Harry Potter et la Coupe de Feu. Le quatri\u00e8me tome de la saga, dans sa premi\u00e8re \u00e9dition en grand format ! Il est ici dans sa 2\u00e8me impression, qui reste une publication tr\u00e8s tr\u00e8s proche de l&rsquo;originale. La premi\u00e8re impression \u00e9tait en novembre 2001, ce livre date de d\u00e9cembre 2001.<\/p><p>Livre d&rsquo;occasion, publi\u00e9 par Gallimard en France.<\/p><p>Compl\u00e9tez votre collection Harry Potter et votre biblioth\u00e8que magique avec les \u00e9ditions originales !<\/p><h4 class=\"wp-block-heading\">Caract\u00e9ristiques :<\/h4><ul class=\"wp-block-list\"><li>Edition de 2001 (premi\u00e8re \u00e9dition).<\/li>\n\n<li>2\u00e8me impression<\/li>\n\n<li>652 pages<\/li>\n\n<li>Ann\u00e9e de publication : 2001<br>ISBN : 2-07-054358-7<\/li>\n\n<li>Couverture souple (paperback \/ softcover)<\/li>\n\n<li>Etat : Bon \u00e9tat g\u00e9n\u00e9ral (voir photos compl\u00e9mentaires), coins un peu corn\u00e9s, quelques l\u00e9gers plis sur le dos et sur la premi\u00e8re de couverture, le lettrage en relief est encore tr\u00e8s beau( bien dor\u00e9 et bien blanc).<\/li>\n\n<li>Le livre que vous voyez en photos est bien le livre que vous recevrez. j&rsquo;essaye de d\u00e9crire son \u00e9tat du mieux que je peux, mais l&rsquo;erreur est humaine, j&rsquo;ai pu oublier un d\u00e9tail. Ne manquez pas de me pr\u00e9venir le cas \u00e9ch\u00e9ant ! Les autres accessoires pr\u00e9sent\u00e9s sont vendus s\u00e9par\u00e9ment.<\/li><\/ul>","protected":false},"excerpt":{"rendered":"<p>Livre Harry Potter et la Coupe de Feu de premi\u00e8re \u00e9dition<\/p>\n<p>Edition de l&rsquo;an 2001, 2\u00e8me impression.<\/p>\n<p>Etat d&rsquo;usage, voir d\u00e9tails ci-dessous.<\/p>\n<p>ISBN 2-07-054358-7<\/p>","protected":false},"featured_media":9144,"comment_status":"open","ping_status":"closed","template":"","meta":{"_seopress_robots_primary_cat":"none","_seopress_titles_title":"%%post_title%% %%sep%% %%sitetitle%%","_seopress_titles_desc":"Livre Harry Potter et la Coupe de Feu de premi\u00e8re \u00e9dition, \u00e9dition de l'an 2001, 2\u00e8me impression. Etat d'usage, voir d\u00e9tails ci-dessous. ISBN 2-07-054358-7.","_seopress_robots_index":""},"product_brand":[],"product_cat":[173],"product_tag":[],"class_list":{"0":"post-9143","1":"product","2":"type-product","3":"status-publish","4":"has-post-thumbnail","6":"product_cat-romans-harry-potter","8":"first","9":"outofstock","10":"shipping-taxable","11":"purchasable","12":"product-type-simple"},"_links":{"self":[{"href":"https:\/\/www.lechemindetraverse.com\/en\/wp-json\/wp\/v2\/product\/9143","targetHints":{"allow":["GET"]}}],"collection":[{"href":"https:\/\/www.lechemindetraverse.com\/en\/wp-json\/wp\/v2\/product"}],"about":[{"href":"https:\/\/www.lechemindetraverse.com\/en\/wp-json\/wp\/v2\/types\/product"}],"replies":[{"embeddable":true,"href":"https:\/\/www.lechemindetraverse.com\/en\/wp-json\/wp\/v2\/comments?post=9143"}],"wp:featuredmedia":[{"embeddable":true,"href":"https:\/\/www.lechemindetraverse.com\/en\/wp-json\/wp\/v2\/media\/9144"}],"wp:attachment":[{"href":"https:\/\/www.lechemindetraverse.com\/en\/wp-json\/wp\/v2\/media?parent=9143"}],"wp:term":[{"taxonomy":"product_brand","embeddable":true,"href":"https:\/\/www.lechemindetraverse.com\/en\/wp-json\/wp\/v2\/product_brand?post=9143"},{"taxonomy":"product_cat","embeddable":true,"href":"https:\/\/www.lechemindetraverse.com\/en\/wp-json\/wp\/v2\/product_cat?post=9143"},{"taxonomy":"product_tag","embeddable":true,"href":"https:\/\/www.lechemindetraverse.com\/en\/wp-json\/wp\/v2\/product_tag?post=9143"}],"curies":[{"name":"wp","href":"https:\/\/api.w.org\/{rel}","templated":true}]}}