{"id":9221,"date":"2025-09-13T16:09:06","date_gmt":"2025-09-13T14:09:06","guid":{"rendered":"https:\/\/www.lechemindetraverse.com\/?post_type=product&#038;p=9221"},"modified":"2026-03-06T20:23:07","modified_gmt":"2026-03-06T19:23:07","slug":"fil-dentaire-apres-bonbons-wizarding-trunk","status":"publish","type":"product","link":"https:\/\/www.lechemindetraverse.com\/en\/product\/boiling-cauldron\/cuisine-magique\/fil-dentaire-apres-bonbons-wizarding-trunk\/","title":{"rendered":"Fil Dentaire Apr\u00e8s Bonbons &#8211; Wizarding Trunk"},"content":{"rendered":"<p>Fil dentaire \u00e0 la menthe poivr\u00e9e, id\u00e9al pour se nettoyer les dents apr\u00e8s une d\u00e9gustation de bonbons chez Honeydukes.<\/p>","protected":false},"excerpt":{"rendered":"<p>Fil dentaire \u00e0 la menthe poivr\u00e9e, id\u00e9al pour se nettoyer les dents apr\u00e8s une d\u00e9gustation de bonbons chez Honeydukes.<\/p>","protected":false},"featured_media":9224,"comment_status":"closed","ping_status":"closed","template":"","meta":{"_seopress_robots_primary_cat":"","_seopress_titles_title":"%%post_title%% %%sep%% %%sitetitle%%","_seopress_titles_desc":"Fil dentaire \u00e0 la menthe poivr\u00e9e, id\u00e9al pour se nettoyer les dents apr\u00e8s une d\u00e9gustation de bonbons chez Honeydukes.","_seopress_robots_index":""},"product_brand":[139],"product_cat":[104],"product_tag":[65],"class_list":{"0":"post-9221","1":"product","2":"type-product","3":"status-publish","4":"has-post-thumbnail","6":"product_brand-the-wizarding-trunk","7":"product_cat-cuisine-magique","8":"product_tag-honeydukes","10":"first","11":"outofstock","12":"shipping-taxable","13":"purchasable","14":"product-type-simple"},"_links":{"self":[{"href":"https:\/\/www.lechemindetraverse.com\/en\/wp-json\/wp\/v2\/product\/9221","targetHints":{"allow":["GET"]}}],"collection":[{"href":"https:\/\/www.lechemindetraverse.com\/en\/wp-json\/wp\/v2\/product"}],"about":[{"href":"https:\/\/www.lechemindetraverse.com\/en\/wp-json\/wp\/v2\/types\/product"}],"replies":[{"embeddable":true,"href":"https:\/\/www.lechemindetraverse.com\/en\/wp-json\/wp\/v2\/comments?post=9221"}],"wp:featuredmedia":[{"embeddable":true,"href":"https:\/\/www.lechemindetraverse.com\/en\/wp-json\/wp\/v2\/media\/9224"}],"wp:attachment":[{"href":"https:\/\/www.lechemindetraverse.com\/en\/wp-json\/wp\/v2\/media?parent=9221"}],"wp:term":[{"taxonomy":"product_brand","embeddable":true,"href":"https:\/\/www.lechemindetraverse.com\/en\/wp-json\/wp\/v2\/product_brand?post=9221"},{"taxonomy":"product_cat","embeddable":true,"href":"https:\/\/www.lechemindetraverse.com\/en\/wp-json\/wp\/v2\/product_cat?post=9221"},{"taxonomy":"product_tag","embeddable":true,"href":"https:\/\/www.lechemindetraverse.com\/en\/wp-json\/wp\/v2\/product_tag?post=9221"}],"curies":[{"name":"wp","href":"https:\/\/api.w.org\/{rel}","templated":true}]}}