{"id":9241,"date":"2025-09-13T16:34:33","date_gmt":"2025-09-13T14:34:33","guid":{"rendered":"https:\/\/www.lechemindetraverse.com\/?post_type=product&#038;p=9241"},"modified":"2026-04-17T17:47:03","modified_gmt":"2026-04-17T15:47:03","slug":"pins-de-la-boutique-de-bonbons-the-wizarding-trunk","status":"publish","type":"product","link":"https:\/\/www.lechemindetraverse.com\/en\/product\/mrs-guipure\/pins-badges-harry-potter\/pins-de-la-boutique-de-bonbons-the-wizarding-trunk\/","title":{"rendered":"Pin&rsquo;s de la Boutique de Bonbons &#8211; The Wizarding Trunk"},"content":{"rendered":"<p>Pin&rsquo;s repr\u00e9sentant la devanture d&rsquo;une boutique de bonbons magiques.<\/p><p>Pins en m\u00e9tal \u00e9maill\u00e9 r\u00e9alis\u00e9 par The Wizarding Trunk.<\/p><ul class=\"wp-block-list\"><li>Dimensions : 6 x 4 cm environ.<\/li>\n\n<li>Deux accroches au dos.<\/li>\n\n<li>Pin\u2019s Harry Potter non officiel, mais cool.<\/li><\/ul><p>Ce pins fait partie d&rsquo;une s\u00e9rie \u00ab\u00a0Village Sorcier\u00a0\u00bb, collectionnez les tous et accrochez les \u00e0 la toile d\u00e9di\u00e9e pour les exposer fi\u00e8rement ! Toile vendue s\u00e9par\u00e9ment.<\/p>","protected":false},"excerpt":{"rendered":"<p>Pin&rsquo;s a deux broches en m\u00e9tal \u00e9maill\u00e9<\/p>","protected":false},"featured_media":9242,"comment_status":"open","ping_status":"closed","template":"","meta":{"_seopress_robots_primary_cat":"none","_seopress_titles_title":"%%post_title%% %%sep%% %%sitetitle%%","_seopress_titles_desc":"Pin's a deux broches en m\u00e9tal \u00e9maill\u00e9, repr\u00e9sentant une boutique de bonbons magiques de l'univers sorcier.","_seopress_robots_index":""},"product_brand":[139],"product_cat":[99],"product_tag":[],"class_list":{"0":"post-9241","1":"product","2":"type-product","3":"status-publish","4":"has-post-thumbnail","6":"product_brand-the-wizarding-trunk","7":"product_cat-pins-badges-harry-potter","9":"first","10":"outofstock","11":"shipping-taxable","12":"purchasable","13":"product-type-simple"},"_links":{"self":[{"href":"https:\/\/www.lechemindetraverse.com\/en\/wp-json\/wp\/v2\/product\/9241","targetHints":{"allow":["GET"]}}],"collection":[{"href":"https:\/\/www.lechemindetraverse.com\/en\/wp-json\/wp\/v2\/product"}],"about":[{"href":"https:\/\/www.lechemindetraverse.com\/en\/wp-json\/wp\/v2\/types\/product"}],"replies":[{"embeddable":true,"href":"https:\/\/www.lechemindetraverse.com\/en\/wp-json\/wp\/v2\/comments?post=9241"}],"wp:featuredmedia":[{"embeddable":true,"href":"https:\/\/www.lechemindetraverse.com\/en\/wp-json\/wp\/v2\/media\/9242"}],"wp:attachment":[{"href":"https:\/\/www.lechemindetraverse.com\/en\/wp-json\/wp\/v2\/media?parent=9241"}],"wp:term":[{"taxonomy":"product_brand","embeddable":true,"href":"https:\/\/www.lechemindetraverse.com\/en\/wp-json\/wp\/v2\/product_brand?post=9241"},{"taxonomy":"product_cat","embeddable":true,"href":"https:\/\/www.lechemindetraverse.com\/en\/wp-json\/wp\/v2\/product_cat?post=9241"},{"taxonomy":"product_tag","embeddable":true,"href":"https:\/\/www.lechemindetraverse.com\/en\/wp-json\/wp\/v2\/product_tag?post=9241"}],"curies":[{"name":"wp","href":"https:\/\/api.w.org\/{rel}","templated":true}]}}