{"id":9304,"date":"2025-09-26T22:18:47","date_gmt":"2025-09-26T20:18:47","guid":{"rendered":"https:\/\/www.lechemindetraverse.com\/?post_type=product&#038;p=9304"},"modified":"2026-03-21T15:19:57","modified_gmt":"2026-03-21T14:19:57","slug":"support-a-couvert-chocogrenouille-harry-potter-by-sunart","status":"publish","type":"product","link":"https:\/\/www.lechemindetraverse.com\/en\/product\/boiling-cauldron\/cuisine-magique\/support-a-couvert-chocogrenouille-harry-potter-by-sunart\/","title":{"rendered":"Support \u00e0 Couvert Chocogrenouille &#8211; Harry Potter by SunArt"},"content":{"rendered":"<p>Cet \u00e9tonnant et mignon petit repose cuill\u00e8re vous servira \u00e0 \u00e9viter que votre cuiller ou couteau ne touche la surface de la table, du plan de travail ou d&rsquo;une nappe.<\/p><p>Cette jolie chocogrenouille en porcelaine pourra aussi \u00eatre un ajout parfait pour une collection Honeydukes ou Chocogrenouilles ! Elle est tellement mignonne que l&rsquo;on peut la mettre partout, elle va avec tout.<\/p><h3 class=\"wp-block-heading\">Caract\u00e9ristiques<\/h3><ul class=\"wp-block-list\"><li>Mati\u00e8re : Porcelaine.<\/li>\n\n<li>Dimensions : 5 x 4 x 2,5 cm.<\/li>\n\n<li>Accessoires pr\u00e9sent\u00e9s non inclus.<\/li><\/ul>","protected":false},"excerpt":{"rendered":"<p>Repose-couvert en porcelaine en forme de chocogrenouille<\/p>\n<p>Ajoutez des chocogrenouilles toutes mignonnes et r\u00e9alistes \u00e0 votre collection !<\/p>","protected":false},"featured_media":9306,"comment_status":"closed","ping_status":"closed","template":"","meta":{"_seopress_robots_primary_cat":"none","_seopress_titles_title":"%%post_title%% %%sep%% %%sitetitle%%","_seopress_titles_desc":"Repose-couvert en porcelaine en forme de chocogrenouille. Ajoutez des chocogrenouilles toutes mignonnes et r\u00e9alistes \u00e0 votre collection !","_seopress_robots_index":""},"product_brand":[158],"product_cat":[104],"product_tag":[57],"class_list":{"0":"post-9304","1":"product","2":"type-product","3":"status-publish","4":"has-post-thumbnail","6":"product_brand-sunart","7":"product_cat-cuisine-magique","8":"product_tag-chocogrenouille","10":"first","11":"instock","12":"shipping-taxable","13":"purchasable","14":"product-type-simple"},"_links":{"self":[{"href":"https:\/\/www.lechemindetraverse.com\/en\/wp-json\/wp\/v2\/product\/9304","targetHints":{"allow":["GET"]}}],"collection":[{"href":"https:\/\/www.lechemindetraverse.com\/en\/wp-json\/wp\/v2\/product"}],"about":[{"href":"https:\/\/www.lechemindetraverse.com\/en\/wp-json\/wp\/v2\/types\/product"}],"replies":[{"embeddable":true,"href":"https:\/\/www.lechemindetraverse.com\/en\/wp-json\/wp\/v2\/comments?post=9304"}],"wp:featuredmedia":[{"embeddable":true,"href":"https:\/\/www.lechemindetraverse.com\/en\/wp-json\/wp\/v2\/media\/9306"}],"wp:attachment":[{"href":"https:\/\/www.lechemindetraverse.com\/en\/wp-json\/wp\/v2\/media?parent=9304"}],"wp:term":[{"taxonomy":"product_brand","embeddable":true,"href":"https:\/\/www.lechemindetraverse.com\/en\/wp-json\/wp\/v2\/product_brand?post=9304"},{"taxonomy":"product_cat","embeddable":true,"href":"https:\/\/www.lechemindetraverse.com\/en\/wp-json\/wp\/v2\/product_cat?post=9304"},{"taxonomy":"product_tag","embeddable":true,"href":"https:\/\/www.lechemindetraverse.com\/en\/wp-json\/wp\/v2\/product_tag?post=9304"}],"curies":[{"name":"wp","href":"https:\/\/api.w.org\/{rel}","templated":true}]}}