{"id":9361,"date":"2025-10-09T23:36:36","date_gmt":"2025-10-09T21:36:36","guid":{"rendered":"https:\/\/www.lechemindetraverse.com\/?post_type=product&#038;p=9361"},"modified":"2025-12-02T12:18:03","modified_gmt":"2025-12-02T11:18:03","slug":"pins-coulissant-vif-dor-the-carat-shop","status":"publish","type":"product","link":"https:\/\/www.lechemindetraverse.com\/en\/product\/mrs-guipure\/pins-badges-harry-potter\/pins-coulissant-vif-dor-the-carat-shop\/","title":{"rendered":"Pin&rsquo;s Coulissant Vif D&rsquo;Or &#8211; The Carat Shop"},"content":{"rendered":"<p>Lib\u00e9rez vos talents de sorcier avec ce pin&rsquo;s Quidditch Harry Potter sous licence officielle !<\/p><p>Son design dynamique comprend des cerceaux et un Vif d&rsquo;or coulissant, parfait pour \u00eatre port\u00e9 sur des v\u00eatements ou des accessoires.<\/p><p>Convient \u00e0 tous les \u00e2ges \u00e0 partir de 14 ans.<\/p>","protected":false},"excerpt":{"rendered":"<p>Le vif d&rsquo;or de ce pins coulisse, comme s&rsquo;il voletait devant les anneaux d&rsquo;or d&rsquo;un terrain de Quidditch&#8230;<\/p>","protected":false},"featured_media":9364,"comment_status":"closed","ping_status":"closed","template":"","meta":{"_seopress_robots_primary_cat":"","_seopress_titles_title":"%%post_title%% %%sep%% %%sitetitle%%","_seopress_titles_desc":"Le vif d'or de ce pins coulisse, comme s'il voletait devant les anneaux d'or d'un terrain de Quidditch...","_seopress_robots_index":""},"product_brand":[121],"product_cat":[99],"product_tag":[87],"class_list":{"0":"post-9361","1":"product","2":"type-product","3":"status-publish","4":"has-post-thumbnail","6":"product_brand-the-carat-shop","7":"product_cat-pins-badges-harry-potter","8":"product_tag-quidditch","10":"first","11":"instock","12":"shipping-taxable","13":"purchasable","14":"product-type-simple"},"_links":{"self":[{"href":"https:\/\/www.lechemindetraverse.com\/en\/wp-json\/wp\/v2\/product\/9361","targetHints":{"allow":["GET"]}}],"collection":[{"href":"https:\/\/www.lechemindetraverse.com\/en\/wp-json\/wp\/v2\/product"}],"about":[{"href":"https:\/\/www.lechemindetraverse.com\/en\/wp-json\/wp\/v2\/types\/product"}],"replies":[{"embeddable":true,"href":"https:\/\/www.lechemindetraverse.com\/en\/wp-json\/wp\/v2\/comments?post=9361"}],"wp:featuredmedia":[{"embeddable":true,"href":"https:\/\/www.lechemindetraverse.com\/en\/wp-json\/wp\/v2\/media\/9364"}],"wp:attachment":[{"href":"https:\/\/www.lechemindetraverse.com\/en\/wp-json\/wp\/v2\/media?parent=9361"}],"wp:term":[{"taxonomy":"product_brand","embeddable":true,"href":"https:\/\/www.lechemindetraverse.com\/en\/wp-json\/wp\/v2\/product_brand?post=9361"},{"taxonomy":"product_cat","embeddable":true,"href":"https:\/\/www.lechemindetraverse.com\/en\/wp-json\/wp\/v2\/product_cat?post=9361"},{"taxonomy":"product_tag","embeddable":true,"href":"https:\/\/www.lechemindetraverse.com\/en\/wp-json\/wp\/v2\/product_tag?post=9361"}],"curies":[{"name":"wp","href":"https:\/\/api.w.org\/{rel}","templated":true}]}}