{"id":9397,"date":"2025-10-10T17:45:29","date_gmt":"2025-10-10T15:45:29","guid":{"rendered":"https:\/\/www.lechemindetraverse.com\/?post_type=product&#038;p=9397"},"modified":"2025-10-10T17:50:03","modified_gmt":"2025-10-10T15:50:03","slug":"coffret-cadeau-luna-lovegood-collier-et-boucles-doreilles-the-carat-shop","status":"publish","type":"product","link":"https:\/\/www.lechemindetraverse.com\/en\/product\/mrs-guipure\/bijoux-harry-potter\/coffret-cadeau-luna-lovegood-collier-et-boucles-doreilles-the-carat-shop\/","title":{"rendered":"Coffret cadeau Luna Lovegood &#8211; collier et boucles d&rsquo;oreilles &#8211; The Carat Shop"},"content":{"rendered":"<p>Une bo\u00eete cadeau fantaisiste de Luna Lovegood contenant un collier bouchon en li\u00e8ge de Bi\u00e8raubeurre, connu pour repousser les Nargols, et des boucles d&rsquo;oreilles radis qui rappellent les prunes dirigeables. Cet ensemble de bijoux en perles est tout aussi original et ludique que Luna.<\/p><p>Les boucles d&rsquo;oreilles ne contiennent ni nickel, ni cadmium, ni zinc. La cha\u00eene du collier mesure 40 cm et dispose d&rsquo;une rallonge de 5 cm. Les boucles d&rsquo;oreilles mesurent 4,5 cm.<\/p><p>Issu d&rsquo;une collection de bijoux sous licence officielle pour les 14 ans et plus.<\/p><p>D\u00e9couvrez d&rsquo;autres coffrets cadeaux \u00e0 collectionner dans cette incroyable collection de coffrets souvenirs.<\/p>","protected":false},"excerpt":{"rendered":"<p>Petit coffret cadeau Luna Lovegood contenant un collier bouchon et une paire de boucles d&rsquo;oreilles radis.<\/p>\n<p>Parfait pour un petit cadeau Harry Potter qui fait une grande impression !<\/p>","protected":false},"featured_media":9398,"comment_status":"closed","ping_status":"closed","template":"","meta":{"_seopress_robots_primary_cat":"none","_seopress_titles_title":"%%post_title%% %%sep%% %%sitetitle%%","_seopress_titles_desc":"Petit coffret cadeau Luna Lovegood contenant un collier bouchon et une paire de boucles d'oreilles radis. Parfait pour un petit cadeau Harry Potter qui fait une grande impression !","_seopress_robots_index":""},"product_brand":[121],"product_cat":[110],"product_tag":[113],"class_list":{"0":"post-9397","1":"product","2":"type-product","3":"status-publish","4":"has-post-thumbnail","6":"product_brand-the-carat-shop","7":"product_cat-bijoux-harry-potter","8":"product_tag-luna-lovegood","10":"first","11":"instock","12":"shipping-taxable","13":"purchasable","14":"product-type-simple"},"_links":{"self":[{"href":"https:\/\/www.lechemindetraverse.com\/en\/wp-json\/wp\/v2\/product\/9397","targetHints":{"allow":["GET"]}}],"collection":[{"href":"https:\/\/www.lechemindetraverse.com\/en\/wp-json\/wp\/v2\/product"}],"about":[{"href":"https:\/\/www.lechemindetraverse.com\/en\/wp-json\/wp\/v2\/types\/product"}],"replies":[{"embeddable":true,"href":"https:\/\/www.lechemindetraverse.com\/en\/wp-json\/wp\/v2\/comments?post=9397"}],"wp:featuredmedia":[{"embeddable":true,"href":"https:\/\/www.lechemindetraverse.com\/en\/wp-json\/wp\/v2\/media\/9398"}],"wp:attachment":[{"href":"https:\/\/www.lechemindetraverse.com\/en\/wp-json\/wp\/v2\/media?parent=9397"}],"wp:term":[{"taxonomy":"product_brand","embeddable":true,"href":"https:\/\/www.lechemindetraverse.com\/en\/wp-json\/wp\/v2\/product_brand?post=9397"},{"taxonomy":"product_cat","embeddable":true,"href":"https:\/\/www.lechemindetraverse.com\/en\/wp-json\/wp\/v2\/product_cat?post=9397"},{"taxonomy":"product_tag","embeddable":true,"href":"https:\/\/www.lechemindetraverse.com\/en\/wp-json\/wp\/v2\/product_tag?post=9397"}],"curies":[{"name":"wp","href":"https:\/\/api.w.org\/{rel}","templated":true}]}}