{"id":9405,"date":"2025-10-12T20:46:38","date_gmt":"2025-10-12T18:46:38","guid":{"rendered":"https:\/\/www.lechemindetraverse.com\/?post_type=product&#038;p=9405"},"modified":"2025-10-12T22:34:32","modified_gmt":"2025-10-12T20:34:32","slug":"bougie-parfumee-beladone-something-different","status":"publish","type":"product","link":"https:\/\/www.lechemindetraverse.com\/en\/product\/apothecary\/bougies-parfumees\/bougie-parfumee-beladone-something-different\/","title":{"rendered":"Bougie Parfum\u00e9e Belladone &#8211; Something Different"},"content":{"rendered":"<p>Apportez une touche lumineuse envo\u00fbtante \u00e0 votre int\u00e9rieur avec cette bougie en tube de verre orn\u00e9e d&rsquo;un motif de belladone. Id\u00e9ale pour cr\u00e9er une ambiance particuli\u00e8re, elle constitue un excellent cadeau pour ceux qui adorent les d\u00e9corations uniques et d&rsquo;inspiration gothique.<\/p><p>\u00a0<\/p><ul class=\"wp-block-list\"><li>Dur\u00e9e de combustion approximative : 70 heures.<\/li> <li>Dimensions : 21 cm X 5,5 cm X 5,5 cm<\/li><\/ul><p>\u00a0<\/p><p>Con\u00e7ue par Something Different, elle fait partie de la collection Venom and Vines d&rsquo;accessoires et de d\u00e9corations d&rsquo;int\u00e9rieur gothiques.<\/p>","protected":false},"excerpt":{"rendered":"<p>70 heures de combustion, parfum belladone. Rassurez-vous, le parfum de cette bougie n&rsquo;est pas empoisonn\u00e9.<\/p>","protected":false},"featured_media":9408,"comment_status":"closed","ping_status":"closed","template":"","meta":{"_seopress_robots_primary_cat":"","_seopress_titles_title":"%%post_title%% %%sep%% %%sitetitle%%","_seopress_titles_desc":"70 heures de combustion, parfum beladone.","_seopress_robots_index":""},"product_brand":[126],"product_cat":[167],"product_tag":[],"class_list":{"0":"post-9405","1":"product","2":"type-product","3":"status-publish","4":"has-post-thumbnail","6":"product_brand-something-different","7":"product_cat-bougies-parfumees","9":"first","10":"instock","11":"shipping-taxable","12":"purchasable","13":"product-type-simple"},"_links":{"self":[{"href":"https:\/\/www.lechemindetraverse.com\/en\/wp-json\/wp\/v2\/product\/9405","targetHints":{"allow":["GET"]}}],"collection":[{"href":"https:\/\/www.lechemindetraverse.com\/en\/wp-json\/wp\/v2\/product"}],"about":[{"href":"https:\/\/www.lechemindetraverse.com\/en\/wp-json\/wp\/v2\/types\/product"}],"replies":[{"embeddable":true,"href":"https:\/\/www.lechemindetraverse.com\/en\/wp-json\/wp\/v2\/comments?post=9405"}],"wp:featuredmedia":[{"embeddable":true,"href":"https:\/\/www.lechemindetraverse.com\/en\/wp-json\/wp\/v2\/media\/9408"}],"wp:attachment":[{"href":"https:\/\/www.lechemindetraverse.com\/en\/wp-json\/wp\/v2\/media?parent=9405"}],"wp:term":[{"taxonomy":"product_brand","embeddable":true,"href":"https:\/\/www.lechemindetraverse.com\/en\/wp-json\/wp\/v2\/product_brand?post=9405"},{"taxonomy":"product_cat","embeddable":true,"href":"https:\/\/www.lechemindetraverse.com\/en\/wp-json\/wp\/v2\/product_cat?post=9405"},{"taxonomy":"product_tag","embeddable":true,"href":"https:\/\/www.lechemindetraverse.com\/en\/wp-json\/wp\/v2\/product_tag?post=9405"}],"curies":[{"name":"wp","href":"https:\/\/api.w.org\/{rel}","templated":true}]}}